{"id":41668,"date":"2022-03-14T10:03:30","date_gmt":"2022-03-14T10:03:30","guid":{"rendered":"https:\/\/www.headshop.nl\/?post_type=product&#038;p=41668"},"modified":"2025-05-23T09:46:48","modified_gmt":"2025-05-23T09:46:48","slug":"elements-artesano-with-tips-and-tray","status":"publish","type":"product","link":"https:\/\/www.headshop.nl\/pt\/elements-artesano-with-tips-and-tray\/","title":{"rendered":"Elements Artesano com Tips e Tabuleiro"},"content":{"rendered":"<h2>Elements Rolling Papers<\/h2>\n<p>Com milhares de anos de experi\u00eancia, a humanidade consegue fabricar papel de quase todos os materiais. Os artigos para fumar Elements pegam nesta experi\u00eancia humana e aplicam-na no fabrico do seu papel de enrolar de qualidade. \u00c9 por isso que os seus pap\u00e9is de enrolar de origem biol\u00f3gica t\u00eam tantos f\u00e3s em todo o mundo! Experimente, temos a certeza que vai gostar.<\/p>","protected":false},"excerpt":{"rendered":"<p>Trata-se de um pr\u00e1tico pacote de pequenos pap\u00e9is de enrolar, acompanhados de algumas pontas e de um tabuleiro dobr\u00e1vel onde pode misturar a erva e o tabaco. Por outras palavras, \u00e9 tudo o que precisas para enrolar um \"spliff\" ou um pequeno charro em qualquer lugar. Abre o pacote, mistura o teu material no tabuleiro, faz uma ponta e enrola-o. Vais estar a fumar este charro num instante!<\/p>","protected":false},"featured_media":45104,"template":"","meta":[],"product_brand":[],"product_cat":[421,297,414,447],"product_tag":[],"class_list":{"0":"post-41668","1":"product","2":"type-product","3":"status-publish","4":"has-post-thumbnail","6":"product_cat-rolling-papers","7":"product_cat-all-products","8":"product_cat-headshop","9":"product_cat-papers-with-tips","10":"product_shipping_class-creditcard-on","12":"first","13":"instock","14":"taxable","15":"shipping-taxable","16":"purchasable","17":"product-type-variable","18":"has-default-attributes"},"_links":{"self":[{"href":"https:\/\/www.headshop.nl\/pt\/wp-json\/wp\/v2\/product\/41668","targetHints":{"allow":["GET"]}}],"collection":[{"href":"https:\/\/www.headshop.nl\/pt\/wp-json\/wp\/v2\/product"}],"about":[{"href":"https:\/\/www.headshop.nl\/pt\/wp-json\/wp\/v2\/types\/product"}],"wp:featuredmedia":[{"embeddable":true,"href":"https:\/\/www.headshop.nl\/pt\/wp-json\/wp\/v2\/media\/45104"}],"wp:attachment":[{"href":"https:\/\/www.headshop.nl\/pt\/wp-json\/wp\/v2\/media?parent=41668"}],"wp:term":[{"taxonomy":"product_brand","embeddable":true,"href":"https:\/\/www.headshop.nl\/pt\/wp-json\/wp\/v2\/product_brand?post=41668"},{"taxonomy":"product_cat","embeddable":true,"href":"https:\/\/www.headshop.nl\/pt\/wp-json\/wp\/v2\/product_cat?post=41668"},{"taxonomy":"product_tag","embeddable":true,"href":"https:\/\/www.headshop.nl\/pt\/wp-json\/wp\/v2\/product_tag?post=41668"}],"curies":[{"name":"wp","href":"https:\/\/api.w.org\/{rel}","templated":true}]}}