{"id":41665,"date":"2022-03-14T10:03:29","date_gmt":"2022-03-14T10:03:29","guid":{"rendered":"https:\/\/www.headshop.nl\/?post_type=product&#038;p=41665"},"modified":"2025-05-23T09:46:55","modified_gmt":"2025-05-23T09:46:55","slug":"elements-king-size-thin","status":"publish","type":"product","link":"https:\/\/www.headshop.nl\/pt\/elements-king-size-thin\/","title":{"rendered":"Elements King Size Fino"},"content":{"rendered":"<h2>Elements Fino Rolling Papers<\/h2>\n<p>Com milhares de anos de experi\u00eancia, a humanidade consegue fabricar papel de quase todos os materiais. Os artigos para fumar Elements pegam nesta experi\u00eancia humana e aplicam-na no fabrico do seu papel de enrolar de qualidade. \u00c9 por isso que os seus pap\u00e9is de enrolar de origem biol\u00f3gica t\u00eam tantos f\u00e3s em todo o mundo! Experimente, temos a certeza que vai gostar.<\/p>","protected":false},"excerpt":{"rendered":"<p>Pap\u00e9is de enrolar king size feitos de arroz que resultar\u00e3o numa experi\u00eancia de combust\u00e3o lenta! Esta \u00e9 uma das raz\u00f5es pelas quais a maioria dos amantes de papel fino escolhem a Element, que sabe como utilizar materiais org\u00e2nicos da forma correcta para conseguir o papel ideal que te alegra o rosto quando fumas o teu charro.<\/p>","protected":false},"featured_media":45120,"template":"","meta":[],"product_brand":[],"product_cat":[421,297,414,801,446],"product_tag":[],"class_list":{"0":"post-41665","1":"product","2":"type-product","3":"status-publish","4":"has-post-thumbnail","6":"product_cat-rolling-papers","7":"product_cat-all-products","8":"product_cat-headshop","9":"product_cat-king-size","10":"product_cat-papers","11":"product_shipping_class-creditcard-on","13":"first","14":"instock","15":"taxable","16":"shipping-taxable","17":"purchasable","18":"product-type-variable","19":"has-default-attributes"},"_links":{"self":[{"href":"https:\/\/www.headshop.nl\/pt\/wp-json\/wp\/v2\/product\/41665","targetHints":{"allow":["GET"]}}],"collection":[{"href":"https:\/\/www.headshop.nl\/pt\/wp-json\/wp\/v2\/product"}],"about":[{"href":"https:\/\/www.headshop.nl\/pt\/wp-json\/wp\/v2\/types\/product"}],"wp:featuredmedia":[{"embeddable":true,"href":"https:\/\/www.headshop.nl\/pt\/wp-json\/wp\/v2\/media\/45120"}],"wp:attachment":[{"href":"https:\/\/www.headshop.nl\/pt\/wp-json\/wp\/v2\/media?parent=41665"}],"wp:term":[{"taxonomy":"product_brand","embeddable":true,"href":"https:\/\/www.headshop.nl\/pt\/wp-json\/wp\/v2\/product_brand?post=41665"},{"taxonomy":"product_cat","embeddable":true,"href":"https:\/\/www.headshop.nl\/pt\/wp-json\/wp\/v2\/product_cat?post=41665"},{"taxonomy":"product_tag","embeddable":true,"href":"https:\/\/www.headshop.nl\/pt\/wp-json\/wp\/v2\/product_tag?post=41665"}],"curies":[{"name":"wp","href":"https:\/\/api.w.org\/{rel}","templated":true}]}}