{"id":41650,"date":"2022-03-14T10:03:19","date_gmt":"2022-03-14T10:03:19","guid":{"rendered":"https:\/\/www.headshop.nl\/?post_type=product&#038;p=41650"},"modified":"2025-05-23T09:50:14","modified_gmt":"2025-05-23T09:50:14","slug":"raw-connoisseur-king-size-slim-rolling-papers-and-tips","status":"publish","type":"product","link":"https:\/\/www.headshop.nl\/pt\/raw-connoisseur-king-size-slim-rolling-papers-and-tips\/","title":{"rendered":"Raw Connoisseur King Size Slim Rolling Papers e Tips"},"content":{"rendered":"<h2>BRUTO Classic Rolling Papers<\/h2>\n<p>Raw classic apresenta produtos que todos os fumadores v\u00e3o adorar e desfrutar! Todos os pap\u00e9is de enrolar RAW s\u00e3o feitos de materiais org\u00e2nicos, tudo \u00e9 cru, e nada \u00e9 tratado com qu\u00edmicos, \u00e9 por isso que qualquer experi\u00eancia de fumar RAW \u00e9 pura e o sabor \u00e9 incr\u00edvel! Todos os pap\u00e9is para fumar Classic RAW e outros produtos para fumar s\u00e3o adorados por milh\u00f5es de pessoas e ser\u00e3o adorados por qualquer fumador que os experimente!<\/p>\n<h2>Raw Smoking Consum\u00edveis<\/h2>\n<p>A Raw \u00e9 conhecida pela sua oferta de tabaco aut\u00eantico de alta qualidade que \u00e9 apreciada por milh\u00f5es de fumadores em todo o mundo. A Raw \u00e9 uma das marcas de papel para fumar mais reconhecidas em que se pode confiar com o papel para fumar mais org\u00e2nico, natural e de melhor qualidade. O melhor material que pode encontrar como fumador!<\/p>","protected":false},"excerpt":{"rendered":"<p>Pap\u00e9is de enrolar em tamanho real da RAW? Sim! Vem com pontas de enrolar? Podes crer! A melhor qualidade de papel de enrolar encontra-se com a forma mais org\u00e2nica de produ\u00e7\u00e3o de papel para te dar a melhor experi\u00eancia de fumar. Aqueles que experimentaram os cl\u00e1ssicos pap\u00e9is king size da RAW sabem que estes s\u00e3o definitivamente os melhores pap\u00e9is que se pode esperar!<\/p>","protected":false},"featured_media":43573,"template":"","meta":[],"product_brand":[],"product_cat":[421,297,414,447,771],"product_tag":[],"class_list":{"0":"post-41650","1":"product","2":"type-product","3":"status-publish","4":"has-post-thumbnail","6":"product_cat-rolling-papers","7":"product_cat-all-products","8":"product_cat-headshop","9":"product_cat-papers-with-tips","10":"product_cat-raw","11":"product_shipping_class-creditcard-on","13":"first","14":"instock","15":"taxable","16":"shipping-taxable","17":"purchasable","18":"product-type-variable","19":"has-default-attributes"},"_links":{"self":[{"href":"https:\/\/www.headshop.nl\/pt\/wp-json\/wp\/v2\/product\/41650","targetHints":{"allow":["GET"]}}],"collection":[{"href":"https:\/\/www.headshop.nl\/pt\/wp-json\/wp\/v2\/product"}],"about":[{"href":"https:\/\/www.headshop.nl\/pt\/wp-json\/wp\/v2\/types\/product"}],"wp:featuredmedia":[{"embeddable":true,"href":"https:\/\/www.headshop.nl\/pt\/wp-json\/wp\/v2\/media\/43573"}],"wp:attachment":[{"href":"https:\/\/www.headshop.nl\/pt\/wp-json\/wp\/v2\/media?parent=41650"}],"wp:term":[{"taxonomy":"product_brand","embeddable":true,"href":"https:\/\/www.headshop.nl\/pt\/wp-json\/wp\/v2\/product_brand?post=41650"},{"taxonomy":"product_cat","embeddable":true,"href":"https:\/\/www.headshop.nl\/pt\/wp-json\/wp\/v2\/product_cat?post=41650"},{"taxonomy":"product_tag","embeddable":true,"href":"https:\/\/www.headshop.nl\/pt\/wp-json\/wp\/v2\/product_tag?post=41650"}],"curies":[{"name":"wp","href":"https:\/\/api.w.org\/{rel}","templated":true}]}}