{"id":41642,"date":"2022-03-14T10:03:18","date_gmt":"2022-03-14T10:03:18","guid":{"rendered":"https:\/\/www.headshop.nl\/?post_type=product&#038;p=41642"},"modified":"2025-05-23T09:50:26","modified_gmt":"2025-05-23T09:50:26","slug":"tattoo-movie-flipbook-tips","status":"publish","type":"product","link":"https:\/\/www.headshop.nl\/pt\/tattoo-movie-flipbook-tips\/","title":{"rendered":"Tattoo Movie Flipbook Tips"},"content":{"rendered":"<h2>Rolling Tips<\/h2>\n<p>Houve uma altura em que enrol\u00e1vamos as articula\u00e7\u00f5es enquanto faz\u00edamos pontas com cart\u00f5es de visita, revistas e qualquer papel resistente a que pud\u00e9ssemos deitar a m\u00e3o. Esse tempo j\u00e1 passou! Qualquer fumador deve agora usar a inven\u00e7\u00e3o mais simples e genial, o livrete de pontas de filtro. Basta arrancar uma ponta, enrol\u00e1-la e us\u00e1-la no seu charro. Diz adeus ao uso acidental daquele cart\u00e3o de visita importante para alguns charros. Diga ol\u00e1 \u00e0s pontas de tamanho perfeito e resistentes feitas especialmente para enrolar charros!<\/p>","protected":false},"excerpt":{"rendered":"<p>Estas dicas n\u00e3o s\u00f3 s\u00e3o perfeitas para enrolar as articula\u00e7\u00f5es, como tamb\u00e9m s\u00e3o um in\u00edcio de conversa com os seus amigos. Porqu\u00ea? Porque este folheto \u00e9 tamb\u00e9m um pequeno filme em flipbook. Se folheares este folheto muito rapidamente, ver\u00e1s uma pequena anima\u00e7\u00e3o a acontecer, pois cada ponta tem um desenho diferente que faz a sequ\u00eancia do pequeno filme!<\/p>","protected":false},"featured_media":44871,"template":"","meta":[],"product_brand":[],"product_cat":[445,297,414,421],"product_tag":[],"class_list":{"0":"post-41642","1":"product","2":"type-product","3":"status-publish","4":"has-post-thumbnail","6":"product_cat-rolling-tips","7":"product_cat-all-products","8":"product_cat-headshop","9":"product_cat-rolling-papers","10":"product_shipping_class-creditcard-on","12":"first","13":"instock","14":"taxable","15":"shipping-taxable","16":"purchasable","17":"product-type-variable","18":"has-default-attributes"},"_links":{"self":[{"href":"https:\/\/www.headshop.nl\/pt\/wp-json\/wp\/v2\/product\/41642","targetHints":{"allow":["GET"]}}],"collection":[{"href":"https:\/\/www.headshop.nl\/pt\/wp-json\/wp\/v2\/product"}],"about":[{"href":"https:\/\/www.headshop.nl\/pt\/wp-json\/wp\/v2\/types\/product"}],"wp:featuredmedia":[{"embeddable":true,"href":"https:\/\/www.headshop.nl\/pt\/wp-json\/wp\/v2\/media\/44871"}],"wp:attachment":[{"href":"https:\/\/www.headshop.nl\/pt\/wp-json\/wp\/v2\/media?parent=41642"}],"wp:term":[{"taxonomy":"product_brand","embeddable":true,"href":"https:\/\/www.headshop.nl\/pt\/wp-json\/wp\/v2\/product_brand?post=41642"},{"taxonomy":"product_cat","embeddable":true,"href":"https:\/\/www.headshop.nl\/pt\/wp-json\/wp\/v2\/product_cat?post=41642"},{"taxonomy":"product_tag","embeddable":true,"href":"https:\/\/www.headshop.nl\/pt\/wp-json\/wp\/v2\/product_tag?post=41642"}],"curies":[{"name":"wp","href":"https:\/\/api.w.org\/{rel}","templated":true}]}}