{"id":41633,"date":"2022-03-14T10:03:09","date_gmt":"2022-03-14T10:03:09","guid":{"rendered":"https:\/\/www.headshop.nl\/?post_type=product&#038;p=41633"},"modified":"2025-05-23T09:52:26","modified_gmt":"2025-05-23T09:52:26","slug":"cyclones-hemp-wonderberry-blunt-cones","status":"publish","type":"product","link":"https:\/\/www.headshop.nl\/pt\/cyclones-hemp-wonderberry-blunt-cones\/","title":{"rendered":"Cyclones C\u00e2nhamo Wonderberry Blunt Cones"},"content":{"rendered":"<h2>R\u00f3tulo de c\u00e2nhamo Cones<\/h2>\n<p>Embora a utiliza\u00e7\u00e3o de uma folha de tabaco para enrolar um blunt da velha guarda ainda possa ter classe, pode ter uma experi\u00eancia de fumo ainda melhor quando utiliza inv\u00f3lucros para blunt feitos a partir das verdadeiras plantas de can\u00e1bis. E como estes inv\u00f3lucros v\u00eam em cones, nem precisa de se esfor\u00e7ar para os enrolar. Junte a sua erva e fume-a!<\/p>","protected":false},"excerpt":{"rendered":"<p>Todos sabemos qual \u00e9 a coisa mais irritante de enrolar um blunt... \u00c9 a parte de enrolar! Porque n\u00e3o usar um cone pr\u00e9-enrolado que foi feito de c\u00e2nhamo org\u00e2nico e usa uma bela ponta de madeira. Basta colocar a erva e fum\u00e1-la. Simples assim! Uma experi\u00eancia de fumar um blunt de combust\u00e3o lenta sem o esfor\u00e7o de enrolar!<\/p>","protected":false},"featured_media":44984,"template":"","meta":[],"product_brand":[],"product_cat":[483,297,443,414,444,421],"product_tag":[],"class_list":{"0":"post-41633","1":"product","2":"type-product","3":"status-publish","4":"has-post-thumbnail","6":"product_cat-cones","7":"product_cat-all-products","8":"product_cat-blunts","9":"product_cat-headshop","10":"product_cat-hemp-wraps","11":"product_cat-rolling-papers","12":"product_shipping_class-creditcard-on","14":"first","15":"instock","16":"taxable","17":"shipping-taxable","18":"purchasable","19":"product-type-variable","20":"has-default-attributes"},"_links":{"self":[{"href":"https:\/\/www.headshop.nl\/pt\/wp-json\/wp\/v2\/product\/41633","targetHints":{"allow":["GET"]}}],"collection":[{"href":"https:\/\/www.headshop.nl\/pt\/wp-json\/wp\/v2\/product"}],"about":[{"href":"https:\/\/www.headshop.nl\/pt\/wp-json\/wp\/v2\/types\/product"}],"wp:featuredmedia":[{"embeddable":true,"href":"https:\/\/www.headshop.nl\/pt\/wp-json\/wp\/v2\/media\/44984"}],"wp:attachment":[{"href":"https:\/\/www.headshop.nl\/pt\/wp-json\/wp\/v2\/media?parent=41633"}],"wp:term":[{"taxonomy":"product_brand","embeddable":true,"href":"https:\/\/www.headshop.nl\/pt\/wp-json\/wp\/v2\/product_brand?post=41633"},{"taxonomy":"product_cat","embeddable":true,"href":"https:\/\/www.headshop.nl\/pt\/wp-json\/wp\/v2\/product_cat?post=41633"},{"taxonomy":"product_tag","embeddable":true,"href":"https:\/\/www.headshop.nl\/pt\/wp-json\/wp\/v2\/product_tag?post=41633"}],"curies":[{"name":"wp","href":"https:\/\/api.w.org\/{rel}","templated":true}]}}