{"id":41626,"date":"2022-03-14T10:03:08","date_gmt":"2022-03-14T10:03:08","guid":{"rendered":"https:\/\/www.headshop.nl\/?post_type=product&#038;p=41626"},"modified":"2025-05-23T09:52:35","modified_gmt":"2025-05-23T09:52:35","slug":"ocb-premium-slim-with-tips","status":"publish","type":"product","link":"https:\/\/www.headshop.nl\/pt\/ocb-premium-slim-with-tips\/","title":{"rendered":"OCB Premium Slim com Tips"},"content":{"rendered":"<h2>OCB Papel de enrolar<\/h2>\n<p>Embora seja uma marca de papel de enrolar muito popular em alguns pa\u00edses, poucas pessoas conhecem os pap\u00e9is de enrolar OCB de Fran\u00e7a. \u00c9 uma pena, porque no que diz respeito \u00e0 qualidade do papel e \u00e0 qualidade da pastilha el\u00e1stica, n\u00e3o existem muitas marcas de qualidade id\u00eanticas. Vale especialmente a pena experimentar se estiver sempre a lamber pouco ou muito a linha da gengiva. Estes pap\u00e9is resolvem-lhe isso automaticamente!<\/p>","protected":false},"excerpt":{"rendered":"<p>Se \u00e9 um f\u00e3 dos rolos OCB ou simplesmente n\u00e3o est\u00e1 satisfeito com a qualidade do seu papel de enrolar, isto \u00e9 algo que deve experimentar primeiro! Um dos melhores pap\u00e9is de Fran\u00e7a com uma das linhas de goma mais fi\u00e1veis do mercado. Tudo isto combinado com algumas dicas e a melhor experi\u00eancia de fumar da tua vida. A s\u00e9rio, experimenta!<\/p>","protected":false},"featured_media":45009,"template":"","meta":[],"product_brand":[],"product_cat":[421,297,414,447],"product_tag":[],"class_list":{"0":"post-41626","1":"product","2":"type-product","3":"status-publish","4":"has-post-thumbnail","6":"product_cat-rolling-papers","7":"product_cat-all-products","8":"product_cat-headshop","9":"product_cat-papers-with-tips","10":"product_shipping_class-creditcard-on","12":"first","13":"instock","14":"taxable","15":"shipping-taxable","16":"purchasable","17":"product-type-variable","18":"has-default-attributes"},"_links":{"self":[{"href":"https:\/\/www.headshop.nl\/pt\/wp-json\/wp\/v2\/product\/41626","targetHints":{"allow":["GET"]}}],"collection":[{"href":"https:\/\/www.headshop.nl\/pt\/wp-json\/wp\/v2\/product"}],"about":[{"href":"https:\/\/www.headshop.nl\/pt\/wp-json\/wp\/v2\/types\/product"}],"wp:featuredmedia":[{"embeddable":true,"href":"https:\/\/www.headshop.nl\/pt\/wp-json\/wp\/v2\/media\/45009"}],"wp:attachment":[{"href":"https:\/\/www.headshop.nl\/pt\/wp-json\/wp\/v2\/media?parent=41626"}],"wp:term":[{"taxonomy":"product_brand","embeddable":true,"href":"https:\/\/www.headshop.nl\/pt\/wp-json\/wp\/v2\/product_brand?post=41626"},{"taxonomy":"product_cat","embeddable":true,"href":"https:\/\/www.headshop.nl\/pt\/wp-json\/wp\/v2\/product_cat?post=41626"},{"taxonomy":"product_tag","embeddable":true,"href":"https:\/\/www.headshop.nl\/pt\/wp-json\/wp\/v2\/product_tag?post=41626"}],"curies":[{"name":"wp","href":"https:\/\/api.w.org\/{rel}","templated":true}]}}