{"id":41591,"date":"2022-03-14T10:02:52","date_gmt":"2022-03-14T10:02:52","guid":{"rendered":"https:\/\/www.headshop.nl\/?post_type=product&#038;p=41591"},"modified":"2025-09-08T01:26:16","modified_gmt":"2025-09-08T01:26:16","slug":"watermelon-prerolled-juicy-jones-cone","status":"publish","type":"product","link":"https:\/\/www.headshop.nl\/pt\/watermelon-prerolled-juicy-jones-cone\/","title":{"rendered":"Watermelon Pr\u00e9-rolado Juicy Jones Cone"},"content":{"rendered":"<h2>Junta do Juicy Jay Cones<\/h2>\n<p>Juicy Jay's ou simplesmente Juicy \u00e9 uma daquelas marcas de papel de enrolar que ou se ama ou se odeia. A sua cole\u00e7\u00e3o de papel de enrolar \u00e9 \u00fanica devido ao facto de todos os pap\u00e9is Juicy virem com um sabor e um design colorido. Qualquer sabor que possas imaginar, eles t\u00eam-no!<\/p>\n<p>Isto faz com que enrolar charros com papel aromatizado seja uma atividade excitante, porque o papel que escolheres afectar\u00e1 o sabor e o cheiro do teu charro. Escolha o seu sabor preferido e fume os seus charros com estilo!<\/p>","protected":false},"excerpt":{"rendered":"<p>O que \u00e9 que precisa para fazer um charro com sabor a melancia? Apenas um destes cones! Coloca um pouco de erva no interior e acende-o. Prepara-te para desfrutar do suculento aroma e sabor da melancia. Vem com uma ponta de madeira resistente para tornar a sua experi\u00eancia de fumar ainda mais agrad\u00e1vel. Um charro vermelho que sabe a melancia? Conta comigo!<\/p>","protected":false},"featured_media":45447,"template":"","meta":[],"product_brand":[],"product_cat":[483,297,809,414,421],"product_tag":[],"class_list":{"0":"post-41591","1":"product","2":"type-product","3":"status-publish","4":"has-post-thumbnail","6":"product_cat-cones","7":"product_cat-all-products","8":"product_cat-flavored-papers","9":"product_cat-headshop","10":"product_cat-rolling-papers","11":"product_shipping_class-creditcard-on","13":"first","14":"instock","15":"taxable","16":"shipping-taxable","17":"purchasable","18":"product-type-variable","19":"has-default-attributes"},"_links":{"self":[{"href":"https:\/\/www.headshop.nl\/pt\/wp-json\/wp\/v2\/product\/41591","targetHints":{"allow":["GET"]}}],"collection":[{"href":"https:\/\/www.headshop.nl\/pt\/wp-json\/wp\/v2\/product"}],"about":[{"href":"https:\/\/www.headshop.nl\/pt\/wp-json\/wp\/v2\/types\/product"}],"wp:featuredmedia":[{"embeddable":true,"href":"https:\/\/www.headshop.nl\/pt\/wp-json\/wp\/v2\/media\/45447"}],"wp:attachment":[{"href":"https:\/\/www.headshop.nl\/pt\/wp-json\/wp\/v2\/media?parent=41591"}],"wp:term":[{"taxonomy":"product_brand","embeddable":true,"href":"https:\/\/www.headshop.nl\/pt\/wp-json\/wp\/v2\/product_brand?post=41591"},{"taxonomy":"product_cat","embeddable":true,"href":"https:\/\/www.headshop.nl\/pt\/wp-json\/wp\/v2\/product_cat?post=41591"},{"taxonomy":"product_tag","embeddable":true,"href":"https:\/\/www.headshop.nl\/pt\/wp-json\/wp\/v2\/product_tag?post=41591"}],"curies":[{"name":"wp","href":"https:\/\/api.w.org\/{rel}","templated":true}]}}