{"id":41585,"date":"2022-03-14T10:02:51","date_gmt":"2022-03-14T10:02:51","guid":{"rendered":"https:\/\/www.headshop.nl\/?post_type=product&#038;p=41585"},"modified":"2025-05-23T09:59:34","modified_gmt":"2025-05-23T09:59:34","slug":"raw-organic-hemp-connoisseur-king-size-slim-with-tips","status":"publish","type":"product","link":"https:\/\/www.headshop.nl\/pt\/raw-organic-hemp-connoisseur-king-size-slim-with-tips\/","title":{"rendered":"Raw C\u00e2nhamo org\u00e2nico Connoisseur King Size Slim com Tips"},"content":{"rendered":"<h2>Raw Org\u00e2nico Hemp Papers<\/h2>\n<p>A linha de produtos Raw Organic Hemp tem tudo a ver com a sensa\u00e7\u00e3o de fumo de can\u00e1bis totalmente natural que se tem quando se usam pap\u00e9is de enrolar de c\u00e2nhamo para enrolar os charros. Nada combina melhor com o sabor da erva do que... a pr\u00f3pria erva! Os pap\u00e9is de enrolar de c\u00e2nhamo s\u00e3o uma \u00f3ptima forma org\u00e2nica e n\u00e3o refinada de enrolar os seus charros!<\/p>\n<h2>Raw Smoking Consum\u00edveis<\/h2>\n<p>A Raw \u00e9 conhecida pela sua oferta de tabaco aut\u00eantico de alta qualidade que \u00e9 apreciada por milh\u00f5es de fumadores em todo o mundo. A Raw \u00e9 uma das marcas de papel para fumar mais reconhecidas em que se pode confiar com o papel para fumar mais org\u00e2nico, natural e de melhor qualidade.<\/p>","protected":false},"excerpt":{"rendered":"<p>Pap\u00e9is de qualidade que v\u00eam com um livro de dicas pronto a usar? Adivinhou! O papel de c\u00e2nhamo org\u00e2nico de grande qualidade combinado com pontas de enrolar n\u00e3o branqueadas dar\u00e1 aos seus charros ou charros pequenos aquele aspeto org\u00e2nico castanho enferrujado pelo qual o Raw \u00e9 conhecido. E tudo se resume aos materiais de fumo da mais alta qualidade que est\u00e1 a receber com ele!<\/p>","protected":false},"featured_media":43403,"template":"","meta":[],"product_brand":[],"product_cat":[421,297,414,627,791,447,771],"product_tag":[],"class_list":{"0":"post-41585","1":"product","2":"type-product","3":"status-publish","4":"has-post-thumbnail","6":"product_cat-rolling-papers","7":"product_cat-all-products","8":"product_cat-headshop","9":"product_cat-headshop-top-10","10":"product_cat-hemp-papers","11":"product_cat-papers-with-tips","12":"product_cat-raw","13":"product_shipping_class-creditcard-on","15":"first","16":"instock","17":"taxable","18":"shipping-taxable","19":"purchasable","20":"product-type-variable","21":"has-default-attributes"},"_links":{"self":[{"href":"https:\/\/www.headshop.nl\/pt\/wp-json\/wp\/v2\/product\/41585","targetHints":{"allow":["GET"]}}],"collection":[{"href":"https:\/\/www.headshop.nl\/pt\/wp-json\/wp\/v2\/product"}],"about":[{"href":"https:\/\/www.headshop.nl\/pt\/wp-json\/wp\/v2\/types\/product"}],"wp:featuredmedia":[{"embeddable":true,"href":"https:\/\/www.headshop.nl\/pt\/wp-json\/wp\/v2\/media\/43403"}],"wp:attachment":[{"href":"https:\/\/www.headshop.nl\/pt\/wp-json\/wp\/v2\/media?parent=41585"}],"wp:term":[{"taxonomy":"product_brand","embeddable":true,"href":"https:\/\/www.headshop.nl\/pt\/wp-json\/wp\/v2\/product_brand?post=41585"},{"taxonomy":"product_cat","embeddable":true,"href":"https:\/\/www.headshop.nl\/pt\/wp-json\/wp\/v2\/product_cat?post=41585"},{"taxonomy":"product_tag","embeddable":true,"href":"https:\/\/www.headshop.nl\/pt\/wp-json\/wp\/v2\/product_tag?post=41585"}],"curies":[{"name":"wp","href":"https:\/\/api.w.org\/{rel}","templated":true}]}}