{"id":41582,"date":"2022-03-14T10:02:51","date_gmt":"2022-03-14T10:02:51","guid":{"rendered":"https:\/\/www.headshop.nl\/?post_type=product&#038;p=41582"},"modified":"2025-05-23T09:59:11","modified_gmt":"2025-05-23T09:59:11","slug":"clear-cellulose-king-size-rolling-papers","status":"publish","type":"product","link":"https:\/\/www.headshop.nl\/pt\/clear-cellulose-king-size-rolling-papers\/","title":{"rendered":"Celulose transparente King Size Rolling Papers"},"content":{"rendered":"<h2>Transparente Rolling Papers<\/h2>\n<p>J\u00e1 te perguntaste o que \u00e9 que eles usam para enrolar aqueles charros transparentes? Para enrolar aquele charro de erva transparente e sexy, precisas destes pap\u00e9is de enrolar! Bem, na verdade a palavra pap\u00e9is n\u00e3o se enquadra aqui, pois n\u00e3o s\u00e3o feitos de materiais de papel. A malva de algod\u00e3o asi\u00e1tico foi usada para obter aquele material transparente natural 100% que pode ser usado para enrolar charros transparentes. Aqueles que gostam deles, juram us\u00e1-los para toda a vida!<\/p>","protected":false},"excerpt":{"rendered":"<p>Um charro de erva king size transparente? Precisas deste produto se \u00e9 algo que queres experimentar! Embora n\u00e3o sejam realmente pap\u00e9is, estes inv\u00f3lucros transparentes de celulose s\u00e3o feitos de materiais naturais e org\u00e2nicos 100%, pelo que n\u00e3o acrescentam qualquer sabor extra ao seu charro. Com eles, ver\u00e1s claramente o que est\u00e1 dentro do teu charro e esta \u00e9 uma experi\u00eancia que todos os fumadores devem experimentar!<\/p>","protected":false},"featured_media":44937,"template":"","meta":[],"product_brand":[],"product_cat":[421,297,414,446],"product_tag":[],"class_list":{"0":"post-41582","1":"product","2":"type-product","3":"status-publish","4":"has-post-thumbnail","6":"product_cat-rolling-papers","7":"product_cat-all-products","8":"product_cat-headshop","9":"product_cat-papers","10":"product_shipping_class-creditcard-on","12":"first","13":"instock","14":"taxable","15":"shipping-taxable","16":"purchasable","17":"product-type-variable","18":"has-default-attributes"},"_links":{"self":[{"href":"https:\/\/www.headshop.nl\/pt\/wp-json\/wp\/v2\/product\/41582","targetHints":{"allow":["GET"]}}],"collection":[{"href":"https:\/\/www.headshop.nl\/pt\/wp-json\/wp\/v2\/product"}],"about":[{"href":"https:\/\/www.headshop.nl\/pt\/wp-json\/wp\/v2\/types\/product"}],"wp:featuredmedia":[{"embeddable":true,"href":"https:\/\/www.headshop.nl\/pt\/wp-json\/wp\/v2\/media\/44937"}],"wp:attachment":[{"href":"https:\/\/www.headshop.nl\/pt\/wp-json\/wp\/v2\/media?parent=41582"}],"wp:term":[{"taxonomy":"product_brand","embeddable":true,"href":"https:\/\/www.headshop.nl\/pt\/wp-json\/wp\/v2\/product_brand?post=41582"},{"taxonomy":"product_cat","embeddable":true,"href":"https:\/\/www.headshop.nl\/pt\/wp-json\/wp\/v2\/product_cat?post=41582"},{"taxonomy":"product_tag","embeddable":true,"href":"https:\/\/www.headshop.nl\/pt\/wp-json\/wp\/v2\/product_tag?post=41582"}],"curies":[{"name":"wp","href":"https:\/\/api.w.org\/{rel}","templated":true}]}}