{"id":41576,"date":"2022-03-14T10:02:50","date_gmt":"2022-03-14T10:02:50","guid":{"rendered":"https:\/\/www.headshop.nl\/?post_type=product&#038;p=41576"},"modified":"2025-05-23T09:59:56","modified_gmt":"2025-05-23T09:59:56","slug":"actitube-activated-charcoal-slim-filter-tip","status":"publish","type":"product","link":"https:\/\/www.headshop.nl\/pt\/actitube-activated-charcoal-slim-filter-tip\/","title":{"rendered":"ActiTube Carv\u00e3o Vegetal Ativado Slim Filter Ponta"},"content":{"rendered":"<h2>Carv\u00e3o ativado ActiTube Filters<\/h2>\n<p>O engenho alem\u00e3o encontra a experi\u00eancia de fumar erva de maior qualidade da tua vida! O ActiTube facilita a vida dos fumadores ao utilizar carv\u00e3o ativado para filtrar cada fumo, baforada e tragada. Estes filtros tornam a tua experi\u00eancia de fumar mais limpa sem remover nada de bom ou diminuir os efeitos. Quanto mais aprenderes sobre o que estas pequenas pontas especiais para charros podem fazer, mais vais querer us\u00e1-las em todos os charros que enrolares!<\/p>","protected":false},"excerpt":{"rendered":"<p>Perfeitas para charros finos, estas pontas t\u00eam carv\u00e3o ativo que filtra cada tragada que d\u00e1. Isto significa que o teu fumo n\u00e3o s\u00f3 far\u00e1 menos mal, como tamb\u00e9m cada tragada ter\u00e1 um sabor melhor do que nunca. Aten\u00e7\u00e3o, a maioria dos fumadores que as experimentam, nunca mais voltam atr\u00e1s. \u00c9 muito melhor e mais racional usar estas pontas em vez de uma simples ponta de papel!<\/p>","protected":false},"featured_media":44945,"template":"","meta":[],"product_brand":[],"product_cat":[445,297,414,421],"product_tag":[],"class_list":{"0":"post-41576","1":"product","2":"type-product","3":"status-publish","4":"has-post-thumbnail","6":"product_cat-rolling-tips","7":"product_cat-all-products","8":"product_cat-headshop","9":"product_cat-rolling-papers","10":"product_shipping_class-creditcard-on","12":"first","13":"instock","14":"taxable","15":"shipping-taxable","16":"purchasable","17":"product-type-variable","18":"has-default-attributes"},"_links":{"self":[{"href":"https:\/\/www.headshop.nl\/pt\/wp-json\/wp\/v2\/product\/41576","targetHints":{"allow":["GET"]}}],"collection":[{"href":"https:\/\/www.headshop.nl\/pt\/wp-json\/wp\/v2\/product"}],"about":[{"href":"https:\/\/www.headshop.nl\/pt\/wp-json\/wp\/v2\/types\/product"}],"wp:featuredmedia":[{"embeddable":true,"href":"https:\/\/www.headshop.nl\/pt\/wp-json\/wp\/v2\/media\/44945"}],"wp:attachment":[{"href":"https:\/\/www.headshop.nl\/pt\/wp-json\/wp\/v2\/media?parent=41576"}],"wp:term":[{"taxonomy":"product_brand","embeddable":true,"href":"https:\/\/www.headshop.nl\/pt\/wp-json\/wp\/v2\/product_brand?post=41576"},{"taxonomy":"product_cat","embeddable":true,"href":"https:\/\/www.headshop.nl\/pt\/wp-json\/wp\/v2\/product_cat?post=41576"},{"taxonomy":"product_tag","embeddable":true,"href":"https:\/\/www.headshop.nl\/pt\/wp-json\/wp\/v2\/product_tag?post=41576"}],"curies":[{"name":"wp","href":"https:\/\/api.w.org\/{rel}","templated":true}]}}