{"id":41575,"date":"2022-03-14T10:02:49","date_gmt":"2022-03-14T10:02:49","guid":{"rendered":"https:\/\/www.headshop.nl\/?post_type=product&#038;p=41575"},"modified":"2025-05-23T10:00:36","modified_gmt":"2025-05-23T10:00:36","slug":"raw-rolls-3m","status":"publish","type":"product","link":"https:\/\/www.headshop.nl\/pt\/raw-rolls-3m\/","title":{"rendered":"Raw Rolls 3m"},"content":{"rendered":"<h2>Raw Rolls<\/h2>\n<p>A Raw produz papel de alta qualidade a partir dos melhores materiais que se possa imaginar! Isto faz do papel de enrolar Raw um dos melhores produtos de papel de enrolar do mercado. Nada supera um charro de alta qualidade enrolado a partir de um rolo Raw.<\/p>\n<h2>Raw Smoking Consum\u00edveis<\/h2>\n<p>A Raw \u00e9 conhecida pela sua oferta de tabaco aut\u00eantico de alta qualidade que \u00e9 apreciada por milh\u00f5es de fumadores em todo o mundo. A Raw \u00e9 uma das marcas de papel para fumar mais reconhecidas em que se pode confiar com o papel para fumar mais org\u00e2nico, natural e de melhor qualidade.<\/p>","protected":false},"excerpt":{"rendered":"<p>O melhor pacote de 3 metros de papel de enrolar de qualidade? Este \u00e9 o melhor! N\u00e3o branqueado e n\u00e3o refinado, este papel de enrolar \u00e9 tudo o que precisa para um charro lento e de combust\u00e3o uniforme. A melhor qualidade \u00e9 o que o Raw faz e este rolo de papel de enrolar n\u00e3o \u00e9 exce\u00e7\u00e3o!<\/p>","protected":false},"featured_media":43310,"template":"","meta":[],"product_brand":[],"product_cat":[421,297,414,446,771,803],"product_tag":[],"class_list":{"0":"post-41575","1":"product","2":"type-product","3":"status-publish","4":"has-post-thumbnail","6":"product_cat-rolling-papers","7":"product_cat-all-products","8":"product_cat-headshop","9":"product_cat-papers","10":"product_cat-raw","11":"product_cat-rolls","12":"product_shipping_class-creditcard-on","14":"first","15":"instock","16":"taxable","17":"shipping-taxable","18":"purchasable","19":"product-type-variable","20":"has-default-attributes"},"_links":{"self":[{"href":"https:\/\/www.headshop.nl\/pt\/wp-json\/wp\/v2\/product\/41575","targetHints":{"allow":["GET"]}}],"collection":[{"href":"https:\/\/www.headshop.nl\/pt\/wp-json\/wp\/v2\/product"}],"about":[{"href":"https:\/\/www.headshop.nl\/pt\/wp-json\/wp\/v2\/types\/product"}],"wp:featuredmedia":[{"embeddable":true,"href":"https:\/\/www.headshop.nl\/pt\/wp-json\/wp\/v2\/media\/43310"}],"wp:attachment":[{"href":"https:\/\/www.headshop.nl\/pt\/wp-json\/wp\/v2\/media?parent=41575"}],"wp:term":[{"taxonomy":"product_brand","embeddable":true,"href":"https:\/\/www.headshop.nl\/pt\/wp-json\/wp\/v2\/product_brand?post=41575"},{"taxonomy":"product_cat","embeddable":true,"href":"https:\/\/www.headshop.nl\/pt\/wp-json\/wp\/v2\/product_cat?post=41575"},{"taxonomy":"product_tag","embeddable":true,"href":"https:\/\/www.headshop.nl\/pt\/wp-json\/wp\/v2\/product_tag?post=41575"}],"curies":[{"name":"wp","href":"https:\/\/api.w.org\/{rel}","templated":true}]}}