{"id":41571,"date":"2022-03-14T10:02:42","date_gmt":"2022-03-14T10:02:42","guid":{"rendered":"https:\/\/www.headshop.nl\/?post_type=product&#038;p=41571"},"modified":"2025-05-23T10:00:54","modified_gmt":"2025-05-23T10:00:54","slug":"raw-maestro-cone-tips","status":"publish","type":"product","link":"https:\/\/www.headshop.nl\/pt\/raw-maestro-cone-tips\/","title":{"rendered":"Raw Maestro Cone Tips"},"content":{"rendered":"<h2>Raw Tips para Smoking<\/h2>\n<p>A Raw produz pap\u00e9is para fumar da mais alta qualidade, por isso \u00e9 tamb\u00e9m uma \u00f3ptima ideia combinar os seus pap\u00e9is com algumas pontas de enrolar de qualidade. Todas as pontas de enrolar Raw n\u00e3o s\u00e3o refinadas e existem diferentes e fant\u00e1sticos pacotes de livros de pontas por onde escolher. Desde os perfurados aos pr\u00e9-enrolados, de 100 a 480 pontas. Todos os fumadores encontrar\u00e3o o que precisam!<\/p>\n<h2>Raw Smoking Consum\u00edveis<\/h2>\n<p>A Raw \u00e9 conhecida pela sua oferta de tabaco aut\u00eantico de alta qualidade que \u00e9 apreciada por milh\u00f5es de fumadores em todo o mundo. A Raw \u00e9 uma das marcas de papel para fumar mais reconhecidas, na qual se pode confiar com o papel para fumar mais org\u00e2nico, natural e de melhor qualidade.<\/p>","protected":false},"excerpt":{"rendered":"<p>Gosta de enrolar charros gordos? Uma ponta simples n\u00e3o \u00e9 suficiente, mas esta permite-lhe enrolar charros t\u00e3o gordos quanto precisar! Estas pontas de enrolar t\u00eam uma forma especial, pelo que cada ponta ter\u00e1 uma extremidade mais grossa e outra mais fina, o que significa que pode enrolar charros grandes e gordos que fumar\u00e3o muito bem!<\/p>","protected":false},"featured_media":43489,"template":"","meta":[],"product_brand":[],"product_cat":[445,297,414,771,421],"product_tag":[],"class_list":{"0":"post-41571","1":"product","2":"type-product","3":"status-publish","4":"has-post-thumbnail","6":"product_cat-rolling-tips","7":"product_cat-all-products","8":"product_cat-headshop","9":"product_cat-raw","10":"product_cat-rolling-papers","11":"product_shipping_class-creditcard-on","13":"first","14":"instock","15":"taxable","16":"shipping-taxable","17":"purchasable","18":"product-type-variable","19":"has-default-attributes"},"_links":{"self":[{"href":"https:\/\/www.headshop.nl\/pt\/wp-json\/wp\/v2\/product\/41571","targetHints":{"allow":["GET"]}}],"collection":[{"href":"https:\/\/www.headshop.nl\/pt\/wp-json\/wp\/v2\/product"}],"about":[{"href":"https:\/\/www.headshop.nl\/pt\/wp-json\/wp\/v2\/types\/product"}],"wp:featuredmedia":[{"embeddable":true,"href":"https:\/\/www.headshop.nl\/pt\/wp-json\/wp\/v2\/media\/43489"}],"wp:attachment":[{"href":"https:\/\/www.headshop.nl\/pt\/wp-json\/wp\/v2\/media?parent=41571"}],"wp:term":[{"taxonomy":"product_brand","embeddable":true,"href":"https:\/\/www.headshop.nl\/pt\/wp-json\/wp\/v2\/product_brand?post=41571"},{"taxonomy":"product_cat","embeddable":true,"href":"https:\/\/www.headshop.nl\/pt\/wp-json\/wp\/v2\/product_cat?post=41571"},{"taxonomy":"product_tag","embeddable":true,"href":"https:\/\/www.headshop.nl\/pt\/wp-json\/wp\/v2\/product_tag?post=41571"}],"curies":[{"name":"wp","href":"https:\/\/api.w.org\/{rel}","templated":true}]}}