{"id":41567,"date":"2022-03-14T10:02:41","date_gmt":"2022-03-14T10:02:41","guid":{"rendered":"https:\/\/www.headshop.nl\/?post_type=product&#038;p=41567"},"modified":"2024-09-17T11:01:17","modified_gmt":"2024-09-17T11:01:17","slug":"bubblegum-flavored-rolls","status":"publish","type":"product","link":"https:\/\/www.headshop.nl\/pt\/bubblegum-flavored-rolls\/","title":{"rendered":"Com sabor a pastilha el\u00e1stica Rolls"},"content":{"rendered":"<h2>Rolls da Juicy Jay<\/h2>\n<p>Juicy Jay's ou simplesmente Juicy \u00e9 uma daquelas marcas de papel de enrolar que ou se ama ou se odeia. A sua cole\u00e7\u00e3o de papel de enrolar \u00e9 \u00fanica devido ao facto de todos os pap\u00e9is Juicy virem com um sabor e um design colorido. Qualquer sabor que possas imaginar, eles t\u00eam-no!<\/p>\n<p>Isto faz com que enrolar charros com papel aromatizado seja uma atividade excitante, porque o papel que escolheres afectar\u00e1 o sabor e o cheiro do teu charro. Escolha o seu sabor preferido e fume os seus charros com estilo!<\/p>","protected":false},"excerpt":{"rendered":"<p>Surpreende os teus amigos trazendo um charro com sabor a pastilha el\u00e1stica para a festa! Estes rolos fazem com que qualquer charro saiba a pastilha el\u00e1stica e t\u00eam um design cor-de-rosa atrevido. N\u00e3o h\u00e1 magia aqui, basta pegar num papel, enrolar o charro e depois desfrutar do cheiro e do sabor da pastilha el\u00e1stica.<\/p>","protected":false},"featured_media":45455,"template":"","meta":[],"product_brand":[],"product_cat":[297,793,809,414,421,803],"product_tag":[],"class_list":{"0":"post-41567","1":"product","2":"type-product","3":"status-publish","4":"has-post-thumbnail","6":"product_cat-all-products","7":"product_cat-color-papers","8":"product_cat-flavored-papers","9":"product_cat-headshop","10":"product_cat-rolling-papers","11":"product_cat-rolls","12":"product_shipping_class-creditcard-on","14":"first","15":"instock","16":"taxable","17":"shipping-taxable","18":"purchasable","19":"product-type-variable","20":"has-default-attributes"},"_links":{"self":[{"href":"https:\/\/www.headshop.nl\/pt\/wp-json\/wp\/v2\/product\/41567","targetHints":{"allow":["GET"]}}],"collection":[{"href":"https:\/\/www.headshop.nl\/pt\/wp-json\/wp\/v2\/product"}],"about":[{"href":"https:\/\/www.headshop.nl\/pt\/wp-json\/wp\/v2\/types\/product"}],"wp:featuredmedia":[{"embeddable":true,"href":"https:\/\/www.headshop.nl\/pt\/wp-json\/wp\/v2\/media\/45455"}],"wp:attachment":[{"href":"https:\/\/www.headshop.nl\/pt\/wp-json\/wp\/v2\/media?parent=41567"}],"wp:term":[{"taxonomy":"product_brand","embeddable":true,"href":"https:\/\/www.headshop.nl\/pt\/wp-json\/wp\/v2\/product_brand?post=41567"},{"taxonomy":"product_cat","embeddable":true,"href":"https:\/\/www.headshop.nl\/pt\/wp-json\/wp\/v2\/product_cat?post=41567"},{"taxonomy":"product_tag","embeddable":true,"href":"https:\/\/www.headshop.nl\/pt\/wp-json\/wp\/v2\/product_tag?post=41567"}],"curies":[{"name":"wp","href":"https:\/\/api.w.org\/{rel}","templated":true}]}}