{"id":41555,"date":"2022-03-14T10:02:38","date_gmt":"2022-03-14T10:02:38","guid":{"rendered":"https:\/\/www.headshop.nl\/?post_type=product&#038;p=41555"},"modified":"2024-09-17T11:01:32","modified_gmt":"2024-09-17T11:01:32","slug":"coconut-flavored-papers","status":"publish","type":"product","link":"https:\/\/www.headshop.nl\/pt\/coconut-flavored-papers\/","title":{"rendered":"C\u00f4co Flavored Papers"},"content":{"rendered":"<h2>Rolling Papers da Juicy Jay<\/h2>\n<p>Juicy Jay's ou simplesmente Juicy \u00e9 uma daquelas marcas de papel de enrolar que ou se ama ou se odeia. A sua cole\u00e7\u00e3o de papel de enrolar \u00e9 \u00fanica devido ao facto de todos os pap\u00e9is Juicy virem com um sabor e um design colorido. Qualquer sabor que possas imaginar, eles t\u00eam-no!<\/p>\n<p>Isto faz com que enrolar charros com papel aromatizado seja uma atividade excitante, porque o papel que escolheres afectar\u00e1 o sabor e o cheiro do teu charro. Escolha o seu sabor preferido e fume os seus charros com estilo!<\/p>","protected":false},"excerpt":{"rendered":"<p>Niam, o cheiro e o sabor do coco! No teu charro! Usa estes pap\u00e9is de enrolar com sabor a coco para enrolares os teus pr\u00f3prios charros de coco. Pega num papel, enrola o teu charro e desfruta do rico aroma a coco em cada baforada que d\u00e1s. O melhor de tudo? Tamb\u00e9m v\u00eam com um divertido design de coco, que far\u00e1 com que os teus charros pare\u00e7am extra caribenhos!<\/p>","protected":false},"featured_media":45576,"template":"","meta":[],"product_brand":[],"product_cat":[297,793,809,414,446,421,802],"product_tag":[],"class_list":{"0":"post-41555","1":"product","2":"type-product","3":"status-publish","4":"has-post-thumbnail","6":"product_cat-all-products","7":"product_cat-color-papers","8":"product_cat-flavored-papers","9":"product_cat-headshop","10":"product_cat-papers","11":"product_cat-rolling-papers","12":"product_cat-slim-size","13":"product_shipping_class-creditcard-on","15":"first","16":"instock","17":"taxable","18":"shipping-taxable","19":"purchasable","20":"product-type-variable","21":"has-default-attributes"},"_links":{"self":[{"href":"https:\/\/www.headshop.nl\/pt\/wp-json\/wp\/v2\/product\/41555","targetHints":{"allow":["GET"]}}],"collection":[{"href":"https:\/\/www.headshop.nl\/pt\/wp-json\/wp\/v2\/product"}],"about":[{"href":"https:\/\/www.headshop.nl\/pt\/wp-json\/wp\/v2\/types\/product"}],"wp:featuredmedia":[{"embeddable":true,"href":"https:\/\/www.headshop.nl\/pt\/wp-json\/wp\/v2\/media\/45576"}],"wp:attachment":[{"href":"https:\/\/www.headshop.nl\/pt\/wp-json\/wp\/v2\/media?parent=41555"}],"wp:term":[{"taxonomy":"product_brand","embeddable":true,"href":"https:\/\/www.headshop.nl\/pt\/wp-json\/wp\/v2\/product_brand?post=41555"},{"taxonomy":"product_cat","embeddable":true,"href":"https:\/\/www.headshop.nl\/pt\/wp-json\/wp\/v2\/product_cat?post=41555"},{"taxonomy":"product_tag","embeddable":true,"href":"https:\/\/www.headshop.nl\/pt\/wp-json\/wp\/v2\/product_tag?post=41555"}],"curies":[{"name":"wp","href":"https:\/\/api.w.org\/{rel}","templated":true}]}}