{"id":41545,"date":"2022-03-14T10:02:36","date_gmt":"2022-03-14T10:02:36","guid":{"rendered":"https:\/\/www.headshop.nl\/?post_type=product&#038;p=41545"},"modified":"2025-02-03T08:10:08","modified_gmt":"2025-02-03T08:10:08","slug":"mangonpapaya-flavored-hemp-wraps","status":"publish","type":"product","link":"https:\/\/www.headshop.nl\/pt\/mangonpapaya-flavored-hemp-wraps\/","title":{"rendered":"Com sabor a manga e papaia Hemp Wraps"},"content":{"rendered":"<h2>Hemp Wraps da Juicy Jay<\/h2>\n<p>Juicy Jay's ou simplesmente Juicy \u00e9 uma daquelas marcas de papel de enrolar que ou se ama ou se odeia. A sua cole\u00e7\u00e3o de papel de enrolar \u00e9 \u00fanica devido ao facto de todos os pap\u00e9is Juicy virem com um sabor e um design colorido. Qualquer sabor que possas imaginar, eles t\u00eam-no!<\/p>\n<p>Isto faz com que enrolar charros com papel aromatizado seja uma atividade excitante, porque o papel que escolheres afectar\u00e1 o sabor e o cheiro do teu charro. Escolha o seu sabor preferido e fume os seus charros com estilo!<\/p>","protected":false},"excerpt":{"rendered":"<p>O charro mais doce que existe e nem sequer \u00e9 um charro! \u00c9 um inv\u00f3lucro de c\u00e2nhamo, o que significa que \u00e9 feito de c\u00e2nhamo org\u00e2nico. Isto significa que o seu blunt ter\u00e1 um sabor extremamente agrad\u00e1vel e n\u00e3o estar\u00e1 a fumar qualquer tabaco. Espera a mesma experi\u00eancia de combust\u00e3o lenta do teu blunt normal, mas com melhor sabor e cheiro!<\/p>","protected":false},"featured_media":45625,"template":"","meta":[],"product_brand":[],"product_cat":[297,443,414,444,421],"product_tag":[],"class_list":{"0":"post-41545","1":"product","2":"type-product","3":"status-publish","4":"has-post-thumbnail","6":"product_cat-all-products","7":"product_cat-blunts","8":"product_cat-headshop","9":"product_cat-hemp-wraps","10":"product_cat-rolling-papers","11":"product_shipping_class-creditcard-on","13":"first","14":"instock","15":"taxable","16":"shipping-taxable","17":"purchasable","18":"product-type-variable","19":"has-default-attributes"},"_links":{"self":[{"href":"https:\/\/www.headshop.nl\/pt\/wp-json\/wp\/v2\/product\/41545","targetHints":{"allow":["GET"]}}],"collection":[{"href":"https:\/\/www.headshop.nl\/pt\/wp-json\/wp\/v2\/product"}],"about":[{"href":"https:\/\/www.headshop.nl\/pt\/wp-json\/wp\/v2\/types\/product"}],"wp:featuredmedia":[{"embeddable":true,"href":"https:\/\/www.headshop.nl\/pt\/wp-json\/wp\/v2\/media\/45625"}],"wp:attachment":[{"href":"https:\/\/www.headshop.nl\/pt\/wp-json\/wp\/v2\/media?parent=41545"}],"wp:term":[{"taxonomy":"product_brand","embeddable":true,"href":"https:\/\/www.headshop.nl\/pt\/wp-json\/wp\/v2\/product_brand?post=41545"},{"taxonomy":"product_cat","embeddable":true,"href":"https:\/\/www.headshop.nl\/pt\/wp-json\/wp\/v2\/product_cat?post=41545"},{"taxonomy":"product_tag","embeddable":true,"href":"https:\/\/www.headshop.nl\/pt\/wp-json\/wp\/v2\/product_tag?post=41545"}],"curies":[{"name":"wp","href":"https:\/\/api.w.org\/{rel}","templated":true}]}}