{"id":40195,"date":"2022-01-04T08:33:33","date_gmt":"2022-01-04T08:33:33","guid":{"rendered":"https:\/\/www.headshop.nl\/?post_type=product&#038;p=40195"},"modified":"2024-09-17T11:01:47","modified_gmt":"2024-09-17T11:01:47","slug":"amsterdam-xxx-flag-small-rolling-tray","status":"publish","type":"product","link":"https:\/\/www.headshop.nl\/pt\/amsterdam-xxx-flag-small-rolling-tray\/","title":{"rendered":"Bandeira XXX de Amesterd\u00e3o Pequeno Rolling Tray"},"content":{"rendered":"<h2>O que \u00e9 um tabuleiro rolante?<\/h2>\n<p>Um tabuleiro de enrolar \u00e9 a ferramenta perfeita para os fumadores di\u00e1rios e, de um modo geral, para os fumadores que sujam a casa toda. Sabe do que estamos a falar - peda\u00e7os de papel de enrolar, pequenas part\u00edculas de erva ou tabaco, pontas e todos os outros \"restos de enrolar\".<\/p>\n<p>Se te ofereceres um tabuleiro de enrolar, resolver\u00e1s dois problemas ao mesmo tempo: poder\u00e1s enrolar diretamente dentro ou em cima do tabuleiro de enrolar. Tamb\u00e9m poder\u00e1s colocar os teus pap\u00e9is de enrolar, pontas, moedor, caixas de armazenamento e todos os outros materiais para fumar dentro do tabuleiro. Depois, basta guard\u00e1-los at\u00e9 voltares a precisar deles.<\/p>\n<p>Este tabuleiro para fumadores \u00e9 indispens\u00e1vel porque os charros de enrolar envolvem muitos materiais diferentes para fumar. Com um tabuleiro de enrolar, mant\u00ea-los-\u00e1 no mesmo s\u00edtio e, al\u00e9m disso, ter\u00e1 menos confus\u00e3o em casa quando enrolar em cima do tabuleiro de enrolar.<\/p>\n<h2>Tamanhos diferentes de tabuleiros rolantes<\/h2>\n<p>Existem dois tamanhos principais de tabuleiro - pequeno e grande. Escolhe o pequeno se enrolas pequenos charros sozinho e te consideras um enrolador arrumado. Escolhe o grande se tamb\u00e9m enrolas charros para os teus amigos ou se simplesmente sentes que \u00e9s um enrolador desarrumado em geral. Em teoria, recomendamos sempre um tabuleiro de enrolar grande para todos, mas podes escolher um tabuleiro de enrolar pequeno se achares que um tabuleiro pequeno \u00e9 suficiente.<\/p>","protected":false},"excerpt":{"rendered":"<p>Pequeno tabuleiro rolante com bandeira de Amesterd\u00e3o preta, vermelha e branca e desenho XXX? Acabou-se a confus\u00e3o e o p\u00f3 de erva por toda a casa! Mant\u00e9m os teus esfor\u00e7os de enrolar menos desarrumados com um tabuleiro especial para enrolar juntas. Este tabuleiro de enrolar \u00e9 feito de metal leve e coberto com um revestimento non-stick. Espera-se uma experi\u00eancia de enrolar melhor e menos confusa. \u00c9 tamb\u00e9m um local perfeito para guardar todos os seus materiais de enrolar num s\u00f3 s\u00edtio!<\/p>","protected":false},"featured_media":40309,"template":"","meta":[],"product_brand":[],"product_cat":[297,414,416],"product_tag":[],"class_list":{"0":"post-40195","1":"product","2":"type-product","3":"status-publish","4":"has-post-thumbnail","6":"product_cat-all-products","7":"product_cat-headshop","8":"product_cat-rolling-trays","9":"product_shipping_class-creditcard-on","11":"first","12":"instock","13":"taxable","14":"shipping-taxable","15":"purchasable","16":"product-type-variable","17":"has-default-attributes"},"_links":{"self":[{"href":"https:\/\/www.headshop.nl\/pt\/wp-json\/wp\/v2\/product\/40195","targetHints":{"allow":["GET"]}}],"collection":[{"href":"https:\/\/www.headshop.nl\/pt\/wp-json\/wp\/v2\/product"}],"about":[{"href":"https:\/\/www.headshop.nl\/pt\/wp-json\/wp\/v2\/types\/product"}],"wp:featuredmedia":[{"embeddable":true,"href":"https:\/\/www.headshop.nl\/pt\/wp-json\/wp\/v2\/media\/40309"}],"wp:attachment":[{"href":"https:\/\/www.headshop.nl\/pt\/wp-json\/wp\/v2\/media?parent=40195"}],"wp:term":[{"taxonomy":"product_brand","embeddable":true,"href":"https:\/\/www.headshop.nl\/pt\/wp-json\/wp\/v2\/product_brand?post=40195"},{"taxonomy":"product_cat","embeddable":true,"href":"https:\/\/www.headshop.nl\/pt\/wp-json\/wp\/v2\/product_cat?post=40195"},{"taxonomy":"product_tag","embeddable":true,"href":"https:\/\/www.headshop.nl\/pt\/wp-json\/wp\/v2\/product_tag?post=40195"}],"curies":[{"name":"wp","href":"https:\/\/api.w.org\/{rel}","templated":true}]}}