{"id":39542,"date":"2021-12-06T11:47:08","date_gmt":"2021-12-06T11:47:08","guid":{"rendered":"https:\/\/www.headshop.nl\/?post_type=product&#038;p=39542"},"modified":"2025-02-03T12:19:36","modified_gmt":"2025-02-03T12:19:36","slug":"joint-roller-futurola-black","status":"publish","type":"product","link":"https:\/\/www.headshop.nl\/pt\/joint-roller-futurola-black\/","title":{"rendered":"Joint Roller Futurola Preto"},"content":{"rendered":"<h2>M\u00e1quina de laminagem de juntas de Futurola<\/h2>\n<p><span style=\"color: #000000; font-size: 14.4px;\">Como enrolar um charro de forma f\u00e1cil? Com a m\u00e1quina de enrolar charros Futurola, esque\u00e7a os charros desleixados ou com m\u00e1 combust\u00e3o. Cada junta ser\u00e1 enrolada rapidamente e todas as juntas ter\u00e3o o mesmo aspeto.\u00a0<\/span><\/p>\n<p>Trata-se de um dispositivo de enrolamento conjunto de can\u00e1bis que \u00e9 apreciado por muitos consumidores de can\u00e1bis em todo o mundo.<\/p>","protected":false},"excerpt":{"rendered":"<p><span style=\"font-size: 100%; color: #000000;\">Basta adicionar o seu papel de enrolar erva king-size, a ponta do filtro, colocar a mistura de erva, rod\u00e1-lo, lamb\u00ea-lo e aqui est\u00e1 o seu charro perfeitamente enrolado! O rolo para charros de cannabis \u00e9 o dispositivo perfeito para quem precisa de enrolar charros rapidamente ou n\u00e3o tem experi\u00eancia em enrolar. Torna o enrolamento de charros mais f\u00e1cil e r\u00e1pido!<\/span><\/p>","protected":false},"featured_media":39501,"template":"","meta":[],"product_brand":[],"product_cat":[414,297,704,448],"product_tag":[],"class_list":{"0":"post-39542","1":"product","2":"type-product","3":"status-publish","4":"has-post-thumbnail","6":"product_cat-headshop","7":"product_cat-all-products","8":"product_cat-joint-roller","9":"product_cat-rolling-machines","10":"product_shipping_class-creditcard-on","12":"first","13":"instock","14":"taxable","15":"shipping-taxable","16":"purchasable","17":"product-type-variable","18":"has-default-attributes"},"_links":{"self":[{"href":"https:\/\/www.headshop.nl\/pt\/wp-json\/wp\/v2\/product\/39542","targetHints":{"allow":["GET"]}}],"collection":[{"href":"https:\/\/www.headshop.nl\/pt\/wp-json\/wp\/v2\/product"}],"about":[{"href":"https:\/\/www.headshop.nl\/pt\/wp-json\/wp\/v2\/types\/product"}],"wp:featuredmedia":[{"embeddable":true,"href":"https:\/\/www.headshop.nl\/pt\/wp-json\/wp\/v2\/media\/39501"}],"wp:attachment":[{"href":"https:\/\/www.headshop.nl\/pt\/wp-json\/wp\/v2\/media?parent=39542"}],"wp:term":[{"taxonomy":"product_brand","embeddable":true,"href":"https:\/\/www.headshop.nl\/pt\/wp-json\/wp\/v2\/product_brand?post=39542"},{"taxonomy":"product_cat","embeddable":true,"href":"https:\/\/www.headshop.nl\/pt\/wp-json\/wp\/v2\/product_cat?post=39542"},{"taxonomy":"product_tag","embeddable":true,"href":"https:\/\/www.headshop.nl\/pt\/wp-json\/wp\/v2\/product_tag?post=39542"}],"curies":[{"name":"wp","href":"https:\/\/api.w.org\/{rel}","templated":true}]}}