{"id":38232,"date":"2021-10-26T07:46:39","date_gmt":"2021-10-26T07:46:39","guid":{"rendered":"https:\/\/www.headshop.nl\/?post_type=product&#038;p=38232"},"modified":"2025-02-14T08:02:53","modified_gmt":"2025-02-14T08:02:53","slug":"passion-flower-5x-extract","status":"publish","type":"product","link":"https:\/\/www.headshop.nl\/pt\/passion-flower-5x-extract\/","title":{"rendered":"Passion Flower 5X Extract"},"content":{"rendered":"<h2 data-start=\"464\" data-end=\"512\">O que \u00e9 McMystic Passion Flower - 5x Extract?<\/h2>\n<p data-start=\"514\" data-end=\"974\">McMystic Passion Flower - 5x Extract \u00e9 um suplemento altamente concentrado derivado da Passiflora Incarnata, uma planta conhecida pelos seus efeitos relaxantes e calmantes. Este extrato 5x \u00e9 muito mais forte do que o Passion Flower normal, oferecendo benef\u00edcios mais intensos e mantendo as propriedades naturais da planta. Tradicionalmente utilizado como rem\u00e9dio para a ansiedade, ins\u00f3nia e stress, o Passion Flower tem sido celebrado pela sua capacidade de acalmar tanto a mente como o corpo.<\/p>\n<p data-start=\"976\" data-end=\"1535\">Este extrato \u00e9 particularmente apreciado pelo seu potencial para aumentar os efeitos de outras subst\u00e2ncias psicoactivas. Actua como um inibidor natural da MAO, o que significa que pode aumentar a pot\u00eancia de outros compostos quando utilizados em conjunto. Quer seja utilizado sozinho pelas suas propriedades calmantes ou como suplemento de outros produtos, o McMystic Passion Flower 5x Extract \u00e9 conhecido por proporcionar uma experi\u00eancia relaxante e serena sem a utiliza\u00e7\u00e3o de produtos qu\u00edmicos agressivos. A forma concentrada oferece comodidade e efici\u00eancia, pois os utilizadores podem desfrutar dos benef\u00edcios com apenas uma pequena quantidade do extrato.<\/p>\n<h2 data-start=\"1542\" data-end=\"1592\">Hist\u00f3ria do McMystic Passion Flower - 5x Extract<\/h2>\n<p data-start=\"1594\" data-end=\"2161\">A hist\u00f3ria do Passion Flower remonta a s\u00e9culos, com as suas origens na Am\u00e9rica Central e do Sul. As culturas ind\u00edgenas h\u00e1 muito que utilizam a planta pelas suas propriedades medicinais, especialmente para tratar a ansiedade, a ins\u00f3nia e outras doen\u00e7as relacionadas com o stress. Os seus efeitos calmantes estavam bem documentados e rapidamente se espalharam pela Europa e outras partes do mundo, onde continuaram a ser utilizados como um rem\u00e9dio natural para v\u00e1rias doen\u00e7as. As propriedades \u00fanicas da planta prov\u00eam dos seus alcal\u00f3ides, flavon\u00f3ides e outros compostos que actuam em conjunto para promover o relaxamento e a calma.<\/p>\n<p data-start=\"2163\" data-end=\"2628\">A Passiflora Incarnata, a variedade utilizada no McMystic Passion Flower - 5x Extract, tornou-se uma das esp\u00e9cies mais populares pelos seus benef\u00edcios terap\u00eauticos. Com o tempo, os avan\u00e7os na medicina herbal permitiram formas mais concentradas da planta, levando \u00e0 cria\u00e7\u00e3o deste extrato 5x. Esta forma mais potente tornou ainda mais f\u00e1cil para os utilizadores experimentarem todos os benef\u00edcios do Passion Flower, oferecendo um al\u00edvio mais r\u00e1pido e eficaz do stress e da ansiedade.<\/p>\n<p data-start=\"2630\" data-end=\"2958\">O interesse crescente em suplementos naturais e rem\u00e9dios hol\u00edsticos levou a um ressurgimento da utiliza\u00e7\u00e3o do Passion Flower, com muitos a procurarem-no como uma alternativa natural aos tratamentos farmac\u00eauticos. Atualmente, McMystic Passion Flower - 5x Extract continua a tradi\u00e7\u00e3o de utilizar esta erva antiga para apoiar o bem-estar e o relaxamento.<\/p>\n<h2 data-start=\"2965\" data-end=\"3015\">Como utilizar McMystic Passion Flower - 5x Extract<\/h2>\n<p data-start=\"3017\" data-end=\"3472\">Para utilizar o McMystic Passion Flower - 5x Extract, basta medir uma pequena quantidade, normalmente cerca de 1 grama, e dissolv\u00ea-la em \u00e1gua, ch\u00e1 ou sumo para facilitar o consumo. Uma vez que se trata de um extrato concentrado, \u00e9 importante come\u00e7ar com uma dose mais baixa, especialmente para os utilizadores principiantes, e ajustar gradualmente at\u00e9 encontrar a quantidade ideal para as necessidades do teu corpo. Devido \u00e0 sua pot\u00eancia, um pouco \u00e9 suficiente, e 5 gramas do extrato podem proporcionar efeitos poderosos.<\/p>\n<p data-start=\"3474\" data-end=\"3917\">Para obter melhores resultados, recomenda-se tomar o extrato num ambiente calmo para beneficiar plenamente das suas propriedades relaxantes e calmantes. McMystic Passion Flower - 5x Extract pode tamb\u00e9m ser tomado em combina\u00e7\u00e3o com outros suplementos, nomeadamente os que t\u00eam um efeito calmante, pois aumenta a sua pot\u00eancia. No entanto, os utilizadores devem ser sempre cautelosos quando combinam extractos ou outras subst\u00e2ncias, pois os efeitos podem ser mais intensos do que o esperado.<\/p>\n<p data-start=\"3919\" data-end=\"4247\">Se estiver a utilizar o extrato para melhorar o sono ou reduzir a ansiedade, \u00e9 ideal tom\u00e1-lo \u00e0 noite, pois ajuda a acalmar a mente antes de se deitar. Siga sempre as instru\u00e7\u00f5es de dosagem recomendadas e consulte um profissional de sa\u00fade se tiver alguma d\u00favida sobre a combina\u00e7\u00e3o do extrato com outros medicamentos ou suplementos.<\/p>\n<h2 data-start=\"4254\" data-end=\"4308\">Ingredientes de McMystic Passion Flower - 5x Extract<\/h2>\n<p data-start=\"4310\" data-end=\"4737\">McMystic Passion Flower - 5x Extract \u00e9 feito a partir das folhas, caules e flores da Passiflora Incarnata. A planta \u00e9 conhecida pela sua variedade de compostos naturais que actuam em conjunto para produzir um efeito relaxante e calmante no corpo e na mente. Os principais ingredientes activos do Passion Flower s\u00e3o alcal\u00f3ides, flavon\u00f3ides e glicos\u00eddeos, todos eles com um papel na redu\u00e7\u00e3o da ansiedade e na promo\u00e7\u00e3o de uma sensa\u00e7\u00e3o de bem-estar.<\/p>\n<p data-start=\"4739\" data-end=\"5189\">O extrato 5x \u00e9 criado atrav\u00e9s do processamento cuidadoso da planta para concentrar estes compostos activos, tornando o extrato cinco vezes mais forte do que o Passion Flower normal. O processo envolve a secagem e a extra\u00e7\u00e3o dos compostos ben\u00e9ficos da planta, que s\u00e3o depois concentrados para produzir o potente extrato 5x. Isto permite uma maior concentra\u00e7\u00e3o dos ingredientes activos da planta, proporcionando aos utilizadores um efeito mais poderoso e um al\u00edvio mais r\u00e1pido.<\/p>\n<p data-start=\"5191\" data-end=\"5603\">O ingrediente principal do Passion Flower, o harman, \u00e9 um inibidor natural da MAO, que pode aumentar a efic\u00e1cia de outras subst\u00e2ncias. Como tal, o McMystic Passion Flower - 5x Extract \u00e9 frequentemente utilizado para aumentar os efeitos de outros produtos psicoactivos, mas deve ser utilizado com cuidado e modera\u00e7\u00e3o. O extrato tamb\u00e9m cont\u00e9m outros compostos, como a vitexina, que ajudam a acalmar o sistema nervoso e a apoiar o relaxamento.<\/p>\n<p><span style=\"color: #000000;\"><strong>Medicinal Utiliza\u00e7\u00f5es:<\/strong> Depend\u00eancia, Alcoolismo, Ansiedade, C\u00e2ndida\/fermento, Ch\u00e1s de ervas, Hipertens\u00e3o, Nervos\/Dores nas costas, Sono\/Ins\u00f3nia, Stop Smoking.<\/span><\/p>\n<p><span style=\"color: #000000;\"><strong>Propriedades:<\/strong> Analg\u00e9sico, Antidepressivo, Purgativo, Sedativo.<\/span><\/p>\n<p data-start=\"5610\" data-end=\"6114\" data-is-last-node=\"\"><strong data-start=\"5610\" data-end=\"5621\">Aviso<\/strong><br data-start=\"5621\" data-end=\"5624\" \/>McMystic Passion Flower - 5x Extract deve ser utilizado com precau\u00e7\u00e3o. Este produto n\u00e3o \u00e9 recomendado para pessoas com menos de 18 anos. Come\u00e7ar sempre com uma dose baixa e aumentar gradualmente para evitar efeitos inesperados. Utilizar com cuidado em combina\u00e7\u00e3o com outras subst\u00e2ncias psicoactivas, pois pode intensificar os seus efeitos. Mulheres gr\u00e1vidas ou a amamentar, indiv\u00edduos com problemas card\u00edacos ou que estejam a tomar medicamentos devem consultar um profissional de sa\u00fade antes de usar. Manter fora do alcance das crian\u00e7as.<\/p>\n<p>&nbsp;<\/p>","protected":false},"excerpt":{"rendered":"<p>Adicione uma pitada de paix\u00e3o ao seu dia. Passion Flower \u00e9 uma extra\u00e7\u00e3o superlativa e poderosa que lhe d\u00e1 qualidade e confian\u00e7a em cada gole. A passiflora demonstrou melhorar o sono, ajudar a controlar a tens\u00e3o arterial elevada e suprimir a ansiedade. Para quem procura mais do que apenas um ch\u00e1 normal - foi concebido com uma dose extra de poder!<\/p>","protected":false},"featured_media":81910,"template":"","meta":[],"product_brand":[],"product_cat":[384,297,391,389,457,818,406],"product_tag":[],"class_list":{"0":"post-38232","1":"product","2":"type-product","3":"status-publish","4":"has-post-thumbnail","6":"product_cat-smartshop","7":"product_cat-all-products","8":"product_cat-extracts","9":"product_cat-herbs","10":"product_cat-herbs-healthshop","11":"product_cat-mcmystic","12":"product_cat-psychedelic-herbs","14":"first","15":"instock","16":"taxable","17":"shipping-taxable","18":"purchasable","19":"product-type-variable","20":"has-default-attributes"},"_links":{"self":[{"href":"https:\/\/www.headshop.nl\/pt\/wp-json\/wp\/v2\/product\/38232","targetHints":{"allow":["GET"]}}],"collection":[{"href":"https:\/\/www.headshop.nl\/pt\/wp-json\/wp\/v2\/product"}],"about":[{"href":"https:\/\/www.headshop.nl\/pt\/wp-json\/wp\/v2\/types\/product"}],"wp:featuredmedia":[{"embeddable":true,"href":"https:\/\/www.headshop.nl\/pt\/wp-json\/wp\/v2\/media\/81910"}],"wp:attachment":[{"href":"https:\/\/www.headshop.nl\/pt\/wp-json\/wp\/v2\/media?parent=38232"}],"wp:term":[{"taxonomy":"product_brand","embeddable":true,"href":"https:\/\/www.headshop.nl\/pt\/wp-json\/wp\/v2\/product_brand?post=38232"},{"taxonomy":"product_cat","embeddable":true,"href":"https:\/\/www.headshop.nl\/pt\/wp-json\/wp\/v2\/product_cat?post=38232"},{"taxonomy":"product_tag","embeddable":true,"href":"https:\/\/www.headshop.nl\/pt\/wp-json\/wp\/v2\/product_tag?post=38232"}],"curies":[{"name":"wp","href":"https:\/\/api.w.org\/{rel}","templated":true}]}}