{"id":38231,"date":"2021-10-26T07:37:52","date_gmt":"2021-10-26T07:37:52","guid":{"rendered":"https:\/\/www.headshop.nl\/?post_type=product&#038;p=38231"},"modified":"2025-02-14T08:13:51","modified_gmt":"2025-02-14T08:13:51","slug":"absinth-10x-extract","status":"publish","type":"product","link":"https:\/\/www.headshop.nl\/pt\/absinth-10x-extract\/","title":{"rendered":"Absinth 10X Extract"},"content":{"rendered":"<h2 data-start=\"0\" data-end=\"42\">O que \u00e9 a Artemisia Absinthium Extract?<\/h2>\n<p data-start=\"44\" data-end=\"418\">Artemisia Absinthium Extract \u00e9 derivado dos gomos (<em data-start=\"99\" data-end=\"108\">knoppen<\/em>) do <em data-start=\"117\" data-end=\"139\">Artemisia absinthium<\/em> planta, vulgarmente conhecida como absinto. Esta erva rara e historicamente significativa \u00e9 mais conhecida pelo seu papel na cria\u00e7\u00e3o do Absinthe, uma bebida alco\u00f3lica forte associada a artistas e criativos que procuravam a sua reputada capacidade de aumentar o relaxamento e despertar a inspira\u00e7\u00e3o.<\/p>\n<p data-start=\"420\" data-end=\"958\">Com uma hist\u00f3ria enraizada na medicina tradicional, o absinto h\u00e1 muito que \u00e9 valorizado pelos seus benef\u00edcios digestivos e propriedades medicinais. O extrato \u00e9 uma forma altamente concentrada da planta, oferecendo um efeito mais potente do que as ervas secas. Pode ser utilizado de v\u00e1rias formas, como por exemplo, em ch\u00e1 para uma experi\u00eancia calmante ou adicionado a bebidas alco\u00f3licas para um sabor e efeito distintos. O impacto do extrato varia de acordo com o estado mental e f\u00edsico do utilizador, tornando-o uma erva \u00fanica com apelo terap\u00eautico e recreativo.<\/p>\n<h2 data-start=\"960\" data-end=\"1008\">A hist\u00f3ria de Artemisia Absinthium Extract<\/h2>\n<p data-start=\"1010\" data-end=\"1390\">A utiliza\u00e7\u00e3o de <em data-start=\"1021\" data-end=\"1043\">Artemisia absinthium<\/em> remonta \u00e0s civiliza\u00e7\u00f5es antigas, onde era amplamente reconhecido pelas suas propriedades medicinais. Historicamente, era utilizado para ajudar a digest\u00e3o e era um componente chave nos primeiros tratamentos m\u00e9dicos. Durante os s\u00e9culos XVIII e XIX, o absinto tornou-se uma parte essencial dos botic\u00e1rios e era altamente considerado pelos curandeiros pelos seus benef\u00edcios terap\u00eauticos.<\/p>\n<p data-start=\"1392\" data-end=\"1844\">A planta ganhou notoriedade no s\u00e9culo XIX devido \u00e0 sua inclus\u00e3o no Absinthe, uma bebida popular e altamente alco\u00f3lica conhecida como a \"Fada Verde\". O Absinthe era particularmente apreciado em Fran\u00e7a, onde artistas e escritores, incluindo Van Gogh, procuravam os seus alegados efeitos criativos e calmantes. No entanto, a preocupa\u00e7\u00e3o com as suas propriedades psicoactivas levou a uma proibi\u00e7\u00e3o generalizada no in\u00edcio do s\u00e9culo XX, pois acreditava-se que causava alucina\u00e7\u00f5es e depend\u00eancia.<\/p>\n<p data-start=\"1846\" data-end=\"2121\">Apesar destas proibi\u00e7\u00f5es, o interesse pelo <em data-start=\"1878\" data-end=\"1900\">Artemisia absinthium<\/em> nunca desapareceu. A investiga\u00e7\u00e3o moderna e a evolu\u00e7\u00e3o da regulamenta\u00e7\u00e3o permitiram o ressurgimento do extrato sob v\u00e1rias formas, agora apreciado tanto pelo seu significado hist\u00f3rico como pelo seu potencial de relaxamento e bem-estar.<\/p>\n<h2 data-start=\"2123\" data-end=\"2167\">Como utilizar o Artemisia Absinthium Extract<\/h2>\n<p data-start=\"2169\" data-end=\"2294\">Como a Artemisia Absinthium Extract \u00e9 altamente concentrada, a utiliza\u00e7\u00e3o correta \u00e9 essencial para uma experi\u00eancia segura e agrad\u00e1vel.<\/p>\n<ul data-start=\"2296\" data-end=\"3036\">\n<li data-start=\"2296\" data-end=\"2575\"><strong data-start=\"2298\" data-end=\"2318\">Prepara\u00e7\u00e3o do ch\u00e1:<\/strong> Dissolver uma pequena quantidade de extrato em \u00e1gua quente para criar um ch\u00e1 de ervas calmante. Este m\u00e9todo \u00e9 particularmente eficaz para ajudar a digest\u00e3o e proporcionar um efeito calmante. Devido \u00e0 sua pot\u00eancia, s\u00e3o necess\u00e1rias apenas algumas gotas ou uma pequena por\u00e7\u00e3o por dose.<\/li>\n<li data-start=\"2576\" data-end=\"2843\"><strong data-start=\"2578\" data-end=\"2602\">Bebidas alco\u00f3licas:<\/strong> O extrato pode ser adicionado ao \u00e1lcool, como o vodka ou o Absinthe, para real\u00e7ar o sabor e criar uma experi\u00eancia de consumo \u00fanica. No entanto, os utilizadores devem ter em aten\u00e7\u00e3o o potencial para efeitos mais fortes quando combinam o extrato com \u00e1lcool.<\/li>\n<li data-start=\"2844\" data-end=\"3036\"><strong data-start=\"2846\" data-end=\"2872\">Considera\u00e7\u00f5es sobre a dosagem:<\/strong> Os utilizadores principiantes devem come\u00e7ar com uma dose baixa para avaliar a resposta do seu corpo antes de aumentar a quantidade. As reac\u00e7\u00f5es individuais podem variar, pelo que se aconselha cautela.<\/li>\n<\/ul>\n<h2 data-start=\"3038\" data-end=\"3086\">Ingredientes de Artemisia Absinthium Extract<\/h2>\n<p data-start=\"3088\" data-end=\"3259\">O ingrediente principal deste extrato \u00e9 <em data-start=\"3130\" data-end=\"3152\">Artemisia absinthium<\/em> (Absinto), que cont\u00e9m v\u00e1rios compostos activos respons\u00e1veis pelos seus efeitos. Os principais componentes incluem:<\/p>\n<ul data-start=\"3261\" data-end=\"3726\">\n<li data-start=\"3261\" data-end=\"3438\"><strong data-start=\"3263\" data-end=\"3275\">Thujone:<\/strong> Um composto natural que se cr\u00ea contribuir para as propriedades psicoactivas do absinto, especialmente quando consumido em grandes quantidades ou misturado com \u00e1lcool.<\/li>\n<li data-start=\"3439\" data-end=\"3565\"><strong data-start=\"3441\" data-end=\"3460\">\u00d3leos essenciais:<\/strong> 1TP289Feitos a partir dos bot\u00f5es e das folhas da planta, estes \u00f3leos oferecem potenciais benef\u00edcios calmantes e digestivos.<\/li>\n<li data-start=\"3566\" data-end=\"3726\"><strong data-start=\"3568\" data-end=\"3618\">Compostos antibacterianos e anti-inflamat\u00f3rios:<\/strong> O absinto tem sido tradicionalmente utilizado pela sua capacidade de combater infec\u00e7\u00f5es e apoiar o bem-estar geral.<\/li>\n<\/ul>\n<p data-start=\"3728\" data-end=\"3877\">Devido \u00e0 sua pot\u00eancia natural, a Artemisia Absinthium Extract deve ser utilizada de forma respons\u00e1vel, uma vez que os efeitos podem variar consoante a fisiologia e a dosagem individuais.<\/p>\n<p data-start=\"3879\" data-end=\"3891\"><strong>Aviso<\/strong><\/p>\n<p data-start=\"3893\" data-end=\"4004\">Embora a Artemisia Absinthium Extract possa proporcionar relaxamento e al\u00edvio digestivo, deve ser utilizada com precau\u00e7\u00e3o:<\/p>\n<ul data-start=\"4006\" data-end=\"4392\">\n<li data-start=\"4006\" data-end=\"4115\"><strong data-start=\"4008\" data-end=\"4040\">Evitar o consumo excessivo,<\/strong> especialmente em combina\u00e7\u00e3o com \u00e1lcool, uma vez que os efeitos podem ser imprevis\u00edveis.<\/li>\n<li data-start=\"4116\" data-end=\"4239\"><strong data-start=\"4118\" data-end=\"4155\">Consultar um profissional de sa\u00fade<\/strong> N\u00e3o utilizar o produto se estiver gr\u00e1vida, a amamentar ou se tiver problemas de sa\u00fade pr\u00e9-existentes.<\/li>\n<li data-start=\"4240\" data-end=\"4322\"><strong data-start=\"4242\" data-end=\"4267\">Comece com uma dose baixa<\/strong> para compreender como o seu corpo reage ao extrato.<\/li>\n<li data-start=\"4323\" data-end=\"4392\"><strong data-start=\"4325\" data-end=\"4358\">Manter fora do alcance das crian\u00e7as<\/strong> e conservar num local fresco e seco.<\/li>\n<\/ul>\n<p data-start=\"4394\" data-end=\"4544\" data-is-last-node=\"\">Utilizada com modera\u00e7\u00e3o, a Artemisia Absinthium Extract proporciona uma liga\u00e7\u00e3o fascinante \u00e0 hist\u00f3ria, ao mesmo tempo que oferece potenciais benef\u00edcios para o relaxamento e o bem-estar.<\/p>","protected":false},"excerpt":{"rendered":"<p>H\u00e1 milhares de anos que as pessoas preparam bebidas com esta planta vers\u00e1til. Descubra porque \u00e9 que o xarope que cont\u00e9m as qualidades medicinais extraordinariamente amargas pode ser o seu novo intensificador de sabor favorito. Tem ervas de alta qualidade? N\u00e3o procure mais, Absinth 10X Extract! At\u00e9 \u00e0 proibi\u00e7\u00e3o, esta bebida era utilizada por artistas para serem criativos. Para al\u00e9m disso, tem um sabor fant\u00e1stico! Prometemos que a tua criatividade nunca mais ser\u00e1 a mesma.<\/p>","protected":false},"featured_media":81914,"template":"","meta":[],"product_brand":[],"product_cat":[384,297,391,389,457,818,406],"product_tag":[],"class_list":{"0":"post-38231","1":"product","2":"type-product","3":"status-publish","4":"has-post-thumbnail","6":"product_cat-smartshop","7":"product_cat-all-products","8":"product_cat-extracts","9":"product_cat-herbs","10":"product_cat-herbs-healthshop","11":"product_cat-mcmystic","12":"product_cat-psychedelic-herbs","14":"first","15":"instock","16":"taxable","17":"shipping-taxable","18":"purchasable","19":"product-type-variable","20":"has-default-attributes"},"_links":{"self":[{"href":"https:\/\/www.headshop.nl\/pt\/wp-json\/wp\/v2\/product\/38231","targetHints":{"allow":["GET"]}}],"collection":[{"href":"https:\/\/www.headshop.nl\/pt\/wp-json\/wp\/v2\/product"}],"about":[{"href":"https:\/\/www.headshop.nl\/pt\/wp-json\/wp\/v2\/types\/product"}],"wp:featuredmedia":[{"embeddable":true,"href":"https:\/\/www.headshop.nl\/pt\/wp-json\/wp\/v2\/media\/81914"}],"wp:attachment":[{"href":"https:\/\/www.headshop.nl\/pt\/wp-json\/wp\/v2\/media?parent=38231"}],"wp:term":[{"taxonomy":"product_brand","embeddable":true,"href":"https:\/\/www.headshop.nl\/pt\/wp-json\/wp\/v2\/product_brand?post=38231"},{"taxonomy":"product_cat","embeddable":true,"href":"https:\/\/www.headshop.nl\/pt\/wp-json\/wp\/v2\/product_cat?post=38231"},{"taxonomy":"product_tag","embeddable":true,"href":"https:\/\/www.headshop.nl\/pt\/wp-json\/wp\/v2\/product_tag?post=38231"}],"curies":[{"name":"wp","href":"https:\/\/api.w.org\/{rel}","templated":true}]}}