{"id":38221,"date":"2021-10-26T07:07:31","date_gmt":"2021-10-26T07:07:31","guid":{"rendered":"https:\/\/www.headshop.nl\/?post_type=product&#038;p=38221"},"modified":"2025-11-18T14:37:56","modified_gmt":"2025-11-18T14:37:56","slug":"kratom-15x-extract","status":"publish","type":"product","link":"https:\/\/www.headshop.nl\/pt\/kratom-15x-extract\/","title":{"rendered":"Kratom 15X Extract"},"content":{"rendered":"<h2 data-pm-slice=\"1 3 []\">O que \u00e9 o Thaise Mitragyna Speciosa - Kratom 15x?<\/h2>\n<p>Thaise Mitragyna Speciosa - Kratom O extrato 15x \u00e9 uma forma altamente concentrada de kratom, derivada de folhas de Mitragyna Speciosa de primeira qualidade, nativas da Thailand. Este extrato \u00e9 significativamente mais potente do que as folhas de kratom secas normais, oferecendo um efeito poderoso e duradouro. O Kratom cont\u00e9m m\u00faltiplos alcal\u00f3ides activos, principalmente mitragina e 7-hidroximitragina, que interagem com o corpo para proporcionar um equil\u00edbrio \u00fanico de estimula\u00e7\u00e3o e relaxamento.<\/p>\n<p>Os efeitos da Thaise Mitragyna Speciosa - Kratom 15x variam consoante a dosagem. Em doses mais baixas, melhora a concentra\u00e7\u00e3o, aumenta a energia e promove um estado de esp\u00edrito positivo. Em doses mais elevadas, proporciona relaxamento e al\u00edvio do stress. Devido \u00e0 sua natureza concentrada, \u00e9 necess\u00e1ria apenas uma pequena quantidade para obter os efeitos desejados, o que a torna uma op\u00e7\u00e3o eficaz tanto para utilizadores experientes como para principiantes.<\/p>\n<h2>Hist\u00f3ria de Thaise Mitragyna Speciosa - Kratom 15x<\/h2>\n<p>A Kratom tem uma hist\u00f3ria rica no Sudeste Asi\u00e1tico, particularmente na Thail\u00e2ndia, Indon\u00e9sia e Mal\u00e1sia, onde \u00e9 utilizada h\u00e1 s\u00e9culos. Tradicionalmente, os trabalhadores e agricultores mastigavam folhas cruas de Mitragyna Speciosa para combater a fadiga, aliviar a dor, e aumentar a resist\u00eancia durante longas horas de trabalho. Com o tempo, a kratom tornou-se uma parte essencial da medicina tradicional, valorizada pela sua capacidade de apoiar o relaxamento, aumentar a clareza mental, e promover o bem-estar geral.<\/p>\n<p>\u00c0 medida que a kratom ganhou reconhecimento fora da \u00c1sia, investigadores e entusiastas de ervas desenvolveram extractos potentes como o Thaise Mitragyna Speciosa - Kratom 15x. Estes extractos oferecem efeitos mais fortes em doses mais pequenas, tornando a kratom mais acess\u00edvel e conveniente de consumir, mantendo a sua pot\u00eancia natural.<\/p>\n<p>Hoje em dia, a kratom \u00e9 amplamente usada no Ocidente para relaxar, melhorar o humor e como estimulante natural de energia. A sua capacidade de proporcionar efeitos estimulantes e calmantes tornou-a num dos produtos bot\u00e2nicos mais procurados em todo o mundo.<\/p>\n<h2>Como utilizar Thaise Mitragyna Speciosa - Kratom 15x<\/h2>\n<p>Devido \u00e0 sua elevada pot\u00eancia, o extrato Thaise Mitragyna Speciosa - Kratom 15x deve ser usado com precau\u00e7\u00e3o. O m\u00e9todo mais comum de consumo \u00e9 prepar\u00e1-lo como ch\u00e1. Para fazeres ch\u00e1 de kratom, dissolve aproximadamente 0.2 gramas do extrato em \u00e1gua morna e mexe bem. Deixar em infus\u00e3o durante alguns minutos ajuda a libertar os seus alcal\u00f3ides activos, melhorando a experi\u00eancia geral.<\/p>\n<p>Para aqueles que acham o amargor natural da kratom desagrad\u00e1vel, mistur\u00e1-la com sumo de fruta, como o sumo de laranja, pode ajudar a disfar\u00e7ar o sabor sem afetar os seus efeitos. Em doses baixas, a Thaise Mitragyna Speciosa - Kratom 15x d\u00e1 um impulso energ\u00e9tico, tornando-a ideal para uso diurno. Em doses mais elevadas, induz o relaxamento e pode ser mais adequada para uso noturno.<\/p>\n<p>Os efeitos variam consoante a toler\u00e2ncia individual, o metabolismo e a qu\u00edmica corporal. Alguns utilizadores relatam um aumento da concentra\u00e7\u00e3o e da motiva\u00e7\u00e3o, enquanto outros consideram-na eficaz no al\u00edvio do stress e no bem-estar geral. Recomenda-se come\u00e7ar com uma dose baixa e ajustar gradualmente para encontrar a quantidade ideal que melhor se adapta \u00e0s necessidades pessoais.<\/p>\n<h2>Ingredientes de Thaise Mitragyna Speciosa - Kratom 15x<\/h2>\n<p>O extrato Thaise Mitragyna Speciosa - Kratom 15x \u00e9 feito a partir de folhas de kratom cuidadosamente selecionadas, provenientes de \u00e1rvores de Mitragyna Speciosa de alta qualidade da Thailand. Este extrato cont\u00e9m uma quantidade concentrada de mitragina e 7-hidroximitragina, os dois alcal\u00f3ides prim\u00e1rios respons\u00e1veis pelos efeitos da kratom.<\/p>\n<ul data-spread=\"false\">\n<li><strong>Mitragina<\/strong>: O alcaloide dominante, conhecido pelas suas propriedades estimulantes e de melhoria do humor. Em doses mais pequenas, promove o estado de alerta, a concentra\u00e7\u00e3o e uma sensa\u00e7\u00e3o geral de bem-estar.<\/li>\n<li><strong>7-Hidroximitragina<\/strong>: Um alcaloide potente com efeitos mais relaxantes e calmantes, ben\u00e9fico para o al\u00edvio do stress e o relaxamento.<\/li>\n<\/ul>\n<p>Ao contr\u00e1rio da kratom em p\u00f3 tradicional, este extrato 15x passa por um processo de extra\u00e7\u00e3o especializado que aumenta significativamente a sua pot\u00eancia. Como resultado, s\u00e3o necess\u00e1rias doses muito mais pequenas em compara\u00e7\u00e3o com a kratom em p\u00f3 normal, tornando a Thaise Mitragyna Speciosa - Kratom 15x uma op\u00e7\u00e3o eficiente e conveniente para quem procura todos os benef\u00edcios da kratom numa forma concentrada.<\/p>\n<h2>Aviso<\/h2>\n<p>Thaise Mitragyna Speciosa - Kratom O extrato 15x \u00e9 um produto altamente concentrado e deve ser utilizado de forma respons\u00e1vel.<\/p>\n<ul data-spread=\"false\">\n<li>N\u00e3o \u00e9 adequado para pessoas com menos de 18 anos.<\/li>\n<li>Evitar o consumo excessivo, pois doses elevadas podem provocar n\u00e1useas, tonturas ou secura da boca.<\/li>\n<li>Mulheres gr\u00e1vidas ou a amamentar, indiv\u00edduos com problemas card\u00edacos ou que estejam a tomar medicamentos devem consultar um profissional de sa\u00fade antes de os utilizar.<\/li>\n<li>Conservar num local fresco e seco e manter fora do alcance das crian\u00e7as.<\/li>\n<\/ul>","protected":false},"excerpt":{"rendered":"<p>Acontece que as pessoas do sudeste asi\u00e1tico t\u00eam vindo a explorar formas de melhorar a sua vida com Kratom h\u00e1 centenas de anos! Pode desfrutar de muitos efeitos surpreendentes, como n\u00edveis de energia mais elevados e melhor concentra\u00e7\u00e3o. Ou se precisar apenas de um pouco de relaxamento ou menos dor, o Kratom tamb\u00e9m est\u00e1 feliz em ajudar. Tudo come\u00e7a com a compreens\u00e3o de como esta planta fascinante pode ser vers\u00e1til!<\/p>","protected":false},"featured_media":81915,"template":"","meta":[],"product_brand":[],"product_cat":[390,297,391,389,818,396,405,384],"product_tag":[],"class_list":{"0":"post-38221","1":"product","2":"type-product","3":"status-publish","4":"has-post-thumbnail","6":"product_cat-kratom","7":"product_cat-all-products","8":"product_cat-extracts","9":"product_cat-herbs","10":"product_cat-mcmystic","11":"product_cat-relax","12":"product_cat-relax-herbs","13":"product_cat-smartshop","14":"product_shipping_class-group-7","16":"first","17":"instock","18":"taxable","19":"shipping-taxable","20":"purchasable","21":"product-type-variable","22":"has-default-attributes"},"_links":{"self":[{"href":"https:\/\/www.headshop.nl\/pt\/wp-json\/wp\/v2\/product\/38221","targetHints":{"allow":["GET"]}}],"collection":[{"href":"https:\/\/www.headshop.nl\/pt\/wp-json\/wp\/v2\/product"}],"about":[{"href":"https:\/\/www.headshop.nl\/pt\/wp-json\/wp\/v2\/types\/product"}],"wp:featuredmedia":[{"embeddable":true,"href":"https:\/\/www.headshop.nl\/pt\/wp-json\/wp\/v2\/media\/81915"}],"wp:attachment":[{"href":"https:\/\/www.headshop.nl\/pt\/wp-json\/wp\/v2\/media?parent=38221"}],"wp:term":[{"taxonomy":"product_brand","embeddable":true,"href":"https:\/\/www.headshop.nl\/pt\/wp-json\/wp\/v2\/product_brand?post=38221"},{"taxonomy":"product_cat","embeddable":true,"href":"https:\/\/www.headshop.nl\/pt\/wp-json\/wp\/v2\/product_cat?post=38221"},{"taxonomy":"product_tag","embeddable":true,"href":"https:\/\/www.headshop.nl\/pt\/wp-json\/wp\/v2\/product_tag?post=38221"}],"curies":[{"name":"wp","href":"https:\/\/api.w.org\/{rel}","templated":true}]}}