{"id":37835,"date":"2021-10-15T08:19:20","date_gmt":"2021-10-15T08:19:20","guid":{"rendered":"https:\/\/www.headshop.nl\/?post_type=product&#038;p=37835"},"modified":"2025-11-18T14:37:59","modified_gmt":"2025-11-18T14:37:59","slug":"yellow-borneo-kratom","status":"publish","type":"product","link":"https:\/\/www.headshop.nl\/pt\/yellow-borneo-kratom\/","title":{"rendered":"Yellow Borneo Kratom"},"content":{"rendered":"<h2 data-start=\"396\" data-end=\"430\">O que \u00e9 o Yellow Borneo Kratom?<\/h2>\n<p data-start=\"431\" data-end=\"1166\">A Yellow Borneo Kratom \u00e9 uma variedade espec\u00edfica da \u00e1rvore Mitragyna speciosa, normalmente conhecida pelos seus efeitos estimulantes. O seu nome vem da regi\u00e3o de Born\u00e9u, onde a planta \u00e9 cultivada principalmente, e da sua tonalidade amarela carater\u00edstica. O processo de secagem \u00fanico, que envolve uma secagem r\u00e1pida ao sol, \u00e9 o que d\u00e1 a esta variedade o seu perfil de sabor distinto e os seus efeitos potentes. As folhas da Yellow Borneo Kratom s\u00e3o cuidadosamente processadas para manter a sua efic\u00e1cia e minimizar o amargor, embora ainda tenha um sabor ligeiramente amargo em compara\u00e7\u00e3o com outras variedades. Muitos utilizadores optam por esta Kratom em bebidas como batidos, sumos de fruta ou chocolates caseiros, e \u00e9 muito utilizada por atletas e por quem procura um impulso energ\u00e9tico extra.<\/p>\n<p data-start=\"1168\" data-end=\"1607\">A Yellow Borneo Kratom tamb\u00e9m \u00e9 conhecida pelos seus efeitos ligeiramente mais estimulantes do que outras estirpes de Kratom. Isto torna-a popular para aumentar a energia f\u00edsica e mental. Embora alguns a possam achar mais amarga, continua a ser altamente valorizada devido \u00e0s suas propriedades naturais de aumento de energia. Para quem procura aumentar a concentra\u00e7\u00e3o, a aten\u00e7\u00e3o e o bem-estar geral, a Yellow Borneo Kratom oferece uma alternativa natural aos estimulantes mais tradicionais.<\/p>\n<h2 data-start=\"1614\" data-end=\"1650\">Hist\u00f3ria do Yellow Borneo Kratom<\/h2>\n<p data-start=\"1651\" data-end=\"2275\">A hist\u00f3ria do Yellow Borneo Kratom remonta \u00e0s culturas ind\u00edgenas do Sudeste Asi\u00e1tico, onde o Kratom \u00e9 utilizado h\u00e1 s\u00e9culos pelas suas propriedades medicinais e terap\u00eauticas. A \u00e1rvore Mitragyna speciosa, de onde prov\u00e9m o Kratom, \u00e9 nativa das regi\u00f5es tropicais do Sudeste Asi\u00e1tico, nomeadamente da Thail\u00e2ndia, Mal\u00e1sia e Indon\u00e9sia. Ao longo do tempo, foram desenvolvidas e aperfei\u00e7oadas diferentes estirpes de Kratom, tendo cada estirpe recebido o nome da regi\u00e3o onde foi cultivada. A Yellow Borneo Kratom, especificamente, \u00e9 origin\u00e1ria da ilha de Born\u00e9u, que \u00e9 conhecida pelas condi\u00e7\u00f5es ideais de clima e solo para o cultivo da Kratom.<\/p>\n<p data-start=\"2277\" data-end=\"2907\">Embora o Kratom tenha sido tradicionalmente utilizado para o controlo da dor e como estimulante energ\u00e9tico no Sudeste Asi\u00e1tico, a popularidade do Yellow Borneo Kratom cresceu rapidamente no Ocidente, especialmente na Calif\u00f3rnia. O seu amargor suave, o seu processo de secagem \u00fanico e a sua capacidade de produzir efeitos estimulantes e calmantes tornaram-no num favorito entre os entusiastas do Kratom. Na Calif\u00f3rnia, ganhou reconhecimento como um ingrediente vers\u00e1til para batidos, bebidas energ\u00e9ticas e at\u00e9 mesmo para receitas de pequeno-almo\u00e7o preocupadas com a sa\u00fade. Esta combina\u00e7\u00e3o de hist\u00f3ria e inova\u00e7\u00e3o cimentou o lugar do Yellow Borneo Kratom como um elemento b\u00e1sico no mundo dos suplementos naturais.<\/p>\n<h2 data-start=\"2914\" data-end=\"2950\">Como utilizar o Yellow Borneo Kratom<\/h2>\n<p data-start=\"2951\" data-end=\"3350\">Para utilizar eficazmente o Yellow Borneo Kratom, o mais comum \u00e9 prepar\u00e1-lo num ch\u00e1. O m\u00e9todo recomendado \u00e9 dissolver 4 a 5 gramas do Kratom em p\u00f3 em \u00e1gua quente, entre 70 e 95 graus Celsius. O ch\u00e1 deve ficar em infus\u00e3o durante cerca de 3 a 5 minutos para garantir que os compostos activos do Kratom s\u00e3o devidamente extra\u00eddos. N\u00e3o \u00e9 necess\u00e1rio coar o ch\u00e1, pois todas as partes das folhas podem ser consumidas.<\/p>\n<p data-start=\"3352\" data-end=\"3876\">Alguns utilizadores preferem adicionar fruta ou mel ao ch\u00e1 para reduzir o amargor, tornando-o uma bebida mais agrad\u00e1vel. Al\u00e9m disso, a Yellow Borneo Kratom pode ser misturada em smoothies ou batidos, onde se mistura bem com outros ingredientes e proporciona um aumento de energia que dura todo o dia. Para quem procura um efeito ligeiro, recomenda-se o consumo de 3 a 5 gramas. \u00c9 importante notar que os efeitos do Kratom podem variar consoante o peso corporal do indiv\u00edduo, a sua sensibilidade e a for\u00e7a do Kratom que est\u00e1 a ser utilizado.<\/p>\n<p data-start=\"3878\" data-end=\"4083\">Como acontece com qualquer suplemento de ervas, \u00e9 essencial come\u00e7ar com uma pequena dose para avaliar a resposta do seu corpo. Ao longo do tempo, alguns utilizadores podem achar que precisam de ajustar a sua dosagem para obter os efeitos desejados.<\/p>\n<h2 data-start=\"4090\" data-end=\"4130\">Ingredientes de Yellow Borneo Kratom<\/h2>\n<p data-start=\"4131\" data-end=\"4659\">O ingrediente principal do Yellow Borneo Kratom \u00e9 o p\u00f3 de folhas secas da \u00e1rvore Mitragyna speciosa. As folhas da \u00e1rvore s\u00e3o cuidadosamente colhidas, processadas e secas utilizando um m\u00e9todo \u00fanico que confere ao Yellow Borneo as suas carater\u00edsticas distintas. O processo de secagem, que envolve um breve per\u00edodo ao sol, melhora o perfil alcaloide do Kratom, particularmente os seus compostos activos, a mitragina e a 7-hidroximitragina. Estes compostos s\u00e3o respons\u00e1veis pelos efeitos estimulantes e calmantes normalmente associados ao Kratom.<\/p>\n<p data-start=\"4661\" data-end=\"5050\">A \u00e1rvore Mitragyna speciosa prospera nos climas h\u00famidos e tropicais do Sudeste Asi\u00e1tico, especialmente nas regi\u00f5es de Born\u00e9u e Sumatra. As folhas de alta qualidade colhidas nestas zonas s\u00e3o mo\u00eddas num p\u00f3 fino e embaladas para consumo. Sendo um produto natural, o Yellow Borneo Kratom n\u00e3o cont\u00e9m subst\u00e2ncias qu\u00edmicas ou artificiais adicionadas, o que faz dele um suplemento puro \u00e0 base de plantas.<\/p>\n<p data-start=\"5052\" data-end=\"5361\">O teor de alcal\u00f3ides da Kratom pode variar consoante a estirpe e o processo de secagem, e a Yellow Borneo \u00e9 conhecida pelos seus efeitos equilibrados, proporcionando aos utilizadores energia e um ligeiro relaxamento. A forma em p\u00f3 das folhas garante um consumo f\u00e1cil e vers\u00e1til, quer seja misturada num ch\u00e1, batido ou outras bebidas.<\/p>\n<p data-start=\"5368\" data-end=\"5700\" data-is-last-node=\"\"><strong data-start=\"5368\" data-end=\"5380\">Aviso:<\/strong><br data-start=\"5380\" data-end=\"5383\" \/>Este produto n\u00e3o se destina a ser vendido ou utilizado por pessoas com menos de 18 anos de idade. Manter fora do alcance das crian\u00e7as. N\u00e3o utilizar se tiver tens\u00e3o arterial alta ou baixa, problemas card\u00edacos ou pulmonares, diabetes, estiver gr\u00e1vida ou a tomar medicamentos, drogas ou \u00e1lcool. Consultar sempre um profissional de sa\u00fade antes de utilizar qualquer suplemento.<\/p>","protected":false},"excerpt":{"rendered":"<p>A Yellow Borneo Kratom \u00e9 uma variedade \u00fanica conhecida pelos seus efeitos potentes, colhida da \u00e1rvore Mitragyna speciosa. Processada atrav\u00e9s de um m\u00e9todo de secagem breve ao sol, \u00e9 particularmente popular na Calif\u00f3rnia, onde \u00e9 adicionada a batidos, bebidas de fruta e at\u00e9 a refei\u00e7\u00f5es ao pequeno-almo\u00e7o para dar um impulso energ\u00e9tico. Com um sabor ligeiramente amargo, pode ser suavizado com fruta ou mel.<\/p>","protected":false},"featured_media":82195,"template":"","meta":[],"product_brand":[],"product_cat":[390,297,389,817,396,405,384],"product_tag":[],"class_list":{"0":"post-37835","1":"product","2":"type-product","3":"status-publish","4":"has-post-thumbnail","6":"product_cat-kratom","7":"product_cat-all-products","8":"product_cat-herbs","9":"product_cat-kratopia","10":"product_cat-relax","11":"product_cat-relax-herbs","12":"product_cat-smartshop","13":"product_shipping_class-group-7","15":"first","16":"instock","17":"taxable","18":"shipping-taxable","19":"purchasable","20":"product-type-variable","21":"has-default-attributes"},"_links":{"self":[{"href":"https:\/\/www.headshop.nl\/pt\/wp-json\/wp\/v2\/product\/37835","targetHints":{"allow":["GET"]}}],"collection":[{"href":"https:\/\/www.headshop.nl\/pt\/wp-json\/wp\/v2\/product"}],"about":[{"href":"https:\/\/www.headshop.nl\/pt\/wp-json\/wp\/v2\/types\/product"}],"wp:featuredmedia":[{"embeddable":true,"href":"https:\/\/www.headshop.nl\/pt\/wp-json\/wp\/v2\/media\/82195"}],"wp:attachment":[{"href":"https:\/\/www.headshop.nl\/pt\/wp-json\/wp\/v2\/media?parent=37835"}],"wp:term":[{"taxonomy":"product_brand","embeddable":true,"href":"https:\/\/www.headshop.nl\/pt\/wp-json\/wp\/v2\/product_brand?post=37835"},{"taxonomy":"product_cat","embeddable":true,"href":"https:\/\/www.headshop.nl\/pt\/wp-json\/wp\/v2\/product_cat?post=37835"},{"taxonomy":"product_tag","embeddable":true,"href":"https:\/\/www.headshop.nl\/pt\/wp-json\/wp\/v2\/product_tag?post=37835"}],"curies":[{"name":"wp","href":"https:\/\/api.w.org\/{rel}","templated":true}]}}