{"id":37832,"date":"2021-10-15T08:19:16","date_gmt":"2021-10-15T08:19:16","guid":{"rendered":"https:\/\/www.headshop.nl\/?post_type=product&#038;p=37832"},"modified":"2025-11-18T14:38:00","modified_gmt":"2025-11-18T14:38:00","slug":"white-borneo-kratom","status":"publish","type":"product","link":"https:\/\/www.headshop.nl\/pt\/white-borneo-kratom\/","title":{"rendered":"White Borneo Kratom"},"content":{"rendered":"<h2 data-start=\"426\" data-end=\"459\">O que \u00e9 White Borneo Kratom?<\/h2>\n<p data-start=\"460\" data-end=\"870\">White Borneo Kratom \u00e9 uma variedade distinta de Kratom, uma erva natural da \u00e1rvore Mitragyna speciosa. Conhecida pelos seus poderosos efeitos de melhoria sensorial, \u00e9 particularmente eficaz para aumentar a concentra\u00e7\u00e3o e a clareza mental. A variedade deriva o seu nome da regi\u00e3o onde \u00e9 cultivada - a ilha de Born\u00e9u - e \u00e9 reconhecida pelo seu elevado teor de alcal\u00f3ides, o que influencia as suas propriedades psicoactivas.<\/p>\n<p data-start=\"872\" data-end=\"1417\">A White Borneo Kratom destaca-se de outras variedades devido \u00e0 sua capacidade de melhorar a perce\u00e7\u00e3o sensorial, particularmente a vis\u00e3o e a concentra\u00e7\u00e3o. Os utilizadores relatam que aumenta a sua clareza mental e a sua capacidade de concentra\u00e7\u00e3o, tornando-a uma escolha popular para quem procura um aumento de energia e concentra\u00e7\u00e3o. Quando consumido em doses baixas, o White Borneo Kratom pode proporcionar um melhoramento cognitivo sem se tornar avassalador. De facto, muitos utilizadores acham que uma pequena quantidade pode melhorar significativamente o seu desempenho em tarefas que exigem aten\u00e7\u00e3o sustentada.<\/p>\n<h2 data-start=\"1424\" data-end=\"1459\">Hist\u00f3ria do White Borneo Kratom<\/h2>\n<p data-start=\"1460\" data-end=\"1968\">A hist\u00f3ria do White Borneo Kratom est\u00e1 enraizada na utiliza\u00e7\u00e3o tradicional do Kratom no Sudeste Asi\u00e1tico, onde a \u00e1rvore Mitragyna speciosa \u00e9 utilizada h\u00e1 s\u00e9culos. As pessoas desta regi\u00e3o h\u00e1 muito que utilizam o Kratom pelos seus v\u00e1rios benef\u00edcios medicinais, incluindo o al\u00edvio da dor, o aumento da energia e a regula\u00e7\u00e3o do humor. No entanto, a estirpe White Borneo, com o seu perfil alcaloide distinto, \u00e9 relativamente nova no mercado global, ganhando popularidade principalmente devido aos seus efeitos de clareza mental e de aumento da concentra\u00e7\u00e3o.<\/p>\n<p data-start=\"1970\" data-end=\"2567\">A White Borneo Kratom \u00e9 cultivada na ilha de Born\u00e9u, onde o solo e o clima proporcionam as condi\u00e7\u00f5es ideais para o crescimento das \u00e1rvores Kratom. As propriedades \u00fanicas desta variedade devem-se em grande parte aos m\u00e9todos espec\u00edficos de secagem e processamento utilizados ap\u00f3s a colheita das folhas. As folhas s\u00e3o secas de uma forma particular que ajuda a reter uma elevada concentra\u00e7\u00e3o de alcal\u00f3ides, dando \u00e0 White Borneo Kratom os seus efeitos carater\u00edsticos. Com o tempo, esta variedade chegou aos mercados ocidentais, onde rapidamente se tornou uma das favoritas entre os que procuram uma alternativa natural aos estimulantes sint\u00e9ticos.<\/p>\n<h2 data-start=\"2574\" data-end=\"2609\">Como utilizar White Borneo Kratom<\/h2>\n<p data-start=\"2610\" data-end=\"3008\">Para utilizar o White Borneo Kratom, o m\u00e9todo mais comum e recomendado \u00e9 transform\u00e1-lo em ch\u00e1. O processo \u00e9 simples: dissolver 4 a 5 gramas de Kratom em p\u00f3 em \u00e1gua quente (entre 70-95 graus Celsius) e deixar em infus\u00e3o durante 3 a 5 minutos. O resultado \u00e9 um ch\u00e1 suave e agrad\u00e1vel que proporciona ao organismo os efeitos desejados do White Borneo Kratom sem necessidade de prepara\u00e7\u00e3o adicional.<\/p>\n<p data-start=\"3010\" data-end=\"3684\">Para melhores resultados, come\u00e7a com uma dose baixa para avaliar a resposta do teu corpo, especialmente se fores novo no Kratom. White Borneo O Kratom \u00e9 frequentemente descrito como proporcionando um aumento gradual da concentra\u00e7\u00e3o, com efeitos vis\u00edveis a partir de cerca de 15 minutos ap\u00f3s o consumo. Alguns utilizadores podem preferir mistur\u00e1-lo com sumos de fruta, como o sumo de laranja, para melhorar os seus efeitos sensoriais e o seu sabor. \u00c9 importante notar que os efeitos do White Borneo Kratom podem variar consoante o indiv\u00edduo, com factores como o peso, a idade e a sa\u00fade geral a influenciarem a sua efic\u00e1cia. \u00c9 sempre recomend\u00e1vel usar o Kratom de forma respons\u00e1vel, come\u00e7ando com pequenas doses para garantir o efeito desejado.<\/p>\n<h2 data-start=\"3691\" data-end=\"3730\">Ingredientes de White Borneo Kratom<\/h2>\n<p data-start=\"3731\" data-end=\"4200\">O ingrediente principal do White Borneo Kratom \u00e9 a folha em p\u00f3 da \u00e1rvore Mitragyna speciosa, cultivada na ilha de Born\u00e9u. As folhas desta \u00e1rvore s\u00e3o cuidadosamente colhidas na altura certa, quando est\u00e3o a come\u00e7ar a amadurecer, o que garante a preserva\u00e7\u00e3o da quantidade m\u00e1xima de alcal\u00f3ides. Estes alcal\u00f3ides, principalmente a mitragina e a 7-hidroximitragina, s\u00e3o os compostos activos respons\u00e1veis pelos efeitos estimulantes e de concentra\u00e7\u00e3o do White Borneo Kratom.<\/p>\n<p data-start=\"4202\" data-end=\"4810\">Depois de colhidas, as folhas passam por um processo de secagem espec\u00edfico, no qual s\u00e3o mantidas em condi\u00e7\u00f5es controladas para reter os n\u00edveis mais elevados poss\u00edveis de alcal\u00f3ides. Este processo \u00e9 fundamental para conferir \u00e0 White Borneo Kratom as suas propriedades \u00fanicas, que incluem maior clareza mental, maior concentra\u00e7\u00e3o e melhor perce\u00e7\u00e3o sensorial. Ao contr\u00e1rio de outras variedades de Kratom, o processo de secagem da White Borneo ajuda a manter a sua cor branca e os seus efeitos potentes. Como produto natural, o White Borneo Kratom n\u00e3o cont\u00e9m qu\u00edmicos nem conservantes adicionados, o que o torna um suplemento puro, \u00e0 base de plantas, para quem procura um impulso cognitivo.<\/p>\n<p data-start=\"4817\" data-end=\"5151\" data-is-last-node=\"\"><strong data-start=\"4817\" data-end=\"4829\">Aviso:<\/strong><br data-start=\"4829\" data-end=\"4832\" \/>Este produto n\u00e3o se destina a ser vendido ou utilizado por pessoas com menos de 18 anos de idade. Manter fora do alcance das crian\u00e7as. N\u00e3o utilizar se tiver tens\u00e3o arterial alta ou baixa, problemas card\u00edacos ou pulmonares, diabetes, estiver gr\u00e1vida ou a tomar medicamentos, drogas ou \u00e1lcool. Consultar sempre um profissional de sa\u00fade antes de utilizar qualquer suplemento.<\/p>","protected":false},"excerpt":{"rendered":"<p data-start=\"0\" data-end=\"419\">White Borneo Kratom \u00e9 uma variedade conhecida por melhorar a concentra\u00e7\u00e3o, a clareza mental e a perce\u00e7\u00e3o sensorial. Com a sua capacidade \u00fanica de aumentar a concentra\u00e7\u00e3o, \u00e9 frequentemente preferida por aqueles que precisam de um impulso cognitivo. Em doses mais baixas, os utilizadores relatam uma melhor concentra\u00e7\u00e3o, enquanto doses mais altas tendem a oferecer efeitos mais calmantes. A variedade \u00e9 normalmente consumida como ch\u00e1, o que facilita a sua incorpora\u00e7\u00e3o nas rotinas di\u00e1rias.<\/p>","protected":false},"featured_media":82201,"template":"","meta":[],"product_brand":[],"product_cat":[390,297,389,817,396,405,384],"product_tag":[],"class_list":{"0":"post-37832","1":"product","2":"type-product","3":"status-publish","4":"has-post-thumbnail","6":"product_cat-kratom","7":"product_cat-all-products","8":"product_cat-herbs","9":"product_cat-kratopia","10":"product_cat-relax","11":"product_cat-relax-herbs","12":"product_cat-smartshop","13":"product_shipping_class-group-7","15":"first","16":"instock","17":"taxable","18":"shipping-taxable","19":"purchasable","20":"product-type-variable","21":"has-default-attributes"},"_links":{"self":[{"href":"https:\/\/www.headshop.nl\/pt\/wp-json\/wp\/v2\/product\/37832","targetHints":{"allow":["GET"]}}],"collection":[{"href":"https:\/\/www.headshop.nl\/pt\/wp-json\/wp\/v2\/product"}],"about":[{"href":"https:\/\/www.headshop.nl\/pt\/wp-json\/wp\/v2\/types\/product"}],"wp:featuredmedia":[{"embeddable":true,"href":"https:\/\/www.headshop.nl\/pt\/wp-json\/wp\/v2\/media\/82201"}],"wp:attachment":[{"href":"https:\/\/www.headshop.nl\/pt\/wp-json\/wp\/v2\/media?parent=37832"}],"wp:term":[{"taxonomy":"product_brand","embeddable":true,"href":"https:\/\/www.headshop.nl\/pt\/wp-json\/wp\/v2\/product_brand?post=37832"},{"taxonomy":"product_cat","embeddable":true,"href":"https:\/\/www.headshop.nl\/pt\/wp-json\/wp\/v2\/product_cat?post=37832"},{"taxonomy":"product_tag","embeddable":true,"href":"https:\/\/www.headshop.nl\/pt\/wp-json\/wp\/v2\/product_tag?post=37832"}],"curies":[{"name":"wp","href":"https:\/\/api.w.org\/{rel}","templated":true}]}}