{"id":37830,"date":"2021-10-15T08:19:10","date_gmt":"2021-10-15T08:19:10","guid":{"rendered":"https:\/\/www.headshop.nl\/?post_type=product&#038;p=37830"},"modified":"2025-11-18T14:38:00","modified_gmt":"2025-11-18T14:38:00","slug":"white-bali-kratom","status":"publish","type":"product","link":"https:\/\/www.headshop.nl\/pt\/white-bali-kratom\/","title":{"rendered":"White Bali Kratom"},"content":{"rendered":"<h2 data-start=\"367\" data-end=\"398\">O que \u00e9 o White Bali Kratom?<\/h2>\n<p data-start=\"399\" data-end=\"787\">A White Bali Kratom \u00e9 uma variedade da Mitragyna speciosa, uma \u00e1rvore nativa do sudeste asi\u00e1tico. Tal como outras variedades Kratom, a White Bali \u00e9 derivada das folhas da \u00e1rvore Kratom, mas os seus efeitos \u00fanicos prov\u00eam dos m\u00e9todos espec\u00edficos de processamento e colheita utilizados. A White Bali \u00e9 conhecida por proporcionar uma sensa\u00e7\u00e3o energizante e euf\u00f3rica, tornando-a uma das variedades Kratom mais populares em todo o mundo.<\/p>\n<p data-start=\"789\" data-end=\"1260\">O principal benef\u00edcio do White Bali Kratom \u00e9 a sua capacidade de aumentar a energia e melhorar o humor. \u00c9 frequentemente utilizado para combater a fadiga, melhorar a concentra\u00e7\u00e3o e promover sensa\u00e7\u00f5es de bem-estar. Os utilizadores relatam sentir uma maior concentra\u00e7\u00e3o, clareza mental e maior motiva\u00e7\u00e3o ap\u00f3s consumirem a White Bali Kratom. Esta variedade \u00e9 particularmente apreciada por indiv\u00edduos que precisam de um aumento de energia mental e f\u00edsica, seja para produtividade ou apenas para come\u00e7ar o dia sentindo-se revigorado.<\/p>\n<p data-start=\"1262\" data-end=\"1544\">A composi\u00e7\u00e3o qu\u00edmica \u00fanica da Bali Kratom branca, resultante da combina\u00e7\u00e3o das folhas de v\u00e1rias \u00e1rvores Kratom, contribui para os seus efeitos distintos. \u00c9 normalmente seca no local da \u00e1rvore, seja em Born\u00e9u, Sumatra ou Bali, para preservar os seus potentes alcal\u00f3ides.<\/p>\n<h2 data-start=\"1551\" data-end=\"1584\">Hist\u00f3ria do Bali Kratom branco<\/h2>\n<p data-start=\"1585\" data-end=\"2006\">A hist\u00f3ria do Bali Kratom branco est\u00e1 ligada \u00e0 utiliza\u00e7\u00e3o tradicional do Kratom no Sudeste Asi\u00e1tico. Durante s\u00e9culos, os povos ind\u00edgenas desta regi\u00e3o confiaram no Kratom pelas suas propriedades medicinais, incluindo o al\u00edvio da dor, a melhoria do humor e o aumento da energia. No entanto, o Bali Kratom branco ganhou popularidade especificamente devido \u00e0s suas propriedades \u00fanicas, particularmente a sua capacidade de proporcionar uma experi\u00eancia energizante e euf\u00f3rica.<\/p>\n<p data-start=\"2008\" data-end=\"2427\">A White Bali Kratom \u00e9 uma mistura de folhas de diferentes \u00e1rvores Kratom encontradas em Born\u00e9u, Sumatra e Bali. Estas \u00e1rvores s\u00e3o cuidadosamente selecionadas pelo seu teor de alcal\u00f3ides, que varia consoante a regi\u00e3o e as condi\u00e7\u00f5es de crescimento. O processo de secagem desempenha um papel fundamental na manuten\u00e7\u00e3o da pot\u00eancia dos alcal\u00f3ides, com as folhas a serem secas no local da \u00e1rvore, ajudando a preservar os seus efeitos naturais.<\/p>\n<p data-start=\"2429\" data-end=\"2725\">Ao longo dos anos, a White Bali Kratom ganhou popularidade, especialmente nos pa\u00edses ocidentais, devido \u00e0 sua not\u00e1vel capacidade de elevar e energizar os utilizadores. Tornou-se uma escolha favorita entre os que procuram um estimulante natural que n\u00e3o acarreta os riscos associados \u00e0s alternativas sint\u00e9ticas.<\/p>\n<h2 data-start=\"2732\" data-end=\"2765\">Como utilizar o White Bali Kratom<\/h2>\n<p data-start=\"2766\" data-end=\"3098\">A forma mais comum de consumir o White Bali Kratom \u00e9 transformando-o em ch\u00e1. Para preparar o ch\u00e1, basta dissolver 4 a 5 gramas de p\u00f3 de White Bali Kratom em \u00e1gua quente (entre 70-95\u00b0C) e deixar em infus\u00e3o durante 3 a 5 minutos. Este m\u00e9todo permite-lhe desfrutar de todos os efeitos do Kratom, proporcionando-lhe uma experi\u00eancia calmante e agrad\u00e1vel.<\/p>\n<p data-start=\"3100\" data-end=\"3441\">Para obter resultados \u00f3ptimos, recomenda-se come\u00e7ar com uma dose baixa e aument\u00e1-la gradualmente conforme necess\u00e1rio, com base na resposta do seu corpo. Os efeitos energizantes do White Bali Kratom come\u00e7am normalmente a ser notados em 15 minutos, e podem durar v\u00e1rias horas, dependendo da dosagem e de factores individuais como o peso e o metabolismo.<\/p>\n<p data-start=\"3443\" data-end=\"3774\">Tamb\u00e9m \u00e9 comum os utilizadores misturarem o White Bali Kratom com sumos de fruta ou outras bebidas para melhorar o sabor e os efeitos. Embora o ch\u00e1 seja o m\u00e9todo preferido, a White Bali Kratom tamb\u00e9m pode ser ingerida em forma de c\u00e1psula ou adicionada a batidos. Tal como acontece com todas as estirpes Kratom, \u00e9 importante consumi-la de forma respons\u00e1vel e evitar o uso excessivo.<\/p>\n<h2 data-start=\"3781\" data-end=\"3818\">Ingredientes do branco Bali Kratom<\/h2>\n<p data-start=\"3819\" data-end=\"4292\">O ingrediente principal do White Bali Kratom \u00e9 a folha em p\u00f3 da \u00e1rvore Mitragyna speciosa, especificamente as folhas colhidas de \u00e1rvores Kratom em regi\u00f5es como Born\u00e9u, Sumatra e Bali. Estas \u00e1rvores s\u00e3o selecionadas pelo seu teor de alcal\u00f3ides, que conferem ao White Bali Kratom os seus efeitos energizantes e euf\u00f3ricos. Os principais compostos activos do White Bali Kratom s\u00e3o a mitragina e a 7-hidroximitragina, respons\u00e1veis pelas suas propriedades estimulantes e estimulantes do humor.<\/p>\n<p data-start=\"4294\" data-end=\"4726\">Depois de colhidas, as folhas s\u00e3o submetidas a um processo de secagem para preservar a pot\u00eancia destes alcal\u00f3ides. O processo de secagem varia consoante o local, mas normalmente tem lugar no ambiente natural onde as \u00e1rvores crescem, o que ajuda a manter a pureza da planta. Ao selecionar e processar cuidadosamente as folhas, a White Bali Kratom mant\u00e9m os seus efeitos carater\u00edsticos, proporcionando aos utilizadores um aumento natural de energia e uma melhor concentra\u00e7\u00e3o.<\/p>\n<p data-start=\"4728\" data-end=\"4992\">Sendo um produto puro e natural, o White Bali Kratom n\u00e3o cont\u00e9m qu\u00edmicos ou aditivos artificiais, o que o torna uma forma limpa e eficaz de experimentar os benef\u00edcios do Kratom. N\u00e3o cont\u00e9m quaisquer subst\u00e2ncias sint\u00e9ticas, oferecendo uma alternativa \u00e0 base de plantas a outros estimulantes.<\/p>\n<p data-start=\"4999\" data-end=\"5340\" data-is-last-node=\"\"><strong data-start=\"4999\" data-end=\"5011\">Aviso:<\/strong><br data-start=\"5011\" data-end=\"5014\" \/>Este produto n\u00e3o se destina a ser utilizado por pessoas com menos de 18 anos de idade. Manter fora do alcance das crian\u00e7as. N\u00e3o utilizar se tiver tens\u00e3o arterial alta ou baixa, problemas card\u00edacos ou pulmonares, diabetes, estiver gr\u00e1vida ou a tomar medicamentos, drogas ou \u00e1lcool. Consultar sempre um profissional de sa\u00fade antes de utilizar qualquer suplemento.<\/p>","protected":false},"excerpt":{"rendered":"<p>A White Bali Kratom \u00e9 uma variedade popular conhecida pelos seus efeitos estimulantes e energizantes. Reconhecida pelas suas propriedades indutoras de euforia, esta variedade \u00e9 procurada por quem procura melhorar o seu humor, energia e concentra\u00e7\u00e3o. A White Bali Kratom pode ser apreciada como ch\u00e1, proporcionando uma forma natural e refrescante de experimentar os seus efeitos estimulantes.<\/p>","protected":false},"featured_media":82204,"template":"","meta":[],"product_brand":[],"product_cat":[390,297,389,817,396,405,384],"product_tag":[],"class_list":{"0":"post-37830","1":"product","2":"type-product","3":"status-publish","4":"has-post-thumbnail","6":"product_cat-kratom","7":"product_cat-all-products","8":"product_cat-herbs","9":"product_cat-kratopia","10":"product_cat-relax","11":"product_cat-relax-herbs","12":"product_cat-smartshop","13":"product_shipping_class-group-7","15":"first","16":"instock","17":"taxable","18":"shipping-taxable","19":"purchasable","20":"product-type-variable","21":"has-default-attributes"},"_links":{"self":[{"href":"https:\/\/www.headshop.nl\/pt\/wp-json\/wp\/v2\/product\/37830","targetHints":{"allow":["GET"]}}],"collection":[{"href":"https:\/\/www.headshop.nl\/pt\/wp-json\/wp\/v2\/product"}],"about":[{"href":"https:\/\/www.headshop.nl\/pt\/wp-json\/wp\/v2\/types\/product"}],"wp:featuredmedia":[{"embeddable":true,"href":"https:\/\/www.headshop.nl\/pt\/wp-json\/wp\/v2\/media\/82204"}],"wp:attachment":[{"href":"https:\/\/www.headshop.nl\/pt\/wp-json\/wp\/v2\/media?parent=37830"}],"wp:term":[{"taxonomy":"product_brand","embeddable":true,"href":"https:\/\/www.headshop.nl\/pt\/wp-json\/wp\/v2\/product_brand?post=37830"},{"taxonomy":"product_cat","embeddable":true,"href":"https:\/\/www.headshop.nl\/pt\/wp-json\/wp\/v2\/product_cat?post=37830"},{"taxonomy":"product_tag","embeddable":true,"href":"https:\/\/www.headshop.nl\/pt\/wp-json\/wp\/v2\/product_tag?post=37830"}],"curies":[{"name":"wp","href":"https:\/\/api.w.org\/{rel}","templated":true}]}}