{"id":37828,"date":"2021-10-15T08:19:08","date_gmt":"2021-10-15T08:19:08","guid":{"rendered":"https:\/\/www.headshop.nl\/?post_type=product&#038;p=37828"},"modified":"2025-11-18T14:38:01","modified_gmt":"2025-11-18T14:38:01","slug":"super-bali-gold-kratom","status":"publish","type":"product","link":"https:\/\/www.headshop.nl\/pt\/super-bali-gold-kratom\/","title":{"rendered":"Super Bali Gold Kratom"},"content":{"rendered":"<h2 data-start=\"328\" data-end=\"371\">O que \u00e9 o Kratopia Super Bali Gold Kratom?<\/h2>\n<p data-start=\"373\" data-end=\"1311\">Kratopia Super Bali Gold Kratom \u00e9 uma mistura especialmente concebida para efeitos espec\u00edficos, como a melhoria do humor e o al\u00edvio da dor. Conhecida pelas suas propriedades relaxantes, esta variedade de kratom \u00e9 a mais amarga das variedades, e \u00e9 por isso que \u00e9 frequentemente consumida com um ado\u00e7ante, como o mel, para disfar\u00e7ar o sabor. A mistura \u00e9 derivada de uma mistura de folhas de kratom de v\u00e1rias regi\u00f5es, oferecendo uma combina\u00e7\u00e3o \u00fanica de benef\u00edcios calmantes e terap\u00eauticos. A Super Bali Gold Kratom n\u00e3o \u00e9 usada apenas pelos seus efeitos f\u00edsicos, mas tamb\u00e9m pela sua capacidade de melhorar o bem-estar mental, ajudando os indiv\u00edduos a encontrar al\u00edvio para o stress, a ansiedade e o desconforto. Apesar de ser origin\u00e1ria de Bali, onde as \u00e1rvores de kratom n\u00e3o s\u00e3o nativas, o nome \u00e9 mantido para refletir as suas ra\u00edzes hist\u00f3ricas na regi\u00e3o. Atualmente, a maior parte da kratom \u00e9 exportada de Kalimantan, na Indon\u00e9sia, mas a Super Bali Gold Kratom continua a ser uma escolha popular para quem procura uma experi\u00eancia equilibrada e relaxante.<\/p>\n<h2 data-start=\"1313\" data-end=\"1358\">Hist\u00f3ria do Kratopia Super Bali Gold Kratom<\/h2>\n<p data-start=\"1360\" data-end=\"2329\">Kratopia Super Bali Gold Kratom tem uma hist\u00f3ria rica que remonta a Bali, onde j\u00e1 foi um grande exportador de produtos de kratom. No entanto, Bali n\u00e3o tem \u00e1rvores de kratom nativas. Em vez disso, os comerciantes locais misturavam folhas de kratom provenientes de diferentes pa\u00edses e regi\u00f5es para criar misturas que focavam efeitos espec\u00edficos. Estas misturas, incluindo a Super Bali Gold, tornaram-se conhecidas pela sua capacidade de responder a necessidades espec\u00edficas, como o relaxamento e o al\u00edvio da dor. Com o tempo, o nome \"Bali\" tornou-se sin\u00f3nimo de kratom de alta qualidade, apesar de a exporta\u00e7\u00e3o de kratom vir agora principalmente de Kalimantan, na Indon\u00e9sia, onde as \u00e1rvores de kratom s\u00e3o abundantes. O processo de sele\u00e7\u00e3o das folhas e de elabora\u00e7\u00e3o destas misturas \u00fanicas permitiu a Bali manter a sua reputa\u00e7\u00e3o no com\u00e9rcio da kratom durante muitos anos. Hoje em dia, a Super Bali Gold Kratom continua a ser venerada pelos seus efeitos calmantes, com muitos utilizadores a recorrerem a ela pela sua capacidade de reduzir o stress e promover uma sensa\u00e7\u00e3o de bem-estar.<\/p>\n<h2 data-start=\"2331\" data-end=\"2376\">Como utilizar o Kratopia Super Bali Gold Kratom<\/h2>\n<p data-start=\"2378\" data-end=\"3263\">Usar a Kratopia Super Bali Gold Kratom \u00e9 simples e direto. Para preparar este suplemento de ervas, recomenda-se a prepara\u00e7\u00e3o de uma ch\u00e1vena de ch\u00e1 dissolvendo 4 a 5 gramas de p\u00f3 de kratom em \u00e1gua quente, entre 70 e 95 graus Celsius. Deixa o ch\u00e1 em infus\u00e3o durante 3 a 5 minutos para obteres os melhores resultados. O ch\u00e1 n\u00e3o precisa de ser filtrado, pois todo o conte\u00fado pode ser consumido. Como com qualquer produto de kratom, \u00e9 importante come\u00e7ares com uma dose mais baixa para avaliares a resposta do teu corpo antes de ajustares a dosagem. Enquanto que a dose t\u00edpica para novos utilizadores \u00e9 de 3 a 5 gramas de p\u00f3, os utilizadores mais experientes podem achar que precisam de uma dose ligeiramente mais alta para obterem os efeitos desejados. O Super Bali Gold Kratom \u00e9 melhor consumido com responsabilidade e modera\u00e7\u00e3o, pois doses mais altas podem levar a efeitos mais sedativos. Segue sempre a dosagem recomendada para as tuas necessidades pessoais e peso corporal.<\/p>\n<h2 data-start=\"3265\" data-end=\"3314\">Ingredientes de Kratopia Super Bali Gold Kratom<\/h2>\n<p data-start=\"3316\" data-end=\"4288\">O ingrediente principal do Kratopia Super Bali Gold Kratom \u00e9 <strong data-start=\"3377\" data-end=\"3399\">Mitragyna speciosa<\/strong>A kratom \u00e9 uma \u00e1rvore tropical nativa do sudeste asi\u00e1tico. As folhas desta \u00e1rvore s\u00e3o colhidas e processadas para criar a kratom em p\u00f3. As diferentes variedades de kratom s\u00e3o conhecidas pelos seus perfis alcal\u00f3ides \u00fanicos, que contribuem para os seus efeitos. No caso da Super Bali Gold, a combina\u00e7\u00e3o de folhas de v\u00e1rias regi\u00f5es permite uma mistura equilibrada com propriedades melhoradas de eleva\u00e7\u00e3o do humor e de al\u00edvio da dor. Esta variedade espec\u00edfica de kratom \u00e9 conhecida pelo seu sabor forte e amargo, e \u00e9 por isso que muitos utilizadores a misturam com mel ou outros ado\u00e7antes. Embora a mistura exacta de folhas usada na Super Bali Gold seja propriet\u00e1ria, o ingrediente \u00e9 sempre a Mitragyna speciosa, que tem sido usada h\u00e1 s\u00e9culos pelos seus benef\u00edcios medicinais. \u00c9 importante notar que o Kratopia Super Bali Gold \u00e9 um suplemento de ervas e deve ser usado com precau\u00e7\u00e3o, especialmente se fores novo na kratom ou se j\u00e1 tiveres problemas de sa\u00fade.<\/p>\n<p data-start=\"4290\" data-end=\"4302\"><strong data-start=\"4290\" data-end=\"4302\">Aviso:<\/strong><\/p>\n<p data-start=\"4304\" data-end=\"4631\">A venda e utiliza\u00e7\u00e3o do Kratopia Super Bali Gold Kratom s\u00e3o proibidas a indiv\u00edduos com idade inferior a 18 anos. Manter fora do alcance das crian\u00e7as. N\u00e3o utilizar se tiver tens\u00e3o arterial alta ou baixa, problemas card\u00edacos ou pulmonares, diabetes, estiver gr\u00e1vida ou a tomar medicamentos, drogas ou \u00e1lcool. Consultar sempre um profissional de sa\u00fade antes de utilizar.<\/p>","protected":false},"excerpt":{"rendered":"<p>Kratopia Super Bali Gold Kratom \u00e9 uma mistura \u00fanica e potente, conhecida pelas suas propriedades de melhoria do humor e de al\u00edvio das dores. Esta kratom tem efeitos relaxantes, tornando-a ideal para quem procura descontrair. Devido ao seu amargor, \u00e9 normalmente misturada com mel ou outro ado\u00e7ante para um melhor sabor.<\/p>","protected":false},"featured_media":82207,"template":"","meta":[],"product_brand":[],"product_cat":[390,297,389,817,396,405,384],"product_tag":[],"class_list":{"0":"post-37828","1":"product","2":"type-product","3":"status-publish","4":"has-post-thumbnail","6":"product_cat-kratom","7":"product_cat-all-products","8":"product_cat-herbs","9":"product_cat-kratopia","10":"product_cat-relax","11":"product_cat-relax-herbs","12":"product_cat-smartshop","13":"product_shipping_class-group-7","15":"first","16":"instock","17":"taxable","18":"shipping-taxable","19":"purchasable","20":"product-type-variable","21":"has-default-attributes"},"_links":{"self":[{"href":"https:\/\/www.headshop.nl\/pt\/wp-json\/wp\/v2\/product\/37828","targetHints":{"allow":["GET"]}}],"collection":[{"href":"https:\/\/www.headshop.nl\/pt\/wp-json\/wp\/v2\/product"}],"about":[{"href":"https:\/\/www.headshop.nl\/pt\/wp-json\/wp\/v2\/types\/product"}],"wp:featuredmedia":[{"embeddable":true,"href":"https:\/\/www.headshop.nl\/pt\/wp-json\/wp\/v2\/media\/82207"}],"wp:attachment":[{"href":"https:\/\/www.headshop.nl\/pt\/wp-json\/wp\/v2\/media?parent=37828"}],"wp:term":[{"taxonomy":"product_brand","embeddable":true,"href":"https:\/\/www.headshop.nl\/pt\/wp-json\/wp\/v2\/product_brand?post=37828"},{"taxonomy":"product_cat","embeddable":true,"href":"https:\/\/www.headshop.nl\/pt\/wp-json\/wp\/v2\/product_cat?post=37828"},{"taxonomy":"product_tag","embeddable":true,"href":"https:\/\/www.headshop.nl\/pt\/wp-json\/wp\/v2\/product_tag?post=37828"}],"curies":[{"name":"wp","href":"https:\/\/api.w.org\/{rel}","templated":true}]}}