{"id":37826,"date":"2021-10-15T08:19:03","date_gmt":"2021-10-15T08:19:03","guid":{"rendered":"https:\/\/www.headshop.nl\/?post_type=product&#038;p=37826"},"modified":"2026-02-11T13:26:17","modified_gmt":"2026-02-11T13:26:17","slug":"red-maeng-da-kratom","status":"publish","type":"product","link":"https:\/\/www.headshop.nl\/pt\/red-maeng-da-kratom\/","title":{"rendered":"Red Maeng Da Kratom"},"content":{"rendered":"<h2 data-start=\"469\" data-end=\"500\">O que \u00e9 o Red Maeng Da Kratom?<\/h2>\n<p data-start=\"502\" data-end=\"1441\">A Red Maeng Da Kratom \u00e9 uma variedade distinta de kratom que se destaca pelos seus efeitos poderosos, que s\u00e3o simultaneamente estimulantes e calmantes. Conhecida pelas suas propriedades energizantes, a Red Maeng Da \u00e9 frequentemente usada para melhorar a disposi\u00e7\u00e3o, aumentar a concentra\u00e7\u00e3o e aliviar a dor. As folhas s\u00e3o normalmente colhidas e depois fermentadas para obter a sua cor vermelha carater\u00edstica, que real\u00e7a os alcal\u00f3ides no seu interior. Este processo faz da Red Maeng Da uma das variedades mais potentes de kratom dispon\u00edveis. Original Desenvolvida em Thailand atrav\u00e9s do enxerto de diferentes \u00e1rvores de kratom, a Red Maeng Da foi criada especificamente para prosperar no ambiente quente e h\u00famido do sudeste asi\u00e1tico. Desde ent\u00e3o tornou-se uma escolha popular entre os utilizadores de kratom de todo o mundo que procuram uma forma natural de melhorar a sua energia e bem-estar. Embora exista h\u00e1 s\u00e9culos no sudeste asi\u00e1tico, a Red Maeng Da Kratom ganhou maior popularidade no ocidente nas \u00faltimas d\u00e9cadas devido aos seus efeitos potentes.<\/p>\n<h2 data-start=\"1443\" data-end=\"1476\">Hist\u00f3ria do Red Maeng Da Kratom<\/h2>\n<p data-start=\"1478\" data-end=\"2508\">A hist\u00f3ria da Red Maeng Da Kratom remonta ao final do s\u00e9culo XIX na Thail\u00e2ndia. Os agricultores do Thai, em busca de uma \u00e1rvore de kratom mais resistente que pudesse suportar o clima quente e h\u00famido do pa\u00eds, come\u00e7aram a fazer experi\u00eancias com enxertos de diferentes variedades de kratom. Atrav\u00e9s deste m\u00e9todo inovador, criaram a variedade Maeng Da, que foi especificamente concebida para suportar os desafios ambientais do Sudeste Asi\u00e1tico. Ao contr\u00e1rio das \u00e1rvores de kratom tradicionais, que s\u00e3o suscept\u00edveis \u00e0s condi\u00e7\u00f5es severas da regi\u00e3o, as \u00e1rvores Maeng Da s\u00e3o criadas para serem mais robustas e resistentes. O nome \"Maeng Da\", que significa \"grau de chulo\" em Thai, reflecte a alta pot\u00eancia e a qualidade superior desta linhagem. A variante vermelha da Maeng Da, conhecida como Red Maeng Da, \u00e9 obtida atrav\u00e9s de um processo de fermenta\u00e7\u00e3o que aumenta o teor de alcal\u00f3ides das folhas, aumentando ainda mais a sua pot\u00eancia e efic\u00e1cia. Com o tempo, a Red Maeng Da Kratom ganhou reconhecimento para al\u00e9m da Thailand, tornando-se um produto muito procurado em todo o mundo pelos seus efeitos equilibrados e energizantes.<\/p>\n<h2 data-start=\"2510\" data-end=\"2543\">Como utilizar o Red Maeng Da Kratom<\/h2>\n<p data-start=\"2545\" data-end=\"3547\">A Maeng Da Kratom vermelha \u00e9 tipicamente consumida na forma de ch\u00e1, o que a torna f\u00e1cil de preparar e desfrutar. Para preparares uma ch\u00e1vena de ch\u00e1 de kratom, dissolve 4 a 5 gramas de p\u00f3 de Red Maeng Da em \u00e1gua quente, com a temperatura da \u00e1gua a variar entre os 70 e os 95 graus Celsius. Deixa o ch\u00e1 em infus\u00e3o durante 3 a 5 minutos para extra\u00edres os alcal\u00f3ides de forma eficaz. N\u00e3o \u00e9 necess\u00e1rio coar o ch\u00e1, pois todos os componentes s\u00e3o seguros para consumo. Quando utilizares o Red Maeng Da pela primeira vez, recomenda-se come\u00e7ar com uma dose mais baixa e ajustar gradualmente a quantidade, dependendo da resposta do teu corpo. Enquanto muitos utilizadores acham que 3 a 5 gramas de p\u00f3 de kratom s\u00e3o suficientes para um efeito ligeiro, os utilizadores mais experientes podem precisar de uma dose mais alta para atingir o n\u00edvel de al\u00edvio desejado. \u00c9 importante lembrar que os efeitos da kratom podem variar com base na toler\u00e2ncia individual, por isso \u00e9 crucial us\u00e1-la de forma respons\u00e1vel e com modera\u00e7\u00e3o. Como com qualquer suplemento, evita o uso excessivo para n\u00e3o criares toler\u00e2ncia ou sofreres efeitos secund\u00e1rios indesejados.<\/p>\n<h2 data-start=\"3549\" data-end=\"3586\">Ingredientes de Red Maeng Da Kratom<\/h2>\n<p data-start=\"3588\" data-end=\"4651\">O ingrediente principal do Red Maeng Da Kratom \u00e9 <strong data-start=\"3637\" data-end=\"3659\">Mitragyna speciosa<\/strong>A kratom \u00e9 uma \u00e1rvore tropical nativa do sudeste asi\u00e1tico. As folhas desta \u00e1rvore s\u00e3o cuidadosamente colhidas e transformadas em p\u00f3, que \u00e9 depois usado para criar o suplemento de kratom. A Red Maeng Da distingue-se de outras variedades de kratom devido ao seu processo de fermenta\u00e7\u00e3o, que n\u00e3o s\u00f3 d\u00e1 \u00e0s folhas a sua cor vermelha carater\u00edstica como tamb\u00e9m amplifica os alcal\u00f3ides respons\u00e1veis pelos seus efeitos poderosos. O processo de fermenta\u00e7\u00e3o aumenta as propriedades estimulantes do humor, energizantes e analg\u00e9sicas da variedade, tornando-a um produto muito procurado entre os utilizadores de kratom. Como outras variedades de kratom, a Red Maeng Da cont\u00e9m alcal\u00f3ides como a mitragina e a 7-hidroximitragina, que interagem com os receptores do corpo para produzir os seus efeitos. Embora a mistura exacta de folhas usada no Red Maeng Da seja propriet\u00e1ria, \u00e9 sempre derivada da Mitragyna speciosa, que tem uma longa hist\u00f3ria de utiliza\u00e7\u00e3o na medicina tradicional do sudeste asi\u00e1tico. O Maeng Da Kratom vermelho deve ser utilizado de forma respons\u00e1vel para garantir uma utiliza\u00e7\u00e3o segura e eficaz.<\/p>\n<p data-start=\"4653\" data-end=\"4665\"><strong data-start=\"4653\" data-end=\"4665\">Aviso:<\/strong><\/p>\n<p data-start=\"4667\" data-end=\"4982\">A venda e utiliza\u00e7\u00e3o do Red Maeng Da Kratom s\u00e3o proibidas a indiv\u00edduos com idade inferior a 18 anos. Manter fora do alcance das crian\u00e7as. N\u00e3o utilizar se tiver tens\u00e3o arterial alta ou baixa, problemas card\u00edacos ou pulmonares, diabetes, estiver gr\u00e1vida ou a tomar medicamentos, drogas ou \u00e1lcool. Consultar sempre um profissional de sa\u00fade antes de utilizar.<\/p>","protected":false},"excerpt":{"rendered":"<p>N\u00e3o se pode errar com nenhuma variedade de Maeng Da e a vermelha n\u00e3o \u00e9 exce\u00e7\u00e3o. Conhecida por ser uma das variedades mais fortes, tem muitos alcal\u00f3ides psicoactivos que causam efeitos f\u00edsicos e mentais que, quando usados com cautela, promovem benef\u00edcios interessantes para o seu bem-estar.<\/p>","protected":false},"featured_media":82210,"template":"","meta":[],"product_brand":[],"product_cat":[390,297,389,817,396,405,384,625],"product_tag":[],"class_list":{"0":"post-37826","1":"product","2":"type-product","3":"status-publish","4":"has-post-thumbnail","6":"product_cat-kratom","7":"product_cat-all-products","8":"product_cat-herbs","9":"product_cat-kratopia","10":"product_cat-relax","11":"product_cat-relax-herbs","12":"product_cat-smartshop","13":"product_cat-smartshop-top-10","14":"product_shipping_class-group-7","16":"first","17":"instock","18":"taxable","19":"shipping-taxable","20":"purchasable","21":"product-type-variable","22":"has-default-attributes"},"_links":{"self":[{"href":"https:\/\/www.headshop.nl\/pt\/wp-json\/wp\/v2\/product\/37826","targetHints":{"allow":["GET"]}}],"collection":[{"href":"https:\/\/www.headshop.nl\/pt\/wp-json\/wp\/v2\/product"}],"about":[{"href":"https:\/\/www.headshop.nl\/pt\/wp-json\/wp\/v2\/types\/product"}],"wp:featuredmedia":[{"embeddable":true,"href":"https:\/\/www.headshop.nl\/pt\/wp-json\/wp\/v2\/media\/82210"}],"wp:attachment":[{"href":"https:\/\/www.headshop.nl\/pt\/wp-json\/wp\/v2\/media?parent=37826"}],"wp:term":[{"taxonomy":"product_brand","embeddable":true,"href":"https:\/\/www.headshop.nl\/pt\/wp-json\/wp\/v2\/product_brand?post=37826"},{"taxonomy":"product_cat","embeddable":true,"href":"https:\/\/www.headshop.nl\/pt\/wp-json\/wp\/v2\/product_cat?post=37826"},{"taxonomy":"product_tag","embeddable":true,"href":"https:\/\/www.headshop.nl\/pt\/wp-json\/wp\/v2\/product_tag?post=37826"}],"curies":[{"name":"wp","href":"https:\/\/api.w.org\/{rel}","templated":true}]}}