{"id":37822,"date":"2021-10-15T08:18:56","date_gmt":"2021-10-15T08:18:56","guid":{"rendered":"https:\/\/www.headshop.nl\/?post_type=product&#038;p=37822"},"modified":"2025-11-18T14:38:03","modified_gmt":"2025-11-18T14:38:03","slug":"red-bali-kratom","status":"publish","type":"product","link":"https:\/\/www.headshop.nl\/pt\/red-bali-kratom\/","title":{"rendered":"Red Bali Kratom"},"content":{"rendered":"<h2 data-start=\"502\" data-end=\"538\">O que \u00e9 o Kratopia Red Bali Kratom?<\/h2>\n<p data-start=\"540\" data-end=\"1603\">Kratopia Red Bali Kratom \u00e9 uma variedade popular que se tornou uma das favoritas entre os principiantes devido aos seus efeitos completos e sabor mais suave. Conhecida pela sua capacidade de melhorar as intera\u00e7\u00f5es sociais, a Red Bali Kratom faz com que os utilizadores se sintam mais emp\u00e1ticos e ligados, melhorando as suas experi\u00eancias sociais gerais. Tem uma composi\u00e7\u00e3o \u00fanica de alcal\u00f3ides, proporcionando um efeito equilibrado que funciona tanto como um estimulante do humor como um analg\u00e9sico suave. Esta variedade \u00e9 particularmente favorecida pelo seu sabor mais suave, que a torna mais palat\u00e1vel em compara\u00e7\u00e3o com outras variedades mais amargas. Muitas vezes, os utilizadores descobrem que a Red Bali Kratom os ajuda a sentirem-se mais relaxados e \u00e0 vontade em ambientes sociais, ao mesmo tempo que proporciona al\u00edvio do desconforto f\u00edsico. A combina\u00e7\u00e3o dos seus efeitos sociais e calmantes torna-a uma op\u00e7\u00e3o vers\u00e1til para quem procura melhorar o seu bem-estar geral. A Red Bali Kratom \u00e9 especialmente adequada para os principiantes, pois permite-lhes experimentar os benef\u00edcios da kratom sem efeitos avassaladores, tornando-a um excelente ponto de partida para explorar esta poderosa planta.<\/p>\n<h2 data-start=\"1605\" data-end=\"1643\">Hist\u00f3ria do Kratopia Vermelho Bali Kratom<\/h2>\n<p data-start=\"1645\" data-end=\"2780\">O Bali Kratom vermelho, incluindo a variante Kratopia, tem profundas ra\u00edzes hist\u00f3ricas no Sudeste Asi\u00e1tico. \u00c9 tradicionalmente usada na Indon\u00e9sia, especialmente na regi\u00e3o de Bali, que \u00e9 de onde vem o seu nome. Embora Bali n\u00e3o cultive \u00e1rvores de kratom, a variedade \u00e9 uma mistura de folhas de \u00e1rvores de kratom encontradas em v\u00e1rias regi\u00f5es do Sudeste Asi\u00e1tico. Historicamente, a Red Bali Kratom era venerada pelas suas propriedades calmantes e medicinais, usadas pelos habitantes locais para controlar a dor, melhorar o humor e aliviar o stress. Sendo uma variedade vers\u00e1til, a Red Bali Kratom era tamb\u00e9m utilizada como estimulante social, promovendo uma sensa\u00e7\u00e3o de facilidade e liga\u00e7\u00e3o entre os indiv\u00edduos. Com o passar do tempo, \u00e0 medida que a popularidade da kratom crescia no Ocidente, a Red Bali tornou-se uma das variedades mais reconhecidas devido aos seus efeitos suaves e benef\u00edcios gerais de bem-estar. Nos tempos modernos, muitos utilizadores recorrem \u00e0 Red Bali Kratom devido \u00e0 sua capacidade de aliviar a dor e melhorar o humor sem a necessidade de medicamentos farmac\u00eauticos agressivos. Com as suas ra\u00edzes hist\u00f3ricas e o seu crescente apelo global, a Kratopia Red Bali Kratom continua a ser uma escolha de topo para quem procura uma experi\u00eancia de kratom equilibrada e agrad\u00e1vel.<\/p>\n<h2 data-start=\"2782\" data-end=\"2820\">Como utilizar o Kratopia Red Bali Kratom<\/h2>\n<p data-start=\"2822\" data-end=\"3892\">A utiliza\u00e7\u00e3o do Kratopia Red Bali Kratom \u00e9 simples e pode ser apreciada sob a forma de ch\u00e1. Para preparares, dissolve 4 a 5 gramas de p\u00f3 de Kratopia Red Bali Kratom em \u00e1gua quente, mantendo a temperatura entre 70 e 95 graus Celsius. Deixa o ch\u00e1 em infus\u00e3o durante cerca de 3 a 5 minutos para que a kratom liberte os seus alcal\u00f3ides ben\u00e9ficos na \u00e1gua. Depois de pronto, n\u00e3o h\u00e1 necessidade de filtrar o ch\u00e1, pois toda a mistura \u00e9 segura para consumo. Para os utilizadores principiantes, \u00e9 aconselh\u00e1vel come\u00e7ar com uma dose mais pequena para perceber como o corpo reage a esta variedade de kratom. A Red Bali Kratom \u00e9 conhecida pelo seu sabor suave, o que a torna mais acess\u00edvel para os principiantes na kratom. Com o tempo, os utilizadores podem ajustar a sua dosagem dependendo da sua sensibilidade e dos efeitos desejados. Para um efeito suave, uma dosagem inferior a 3 gramas pode ser suficiente, enquanto os que procuram um efeito mais forte podem aumentar a dosagem para 5-6 gramas. Independentemente da dosagem, a Kratopia Red Bali Kratom oferece uma experi\u00eancia social e de melhoria do humor que \u00e9 suave e adequada para os principiantes na kratom.<\/p>\n<h2 data-start=\"3894\" data-end=\"3936\">Ingredientes de Kratopia Vermelho Bali Kratom<\/h2>\n<p data-start=\"3938\" data-end=\"5137\">O ingrediente principal do Kratopia Red Bali Kratom \u00e9 <strong data-start=\"3988\" data-end=\"4010\">Mitragyna speciosa<\/strong>A kratom \u00e9 uma \u00e1rvore tropical nativa do sudeste asi\u00e1tico. As folhas da \u00e1rvore Mitragyna speciosa s\u00e3o colhidas, secas, e depois transformadas em p\u00f3 de kratom. A Red Bali Kratom prov\u00e9m especificamente de folhas cuidadosamente selecionadas de v\u00e1rias \u00e1rvores de kratom encontradas em diferentes regi\u00f5es do sudeste asi\u00e1tico. Depois de secas, as folhas passam por um processo especial de fermenta\u00e7\u00e3o ligeira, que aumenta o conte\u00fado de alcal\u00f3ides e d\u00e1 ao Red Bali os seus efeitos carater\u00edsticos. Os dois alcal\u00f3ides prim\u00e1rios encontrados na Red Bali Kratom s\u00e3o a mitragina e a 7-hidroximitragina. Estes compostos interagem com os receptores do corpo para promover uma sensa\u00e7\u00e3o de bem-estar, aumentar a energia e aliviar a dor. A natureza equilibrada do Kratopia Red Bali Kratom prov\u00e9m da combina\u00e7\u00e3o destes alcal\u00f3ides, que em conjunto proporcionam uma experi\u00eancia suave e moderada, ideal para quem procura uma alternativa natural ao al\u00edvio da dor e \u00e0 redu\u00e7\u00e3o do stress. Devido \u00e0 sua composi\u00e7\u00e3o equilibrada, a Red Bali Kratom \u00e9 especialmente eficaz na promo\u00e7\u00e3o de intera\u00e7\u00f5es sociais e no al\u00edvio do desconforto f\u00edsico. Os seus efeitos completos tornam-na uma escolha popular entre os utilizadores novos e experientes da kratom.<\/p>\n<p data-start=\"5139\" data-end=\"5151\"><strong data-start=\"5139\" data-end=\"5151\">Aviso:<\/strong><\/p>\n<p data-start=\"5153\" data-end=\"5473\">A venda e utiliza\u00e7\u00e3o do Kratopia Red Bali Kratom s\u00e3o proibidas a indiv\u00edduos com idade inferior a 18 anos. Manter fora do alcance das crian\u00e7as. N\u00e3o utilizar se tiver tens\u00e3o arterial alta ou baixa, problemas card\u00edacos ou pulmonares, diabetes, estiver gr\u00e1vida ou a tomar medicamentos, drogas ou \u00e1lcool. Consultar sempre um profissional de sa\u00fade antes de utilizar.<\/p>","protected":false},"excerpt":{"rendered":"<p>A Kratopia Red Bali Kratom \u00e9 uma variedade bem equilibrada, conhecida pelas suas propriedades de melhoria social. Com o seu sabor suave e for\u00e7a moderada, \u00e9 perfeita para principiantes que procuram uma experi\u00eancia edificante. Esta Red Bali Kratom \u00e9 particularmente reconhecida pelos seus potenciais efeitos analg\u00e9sicos e \u00e9 frequentemente utilizada por quem procura uma alternativa natural aos opi\u00e1ceos. Ideal para melhorar as intera\u00e7\u00f5es sociais e o humor, a Red Bali Kratom \u00e9 um excelente ponto de partida para os utilizadores principiantes.<\/p>","protected":false},"featured_media":82216,"template":"","meta":[],"product_brand":[],"product_cat":[390,297,389,817,396,405,384],"product_tag":[],"class_list":{"0":"post-37822","1":"product","2":"type-product","3":"status-publish","4":"has-post-thumbnail","6":"product_cat-kratom","7":"product_cat-all-products","8":"product_cat-herbs","9":"product_cat-kratopia","10":"product_cat-relax","11":"product_cat-relax-herbs","12":"product_cat-smartshop","13":"product_shipping_class-group-7","15":"first","16":"instock","17":"taxable","18":"shipping-taxable","19":"purchasable","20":"product-type-variable","21":"has-default-attributes"},"_links":{"self":[{"href":"https:\/\/www.headshop.nl\/pt\/wp-json\/wp\/v2\/product\/37822","targetHints":{"allow":["GET"]}}],"collection":[{"href":"https:\/\/www.headshop.nl\/pt\/wp-json\/wp\/v2\/product"}],"about":[{"href":"https:\/\/www.headshop.nl\/pt\/wp-json\/wp\/v2\/types\/product"}],"wp:featuredmedia":[{"embeddable":true,"href":"https:\/\/www.headshop.nl\/pt\/wp-json\/wp\/v2\/media\/82216"}],"wp:attachment":[{"href":"https:\/\/www.headshop.nl\/pt\/wp-json\/wp\/v2\/media?parent=37822"}],"wp:term":[{"taxonomy":"product_brand","embeddable":true,"href":"https:\/\/www.headshop.nl\/pt\/wp-json\/wp\/v2\/product_brand?post=37822"},{"taxonomy":"product_cat","embeddable":true,"href":"https:\/\/www.headshop.nl\/pt\/wp-json\/wp\/v2\/product_cat?post=37822"},{"taxonomy":"product_tag","embeddable":true,"href":"https:\/\/www.headshop.nl\/pt\/wp-json\/wp\/v2\/product_tag?post=37822"}],"curies":[{"name":"wp","href":"https:\/\/api.w.org\/{rel}","templated":true}]}}