{"id":37820,"date":"2021-10-15T08:18:54","date_gmt":"2021-10-15T08:18:54","guid":{"rendered":"https:\/\/www.headshop.nl\/?post_type=product&#038;p=37820"},"modified":"2025-11-18T14:38:03","modified_gmt":"2025-11-18T14:38:03","slug":"green-maeng-da-kratom","status":"publish","type":"product","link":"https:\/\/www.headshop.nl\/pt\/green-maeng-da-kratom\/","title":{"rendered":"Green Maeng Da Kratom"},"content":{"rendered":"<h2 data-start=\"491\" data-end=\"533\">O que \u00e9 o Kratopia Verde Maeng Da Kratom?<\/h2>\n<p data-start=\"535\" data-end=\"1627\">A Kratopia Green Maeng Da Kratom \u00e9 uma variante distinta e mais suave da popular variedade Maeng Da. Conhecida pelas suas propriedades energizantes, a Green Maeng Da \u00e9 frequentemente consumida sob a forma de ch\u00e1, o que a torna uma forma conveniente e agrad\u00e1vel de experimentar os benef\u00edcios da kratom. Ao contr\u00e1rio das suas cong\u00e9neres vermelha e branca mais intensas, a Green Maeng Da \u00e9 venerada pelos seus efeitos suaves, que ainda assim proporcionam uma experi\u00eancia estimulante e revigorante. O perfil alcaloide da Green Maeng Da \u00e9 rico, sendo a mitragina o alcaloide dominante. Este composto contribui para os efeitos estimulantes da variedade, ajudando a aumentar a energia, a concentra\u00e7\u00e3o e a motiva\u00e7\u00e3o. Os utilizadores consomem normalmente o ch\u00e1 Green Maeng Da \u00e0 tarde, pois pode fornecer um aumento de energia sustentado sem estimula\u00e7\u00e3o excessiva. Um dos principais benef\u00edcios desta variedade \u00e9 a sua versatilidade - pode ser ajustada \u00e0s prefer\u00eancias pessoais atrav\u00e9s da experimenta\u00e7\u00e3o de diferentes dosagens. Ideal para quem \u00e9 novo na kratom ou procura uma experi\u00eancia mais subtil, a Kratopia Green Maeng Da \u00e9 uma das favoritas entre os que procuram um equil\u00edbrio entre energia, concentra\u00e7\u00e3o e euforia ligeira.<\/p>\n<h2 data-start=\"1629\" data-end=\"1673\">Hist\u00f3ria do Kratopia Verde Maeng Da Kratom<\/h2>\n<p data-start=\"1675\" data-end=\"2865\">A kratom verde Maeng Da Kratom tem uma hist\u00f3ria rica com ra\u00edzes no sudeste asi\u00e1tico, onde \u00e9 amplamente utilizada tanto para fins medicinais como recreativos. Sabe-se que a variedade Maeng Da teve origem na Thail\u00e2ndia, onde os agricultores locais criaram \u00e1rvores de kratom seletivamente para aumentar a sua pot\u00eancia e qualidade geral. O nome \"Maeng Da\", que significa \"grau de chulo\" em Thai, refere-se \u00e0 qualidade superior e \u00e0 for\u00e7a desta variedade de kratom. Ao contr\u00e1rio das linhagens tradicionais de kratom que s\u00e3o colhidas e secas em condi\u00e7\u00f5es naturais, a Green Maeng Da \u00e9 submetida a um processo de fermenta\u00e7\u00e3o \u00fanico que melhora o seu perfil alcaloide. A adi\u00e7\u00e3o da Green Maeng Da ao mercado da kratom mudou o jogo, pois oferece uma alternativa mais moderada mas potente \u00e0s variedades vermelhas e brancas mais fortes. A Green Maeng Da caracteriza-se pelos seus efeitos suaves, tornando-a um excelente ponto de entrada para os principiantes na kratom. Nos \u00faltimos anos, a Green Maeng Da ganhou popularidade no mercado ocidental, \u00e0 medida que mais pessoas descobriam as suas propriedades energizantes e que melhoram o humor. O seu equil\u00edbrio entre energia e calma torna-a uma variedade ideal para utilizadores que procuram uma experi\u00eancia estimulante sem os efeitos mais intensos de outras variedades de kratom.<\/p>\n<h2 data-start=\"2867\" data-end=\"2911\">Como utilizar o Kratopia Verde Maeng Da Kratom<\/h2>\n<p data-start=\"2913\" data-end=\"4058\">A forma mais comum de saborear a Kratopia Green Maeng Da Kratom \u00e9 preparando-a como ch\u00e1. Para preparares uma ch\u00e1vena de ch\u00e1 Green Maeng Da, dissolve 4 a 5 gramas de p\u00f3 de kratom em \u00e1gua quente, assegurando que a temperatura se mant\u00e9m entre os 70 e os 95 graus Celsius. O tempo de infus\u00e3o deve ser de cerca de 3 a 5 minutos, permitindo que os alcal\u00f3ides se infundam na \u00e1gua. Ap\u00f3s a infus\u00e3o, n\u00e3o \u00e9 necess\u00e1rio filtrar o ch\u00e1 - basta consumir a mistura inteira. Muitos utilizadores gostam de adicionar mel ou xarope ao seu ch\u00e1 para real\u00e7ar o seu sabor e torn\u00e1-lo mais agrad\u00e1vel. Para os principiantes, recomenda-se que comecem com uma dose mais baixa e a aumentem gradualmente at\u00e9 encontrarem a quantidade ideal para o seu corpo. A Green Maeng Da Kratom \u00e9 conhecida pelo seu sabor suave e macio, tornando-a a escolha ideal para aqueles que acham outras variedades de kratom demasiado amargas. Proporciona uma experi\u00eancia edificante, tornando-a perfeita para a tarde, quando precisas de um impulso de energia e concentra\u00e7\u00e3o. Os efeitos demoram normalmente cerca de uma hora a fazer efeito, com a experi\u00eancia a durar v\u00e1rias horas. Com um pouco de experimenta\u00e7\u00e3o, os utilizadores podem encontrar a dose certa e o tempo de consumo que se adequa \u00e0s suas necessidades pessoais.<\/p>\n<h2 data-start=\"4060\" data-end=\"4108\">Ingredientes de Kratopia Verde Maeng Da Kratom<\/h2>\n<p data-start=\"4110\" data-end=\"5300\">O ingrediente principal do Kratopia Green Maeng Da Kratom \u00e9 <strong data-start=\"4170\" data-end=\"4192\">Mitragyna speciosa<\/strong>A kratom \u00e9 uma \u00e1rvore tropical nativa do sudeste asi\u00e1tico. As folhas desta \u00e1rvore cont\u00eam alcal\u00f3ides poderosos, que s\u00e3o respons\u00e1veis pelos efeitos que a kratom tem no corpo e na mente. O Maeng Da Kratom verde \u00e9 particularmente rico em <strong data-start=\"4405\" data-end=\"4420\">Mitragina<\/strong>, um alcaloide conhecido pelas suas propriedades estimulantes e energizantes. Isto torna-a diferente de outras variedades de kratom que podem ter um efeito mais sedativo. As folhas usadas para fazer a Green Maeng Da s\u00e3o cuidadosamente colhidas e processadas para manterem a sua pot\u00eancia. Depois de colhidas, as folhas s\u00e3o secas e submetidas a um processo de fermenta\u00e7\u00e3o ligeira, o que aumenta o conte\u00fado de alcal\u00f3ides e d\u00e1 \u00e0 variedade as suas propriedades \u00fanicas. A Green Maeng Da \u00e9 considerada uma das variedades mais suaves da Maeng Da, fornecendo uma combina\u00e7\u00e3o equilibrada de estimula\u00e7\u00e3o, concentra\u00e7\u00e3o e melhoria do humor. Como em todas as linhagens de kratom, o conte\u00fado espec\u00edfico de alcal\u00f3ides pode variar dependendo de factores como o ambiente em que a kratom foi cultivada, os m\u00e9todos de processamento usados, e a idade das folhas. No entanto, o perfil alcaloide consistente da Green Maeng Da torna-a uma escolha fi\u00e1vel e popular entre os utilizadores de kratom.<\/p>\n<p data-start=\"5302\" data-end=\"5314\"><strong data-start=\"5302\" data-end=\"5314\">Aviso:<\/strong><\/p>\n<p data-start=\"5316\" data-end=\"5642\">A venda e utiliza\u00e7\u00e3o do Kratopia Green Maeng Da Kratom s\u00e3o proibidas a indiv\u00edduos com menos de 18 anos. Manter fora do alcance das crian\u00e7as. N\u00e3o utilizar se tiver tens\u00e3o arterial alta ou baixa, problemas card\u00edacos ou pulmonares, diabetes, estiver gr\u00e1vida ou a tomar medicamentos, drogas ou \u00e1lcool. Consultar sempre um profissional de sa\u00fade antes de utilizar.<\/p>\n<hr data-start=\"5644\" data-end=\"5647\" \/>\n<p data-start=\"5649\" data-end=\"6136\" data-is-last-node=\"\">","protected":false},"excerpt":{"rendered":"<p>A Kratopia Green Maeng Da Kratom \u00e9 uma variedade suave e equilibrada conhecida pelas suas propriedades energizantes. Normalmente consumida como ch\u00e1, esta variedade proporciona um efeito suave e estimulante, tornando-a a escolha perfeita para quem procura aumentar a sua energia e concentra\u00e7\u00e3o durante a tarde. Com o seu perfil rico em alcal\u00f3ides, incluindo n\u00edveis elevados de mitragina, a Green Maeng Da Kratom oferece uma experi\u00eancia suave mas eficaz, adequada tanto para principiantes como para utilizadores experientes.<\/p>","protected":false},"featured_media":82220,"template":"","meta":[],"product_brand":[],"product_cat":[390,297,389,817,396,405,384],"product_tag":[],"class_list":{"0":"post-37820","1":"product","2":"type-product","3":"status-publish","4":"has-post-thumbnail","6":"product_cat-kratom","7":"product_cat-all-products","8":"product_cat-herbs","9":"product_cat-kratopia","10":"product_cat-relax","11":"product_cat-relax-herbs","12":"product_cat-smartshop","13":"product_shipping_class-group-7","15":"first","16":"instock","17":"taxable","18":"shipping-taxable","19":"purchasable","20":"product-type-variable","21":"has-default-attributes"},"_links":{"self":[{"href":"https:\/\/www.headshop.nl\/pt\/wp-json\/wp\/v2\/product\/37820","targetHints":{"allow":["GET"]}}],"collection":[{"href":"https:\/\/www.headshop.nl\/pt\/wp-json\/wp\/v2\/product"}],"about":[{"href":"https:\/\/www.headshop.nl\/pt\/wp-json\/wp\/v2\/types\/product"}],"wp:featuredmedia":[{"embeddable":true,"href":"https:\/\/www.headshop.nl\/pt\/wp-json\/wp\/v2\/media\/82220"}],"wp:attachment":[{"href":"https:\/\/www.headshop.nl\/pt\/wp-json\/wp\/v2\/media?parent=37820"}],"wp:term":[{"taxonomy":"product_brand","embeddable":true,"href":"https:\/\/www.headshop.nl\/pt\/wp-json\/wp\/v2\/product_brand?post=37820"},{"taxonomy":"product_cat","embeddable":true,"href":"https:\/\/www.headshop.nl\/pt\/wp-json\/wp\/v2\/product_cat?post=37820"},{"taxonomy":"product_tag","embeddable":true,"href":"https:\/\/www.headshop.nl\/pt\/wp-json\/wp\/v2\/product_tag?post=37820"}],"curies":[{"name":"wp","href":"https:\/\/api.w.org\/{rel}","templated":true}]}}