{"id":37816,"date":"2021-10-15T08:05:42","date_gmt":"2021-10-15T08:05:42","guid":{"rendered":"https:\/\/www.headshop.nl\/?post_type=product&#038;p=37816"},"modified":"2025-11-18T14:38:04","modified_gmt":"2025-11-18T14:38:04","slug":"green-bali-kratom","status":"publish","type":"product","link":"https:\/\/www.headshop.nl\/pt\/green-bali-kratom\/","title":{"rendered":"Green Bali Kratom"},"content":{"rendered":"<h2 data-start=\"491\" data-end=\"529\">O que \u00e9 o Kratopia Verde Bali Kratom?<\/h2>\n<p data-start=\"531\" data-end=\"1679\">A Kratopia Green Bali Kratom \u00e9 uma linhagem \u00fanica que se tornou uma escolha popular devido \u00e0s suas propriedades equilibradas e adapt\u00e1veis. Embora o nome \"Bali\" se refira \u00e0 ilha indon\u00e9sia, a kratom usada nesta mistura n\u00e3o cresce l\u00e1. Em vez disso, \u00e9 uma mistura de variedades de kratom principalmente de Born\u00e9u e Sumatra, combinadas por comerciantes em Bali. Esta variedade verde \u00e9 tipicamente menos intensa do que as suas cong\u00e9neres vermelhas, oferecendo um efeito suave e moderado que \u00e9 perfeito para os utilizadores que procuram um ligeiro aumento de energia ou de disposi\u00e7\u00e3o. A verde Bali Kratom ganhou reputa\u00e7\u00e3o pela sua capacidade de se misturar bem com outras variedades de kratom, particularmente a branca de Bali, para criar uma experi\u00eancia harmoniosa. O processo de cria\u00e7\u00e3o desta kratom envolve a sele\u00e7\u00e3o, lavagem e secagem das folhas, mantendo-as perto do seu estado natural. Como resultado, a Green Bali Kratom ret\u00e9m grande parte da pot\u00eancia original da folha, e a sua capacidade de complementar outros tipos de kratom torna-a uma escolha vers\u00e1til para misturar e personalizar. Quer seja usada sozinha ou misturada, a Kratopia Green Bali Kratom \u00e9 conhecida pela sua capacidade de oferecer estimula\u00e7\u00e3o mental e uma sensa\u00e7\u00e3o de calma e descontra\u00e7\u00e3o.<\/p>\n<h2 data-start=\"1681\" data-end=\"1721\">Hist\u00f3ria do Kratopia Verde Bali Kratom<\/h2>\n<p data-start=\"1723\" data-end=\"2975\">A hist\u00f3ria da Kratopia Green Bali Kratom est\u00e1 entrela\u00e7ada com a antiga tradi\u00e7\u00e3o do uso da kratom no sudeste asi\u00e1tico, particularmente na Indon\u00e9sia. Embora Bali seja conhecida pela sua import\u00e2ncia cultural e tur\u00edstica, a kratom vendida sob o nome \"Bali\" \u00e9 na verdade uma mistura de variedades de regi\u00f5es como o Born\u00e9u e Sumatra. A origem desta variante verde espec\u00edfica reside na sele\u00e7\u00e3o cuidadosa das folhas de kratom, que s\u00e3o depois processadas de forma a preservar grande parte das suas carater\u00edsticas originais. A Green Bali \u00e9 preferida pela sua capacidade de proporcionar uma experi\u00eancia mais equilibrada em compara\u00e7\u00e3o com a mais potente kratom vermelha de Bali. Historicamente, a kratom tem sido usada no sudeste asi\u00e1tico para fins medicinais e ritual\u00edsticos, com diferentes estirpes a proporcionar uma variedade de efeitos, desde o al\u00edvio da dor ao aumento de energia. Ao longo dos anos, a mistura de Bali tornou-se popular em todo o mundo, especialmente nos mercados ocidentais, onde a kratom \u00e9 usada para relaxar, dar energia e melhorar o humor. A Green Bali, com os seus efeitos moderados, ganhou reconhecimento pela sua adaptabilidade e capacidade de ser usada como base para outras misturas de kratom, muitas vezes misturada com estirpes brancas para criar um efeito sinerg\u00e9tico. Isto faz da Green Bali Kratom uma parte importante do crescente interesse global pela kratom.<\/p>\n<h2 data-start=\"2977\" data-end=\"3017\">Como utilizar o Kratopia Verde Bali Kratom<\/h2>\n<p data-start=\"3019\" data-end=\"4198\">A forma mais comum de consumir a Kratopia Green Bali Kratom \u00e9 preparando-a como ch\u00e1. Para fazer uma ch\u00e1vena de ch\u00e1 de Bali Kratom Verde, dissolve 4 a 5 gramas de p\u00f3 de kratom em \u00e1gua quente (70-95 graus Celsius). Recomenda-se que deixes a kratom em infus\u00e3o durante 3 a 5 minutos para que os alcal\u00f3ides se infundam completamente na \u00e1gua. O ch\u00e1 n\u00e3o precisa de ser filtrado; tudo pode ser consumido, incluindo o p\u00f3, o que melhora a experi\u00eancia. Quando se utiliza o Green Bali Kratom pela primeira vez, \u00e9 sempre uma boa ideia come\u00e7ar com uma dose mais baixa e ir ajustando gradualmente at\u00e9 encontrar a quantidade ideal para as suas necessidades. A maioria dos utilizadores come\u00e7a com uma dose moderada de 4 a 5 gramas, que proporciona um efeito energizante suave. Como os efeitos come\u00e7am a diminuir ap\u00f3s cerca de uma hora, alguns podem optar por tomar uma segunda ch\u00e1vena. A Bali Kratom verde \u00e9 conhecida pelos seus efeitos suaves, o que a torna adequada para os principiantes na kratom ou para aqueles que procuram uma experi\u00eancia mais suave. Alguns utilizadores tamb\u00e9m combinam a Green Bali com outros tipos de kratom, como a Bali branca, para equilibrar as propriedades mais estimulantes de outras variedades. Independentemente da forma como \u00e9 usada, a Green Bali oferece uma experi\u00eancia equilibrada e relaxante que muitos consideram agrad\u00e1vel.<\/p>\n<h2 data-start=\"4200\" data-end=\"4244\">Ingredientes de Kratopia Verde Bali Kratom<\/h2>\n<p data-start=\"4246\" data-end=\"5451\">Kratopia Verde Bali Kratom \u00e9 produzido a partir de folhas de <strong data-start=\"4300\" data-end=\"4322\">Mitragyna speciosa<\/strong>A kratom \u00e9 uma \u00e1rvore nativa do sudeste asi\u00e1tico. O ingrediente principal, a mitragina, \u00e9 o alcaloide respons\u00e1vel pelos efeitos energizantes da kratom. A Green Bali, em particular, \u00e9 conhecida pelo seu alto teor de mitragina, que contribui para as suas propriedades estimulantes e calmantes. As folhas s\u00e3o cuidadosamente colhidas, lavadas e secas, preservando os alcal\u00f3ides potentes que d\u00e3o \u00e0 kratom os seus efeitos carater\u00edsticos. Ao contr\u00e1rio das estirpes de kratom vermelha, que sofrem fermenta\u00e7\u00e3o, a Green Bali Kratom ret\u00e9m muita da energia e vibra\u00e7\u00e3o naturais das folhas originais. O perfil alcaloide da Green Bali torna-a adequada para uma variedade de usos, desde o aumento de energia e concentra\u00e7\u00e3o at\u00e9 \u00e0 promo\u00e7\u00e3o de uma sensa\u00e7\u00e3o de bem-estar. Para al\u00e9m da mitragina, a kratom cont\u00e9m outros alcal\u00f3ides, como a 7-hidroximitragina, que aumentam os efeitos gerais da kratom. A Kratopia Green Bali Kratom destaca-se pela sua capacidade de proporcionar uma experi\u00eancia moderada, oferecendo uma combina\u00e7\u00e3o de estimula\u00e7\u00e3o e relaxamento que agrada a uma vasta gama de utilizadores. Quer seja usada sozinha ou misturada com outras variedades, a Green Bali Kratom oferece uma experi\u00eancia eficaz e agrad\u00e1vel.<\/p>\n<p data-start=\"5453\" data-end=\"5465\"><strong data-start=\"5453\" data-end=\"5465\">Aviso:<\/strong><\/p>\n<p data-start=\"5467\" data-end=\"5789\">A venda e utiliza\u00e7\u00e3o do Kratopia Green Bali Kratom s\u00e3o proibidas a indiv\u00edduos com idade inferior a 18 anos. Manter fora do alcance das crian\u00e7as. N\u00e3o utilizar se tiver tens\u00e3o arterial alta ou baixa, problemas card\u00edacos ou pulmonares, diabetes, estiver gr\u00e1vida ou a tomar medicamentos, drogas ou \u00e1lcool. Consultar sempre um profissional de sa\u00fade antes de utilizar.<\/p>","protected":false},"excerpt":{"rendered":"<p>Da ilha verde, Indon\u00e9sia, chega-nos a green Bali Kratom. Esta pequena folha em p\u00f3 \u00e9 uma das tuas kratom favoritas entre muitas outras! D\u00e1-te um efeito suave mas feliz, que te tira algumas dores e te deixa relaxado. A nossa Green Bali Kratom \u00e9 perfeita para quando precisas de um est\u00edmulo extra!<\/p>","protected":false},"featured_media":82225,"template":"","meta":[],"product_brand":[],"product_cat":[390,297,389,817,396,405,384],"product_tag":[],"class_list":{"0":"post-37816","1":"product","2":"type-product","3":"status-publish","4":"has-post-thumbnail","6":"product_cat-kratom","7":"product_cat-all-products","8":"product_cat-herbs","9":"product_cat-kratopia","10":"product_cat-relax","11":"product_cat-relax-herbs","12":"product_cat-smartshop","13":"product_shipping_class-group-7","15":"first","16":"instock","17":"taxable","18":"shipping-taxable","19":"purchasable","20":"product-type-variable","21":"has-default-attributes"},"_links":{"self":[{"href":"https:\/\/www.headshop.nl\/pt\/wp-json\/wp\/v2\/product\/37816","targetHints":{"allow":["GET"]}}],"collection":[{"href":"https:\/\/www.headshop.nl\/pt\/wp-json\/wp\/v2\/product"}],"about":[{"href":"https:\/\/www.headshop.nl\/pt\/wp-json\/wp\/v2\/types\/product"}],"wp:featuredmedia":[{"embeddable":true,"href":"https:\/\/www.headshop.nl\/pt\/wp-json\/wp\/v2\/media\/82225"}],"wp:attachment":[{"href":"https:\/\/www.headshop.nl\/pt\/wp-json\/wp\/v2\/media?parent=37816"}],"wp:term":[{"taxonomy":"product_brand","embeddable":true,"href":"https:\/\/www.headshop.nl\/pt\/wp-json\/wp\/v2\/product_brand?post=37816"},{"taxonomy":"product_cat","embeddable":true,"href":"https:\/\/www.headshop.nl\/pt\/wp-json\/wp\/v2\/product_cat?post=37816"},{"taxonomy":"product_tag","embeddable":true,"href":"https:\/\/www.headshop.nl\/pt\/wp-json\/wp\/v2\/product_tag?post=37816"}],"curies":[{"name":"wp","href":"https:\/\/api.w.org\/{rel}","templated":true}]}}