{"id":37565,"date":"2025-01-30T08:40:38","date_gmt":"2025-01-30T08:40:38","guid":{"rendered":"https:\/\/www.headshop.nl\/?post_type=product&#038;p=37565"},"modified":"2025-05-23T09:04:52","modified_gmt":"2025-05-23T09:04:52","slug":"white-widow","status":"publish","type":"product","link":"https:\/\/www.headshop.nl\/pt\/white-widow\/","title":{"rendered":"White Widow - Sementes de vis\u00e3o"},"content":{"rendered":"<h2><span data-sheets-value=\"{&quot;1&quot;:2,&quot;2&quot;:&quot;White Widow&quot;}\" data-sheets-userformat=\"{&quot;2&quot;:6723,&quot;3&quot;:{&quot;1&quot;:0},&quot;4&quot;:{&quot;1&quot;:2,&quot;2&quot;:13228792},&quot;9&quot;:0,&quot;12&quot;:0,&quot;14&quot;:{&quot;1&quot;:2,&quot;2&quot;:0},&quot;15&quot;:&quot;Arial&quot;}\">White Widow <\/span>Sementes de can\u00e1bis da Vision Seeds<\/h2>\n<p>Se precisa de se divertir, este \u00e9 o bot\u00e3o certo para o seu dia. Seguindo o seu nome, a 'White Widow' emite uma intensa proje\u00e7\u00e3o de tricomas brancos brilhantes que s\u00e3o muito mais poderosos do que a maioria das outras variedades no mercado. Esta variedade deixar\u00e1 qualquer utilizador encantado e relaxado, ao mesmo tempo que o far\u00e1 interessar-se por coisas novas! E tamb\u00e9m \u00e9 \u00f3ptima para ajudar com o apetite!<\/p>\n<p>H\u00e1 uma raz\u00e3o pela qual a planta \u00e9 chamada de vi\u00fava branca, com a sua elevada quantidade de tricomas e pot\u00eancia. Proveniente do cruzamento de sativa e indica, esta variedade merece ser uma das tuas favoritas. Espera uma baforada muito relaxante, com alguns efeitos que melhoram o humor, mais pensamentos sobre experimentar coisas novas - tudo sem aquela sensa\u00e7\u00e3o de letargia profunda. O nome pode vir do que ir\u00e1s \"desejar\" depois da primeira vez que fumarmos esta beleza!<\/p>","protected":false},"excerpt":{"rendered":"<p>A pot\u00eancia relaxante, mas elevada, da variedade White Widow da Vision Seeds \u00e9 exatamente o que precisa quando procura dar um passo atr\u00e1s e pensar na vida. \u00c0 medida que os seus impulsos sociais abrandam devido a este incr\u00edvel cruzamento entre Sativa e Indica, sentir-se-\u00e1 mais intrigado em experimentar coisas novas - por isso n\u00e3o tenha medo! Fica espantado com a vis\u00e3o dos seus tricomas brancos. Verdadeiramente um cl\u00e1ssico da can\u00e1bis da velha escola que ainda \u00e9 perfeito para qualquer situa\u00e7\u00e3o, ela n\u00e3o hesitaria em ajudar com aquela dor de cabe\u00e7a aborrecida ou levar o seu apetite ao pr\u00f3ximo n\u00edvel no mundo dos desejos alimentares.<\/p>","protected":false},"featured_media":37576,"template":"","meta":[],"product_brand":[],"product_cat":[950,297,467,470,465],"product_tag":[],"class_list":{"0":"post-37565","1":"product","2":"type-product","3":"status-publish","4":"has-post-thumbnail","6":"product_cat-vision-seeds","7":"product_cat-all-products","8":"product_cat-feminized-seeds","9":"product_cat-high-thc-seeds","10":"product_cat-seedshop","11":"product_shipping_class-creditcard-on","13":"first","14":"instock","15":"taxable","16":"shipping-taxable","17":"purchasable","18":"product-type-variable","19":"has-default-attributes"},"_links":{"self":[{"href":"https:\/\/www.headshop.nl\/pt\/wp-json\/wp\/v2\/product\/37565","targetHints":{"allow":["GET"]}}],"collection":[{"href":"https:\/\/www.headshop.nl\/pt\/wp-json\/wp\/v2\/product"}],"about":[{"href":"https:\/\/www.headshop.nl\/pt\/wp-json\/wp\/v2\/types\/product"}],"wp:featuredmedia":[{"embeddable":true,"href":"https:\/\/www.headshop.nl\/pt\/wp-json\/wp\/v2\/media\/37576"}],"wp:attachment":[{"href":"https:\/\/www.headshop.nl\/pt\/wp-json\/wp\/v2\/media?parent=37565"}],"wp:term":[{"taxonomy":"product_brand","embeddable":true,"href":"https:\/\/www.headshop.nl\/pt\/wp-json\/wp\/v2\/product_brand?post=37565"},{"taxonomy":"product_cat","embeddable":true,"href":"https:\/\/www.headshop.nl\/pt\/wp-json\/wp\/v2\/product_cat?post=37565"},{"taxonomy":"product_tag","embeddable":true,"href":"https:\/\/www.headshop.nl\/pt\/wp-json\/wp\/v2\/product_tag?post=37565"}],"curies":[{"name":"wp","href":"https:\/\/api.w.org\/{rel}","templated":true}]}}