{"id":37562,"date":"2025-01-30T08:40:32","date_gmt":"2025-01-30T08:40:32","guid":{"rendered":"https:\/\/www.headshop.nl\/?post_type=product&#038;p=37562"},"modified":"2025-05-23T09:04:58","modified_gmt":"2025-05-23T09:04:58","slug":"wedding-cake-x-triple-og","status":"publish","type":"product","link":"https:\/\/www.headshop.nl\/pt\/wedding-cake-x-triple-og\/","title":{"rendered":"Wedding Cake x Triple OG - Sementes de vis\u00e3o"},"content":{"rendered":"<h2><span data-sheets-value=\"{&quot;1&quot;:2,&quot;2&quot;:&quot;Wedding Cake x Triple OG&quot;}\" data-sheets-userformat=\"{&quot;2&quot;:6723,&quot;3&quot;:{&quot;1&quot;:0},&quot;4&quot;:{&quot;1&quot;:2,&quot;2&quot;:16573901},&quot;9&quot;:0,&quot;12&quot;:0,&quot;14&quot;:{&quot;1&quot;:2,&quot;2&quot;:0},&quot;15&quot;:&quot;Arial&quot;}\">Wedding Cake x Triple OG<\/span> Sementes de can\u00e1bis da Vision Seeds<\/h2>\n<p>A variedade de can\u00e1bis Vision Seeds Wedding Cake x Triple OG \u00e9 uma mistura muito \u00fanica e peculiar com sabores doces, picantes, cremosos e azedos. Sendo uma variedade de cannabis de n\u00edvel THC extremamente alto, os efeitos s\u00e3o instant\u00e2neos depois de fumar esta deliciosa rainha da sobremesa. Sentir\u00e1s alegria, energia edificante, euforia, bem como um intenso impulso na cabe\u00e7a!<\/p>\n<p>\u00c9 excelente para quem procura um al\u00edvio instant\u00e2neo do stress ou da ansiedade, para enfrentar tarefas f\u00edsicas depois do trabalho, para ser criativo a meio do dia em actividades do tipo \"hoot hoot\" (ou seja, trabalhos manuais), ou simplesmente para ficar em casa o dia todo, muito confuso. Mas tem cuidado porque os seus efeitos s\u00e3o r\u00e1pidos! N\u00e3o te surpreendas se de repente deres por ti a voar fora de controlo horas depois de acenderes esta potente senhora do poder.<\/p>\n<p>Ela vem numa embalagem \u00fanica com uma cobertura tipo bolo, mas as suas qualidades arom\u00e1ticas podem ser o que realmente te faz voltar para mais. Com efeitos intensos em toda a experi\u00eancia - cheira-a bem, prova-a e diverte-te a experimentar algo novo!<\/p>","protected":false},"excerpt":{"rendered":"<p>A deliciosa variedade de bolo de casamento da Vision, apropriadamente chamada Wedding Cake x Triple OG, \u00e9 uma verdadeira rainha. Come\u00e7a com um aroma inesquec\u00edvel - doce e picante com toques de azedo para enlouquecer as papilas gustativas! Crescer\u00e1 numa flor grande e colorida que lhe dar\u00e1 muita energia de alta pot\u00eancia para o dia. Esta besta deixa cair uma pontua\u00e7\u00e3o s\u00f3lida de 25% THC na mesa, por isso tem cuidado com essas baforadas, mano!<\/p>","protected":false},"featured_media":37574,"template":"","meta":[],"product_brand":[],"product_cat":[950,297,467,470,465,629,468],"product_tag":[],"class_list":{"0":"post-37562","1":"product","2":"type-product","3":"status-publish","4":"has-post-thumbnail","6":"product_cat-vision-seeds","7":"product_cat-all-products","8":"product_cat-feminized-seeds","9":"product_cat-high-thc-seeds","10":"product_cat-seedshop","11":"product_cat-seedshop-top-10","12":"product_cat-usa-seeds","13":"product_shipping_class-creditcard-on","15":"first","16":"instock","17":"taxable","18":"shipping-taxable","19":"purchasable","20":"product-type-variable","21":"has-default-attributes"},"_links":{"self":[{"href":"https:\/\/www.headshop.nl\/pt\/wp-json\/wp\/v2\/product\/37562","targetHints":{"allow":["GET"]}}],"collection":[{"href":"https:\/\/www.headshop.nl\/pt\/wp-json\/wp\/v2\/product"}],"about":[{"href":"https:\/\/www.headshop.nl\/pt\/wp-json\/wp\/v2\/types\/product"}],"wp:featuredmedia":[{"embeddable":true,"href":"https:\/\/www.headshop.nl\/pt\/wp-json\/wp\/v2\/media\/37574"}],"wp:attachment":[{"href":"https:\/\/www.headshop.nl\/pt\/wp-json\/wp\/v2\/media?parent=37562"}],"wp:term":[{"taxonomy":"product_brand","embeddable":true,"href":"https:\/\/www.headshop.nl\/pt\/wp-json\/wp\/v2\/product_brand?post=37562"},{"taxonomy":"product_cat","embeddable":true,"href":"https:\/\/www.headshop.nl\/pt\/wp-json\/wp\/v2\/product_cat?post=37562"},{"taxonomy":"product_tag","embeddable":true,"href":"https:\/\/www.headshop.nl\/pt\/wp-json\/wp\/v2\/product_tag?post=37562"}],"curies":[{"name":"wp","href":"https:\/\/api.w.org\/{rel}","templated":true}]}}