{"id":37556,"date":"2025-01-30T08:40:27","date_gmt":"2025-01-30T08:40:27","guid":{"rendered":"https:\/\/www.headshop.nl\/?post_type=product&#038;p=37556"},"modified":"2025-05-23T09:05:11","modified_gmt":"2025-05-23T09:05:11","slug":"vision-gorilla","status":"publish","type":"product","link":"https:\/\/www.headshop.nl\/pt\/vision-gorilla\/","title":{"rendered":"Vision Gorilla - Sementes de vis\u00e3o"},"content":{"rendered":"<h2><span data-sheets-value=\"{&quot;1&quot;:2,&quot;2&quot;:&quot;Vision Gorilla&quot;}\" data-sheets-userformat=\"{&quot;2&quot;:6723,&quot;3&quot;:{&quot;1&quot;:0},&quot;4&quot;:{&quot;1&quot;:2,&quot;2&quot;:14281427},&quot;9&quot;:0,&quot;12&quot;:0,&quot;14&quot;:{&quot;1&quot;:2,&quot;2&quot;:0},&quot;15&quot;:&quot;Arial&quot;}\">Vision Gorilla<\/span> Sementes de can\u00e1bis da Vision Seeds<\/h2>\n<p>A Vision Gorilla \u00e9 uma variedade de can\u00e1bis super mega poderosa com at\u00e9 25% THC, o que a torna a escolha perfeita para quem procura \"verdadeiros batedores pesados\" com altos rendimentos. Esta rapariga pode crescer grande e alto, libertando aromas terrosos que o far\u00e3o pensar em como seria dar uma dentada neste gorila verde.<\/p>\n<p>Esta variedade \u00e9 a melhor de todas as variedades, meu! S\u00f3 o sabor far\u00e1 com que te sintas como um viajante instant\u00e2neo numa terra onde montanhas gloriosas e rios cintilantes te cobrem; vai deixar-te de rastos e sentir-te como uma est\u00e1tua de pedra. Podes at\u00e9 come\u00e7ar a perguntar-te se \u00e9s real ou n\u00e3o: \u00e9 assim que a Vision Gorilla Cannabis Strain faz os seus utilizadores pensar.<\/p>\n<p>Com n\u00edveis de pot\u00eancia elevados at\u00e9 25% THC, esta rapariga pode crescer grande e alegremente com enormes bot\u00f5es volumosos revestidos de resina a sair de toda a sua longa estrutura, e tamb\u00e9m n\u00e3o \u00e9 estranha a crescer em altura. Tipicamente criada para aqueles que procuram \"verdadeiros batedores pesados\" que querem estirpes de can\u00e1bis potentes com rendimentos mais elevados, recomendamos que d\u00eaem a esta senhora<\/p>","protected":false},"excerpt":{"rendered":"<p>Vision Gorilla Cannabis Strain \u00e9 um rebatedor pesado, embalando at\u00e9 25% de THC. Os produtores recomendam esta rapariga para aqueles que querem altos rendimentos e alta pot\u00eancia! Vamos colocar desta forma ... Se voc\u00ea procura a coisa mais poderosa que vendemos. Esta \u00e9 a tal. A s\u00e9rio, esta \u00e9 uma das mais potentes do planeta. Agarrem-se \u00e0 vossa cadeira quando derem o primeiro golpe. N\u00e3o digas que n\u00e3o te avis\u00e1mos, amigo!<\/p>","protected":false},"featured_media":37337,"template":"","meta":[],"product_brand":[],"product_cat":[950,297,467,470,465,629,468],"product_tag":[],"class_list":{"0":"post-37556","1":"product","2":"type-product","3":"status-publish","4":"has-post-thumbnail","6":"product_cat-vision-seeds","7":"product_cat-all-products","8":"product_cat-feminized-seeds","9":"product_cat-high-thc-seeds","10":"product_cat-seedshop","11":"product_cat-seedshop-top-10","12":"product_cat-usa-seeds","13":"product_shipping_class-creditcard-on","15":"first","16":"instock","17":"taxable","18":"shipping-taxable","19":"purchasable","20":"product-type-variable","21":"has-default-attributes"},"_links":{"self":[{"href":"https:\/\/www.headshop.nl\/pt\/wp-json\/wp\/v2\/product\/37556","targetHints":{"allow":["GET"]}}],"collection":[{"href":"https:\/\/www.headshop.nl\/pt\/wp-json\/wp\/v2\/product"}],"about":[{"href":"https:\/\/www.headshop.nl\/pt\/wp-json\/wp\/v2\/types\/product"}],"wp:featuredmedia":[{"embeddable":true,"href":"https:\/\/www.headshop.nl\/pt\/wp-json\/wp\/v2\/media\/37337"}],"wp:attachment":[{"href":"https:\/\/www.headshop.nl\/pt\/wp-json\/wp\/v2\/media?parent=37556"}],"wp:term":[{"taxonomy":"product_brand","embeddable":true,"href":"https:\/\/www.headshop.nl\/pt\/wp-json\/wp\/v2\/product_brand?post=37556"},{"taxonomy":"product_cat","embeddable":true,"href":"https:\/\/www.headshop.nl\/pt\/wp-json\/wp\/v2\/product_cat?post=37556"},{"taxonomy":"product_tag","embeddable":true,"href":"https:\/\/www.headshop.nl\/pt\/wp-json\/wp\/v2\/product_tag?post=37556"}],"curies":[{"name":"wp","href":"https:\/\/api.w.org\/{rel}","templated":true}]}}