{"id":37530,"date":"2025-01-30T07:40:55","date_gmt":"2025-01-30T07:40:55","guid":{"rendered":"https:\/\/www.headshop.nl\/?post_type=product&#038;p=37530"},"modified":"2025-05-23T09:08:15","modified_gmt":"2025-05-23T09:08:15","slug":"supreme-lemon","status":"publish","type":"product","link":"https:\/\/www.headshop.nl\/pt\/supreme-lemon\/","title":{"rendered":"Supreme Lemon - Sementes de vis\u00e3o"},"content":{"rendered":"<h2><span data-sheets-value=\"{&quot;1&quot;:2,&quot;2&quot;:&quot;Supreme Lemon&quot;}\" data-sheets-userformat=\"{&quot;2&quot;:6723,&quot;3&quot;:{&quot;1&quot;:0},&quot;4&quot;:{&quot;1&quot;:2,&quot;2&quot;:16573901},&quot;9&quot;:0,&quot;12&quot;:0,&quot;14&quot;:{&quot;1&quot;:2,&quot;2&quot;:0},&quot;15&quot;:&quot;Arial&quot;}\">Supreme Lemon<\/span> Sementes de can\u00e1bis da Vision Seeds<\/h2>\n<p>Uma h\u00edbrida pura com predomin\u00e2ncia de sativa, a Supreme Lemon baseia-se na criatividade original da Vision Seeds. Resulta do cruzamento da Haze (adorada pelo seu zumbido suave) com uma das variedades modernas mais populares em todo o mundo, a Lemon Skunk. Com os seus n\u00edveis elevados de THC e sabor neutro a can\u00e1bis, esta senhora \u00e9 boa para uma utiliza\u00e7\u00e3o energ\u00e9tica durante o dia; um utilizador experiente consider\u00e1-la-\u00e1 criativa e comunicativa, com um forte efeito socializante!<\/p>\n<p>Esta cultivar de can\u00e1bis \u00e9 um h\u00edbrido de duas lendas da can\u00e1bis. O cheiro e o sabor ser\u00e3o frescos, c\u00edtricos, com um sabor herb\u00e1ceo semelhante ao da verbena-lim\u00e3o ou do manjeric\u00e3o-lim\u00e3o.<\/p>\n<p>Ela tem uma composi\u00e7\u00e3o gen\u00e9tica s\u00e9ria - pais Silver Haze e Lemon Skunk, quem quer uma variedade extremamente potente para adicionar ao alinhamento?<\/p>\n<p>Toda a gente fala da frescura do seu sabor. Ela d\u00e1-te aquela grande explos\u00e3o de lim\u00e3o enquanto mant\u00e9m a sua domin\u00e2ncia Sativa sob controlo com um pedigree de cultivador de medalha de ouro. E ainda nem sequer fal\u00e1mos dos efeitos: Criatividade e energia em cada tragada!<\/p>","protected":false},"excerpt":{"rendered":"<p>Ol\u00e1! Esperamos que gostes de explorar coisas novas e, desta vez, temos algo incr\u00edvel para ti. A variedade de can\u00e1bis Meet Supreme Lemon da Vision Seeds! Esta senhora \u00e9 um cruzamento entre Silver Haze e Lemon Skunk, por isso \u00e9 perfeita para quem j\u00e1 gosta destas variedades. Mas ainda fica melhor: A Supreme tem um n\u00edvel impressionante de THC e o melhor da gen\u00e9tica Sativa - proporcionando efeitos criativos e energizantes durante todo o dia. Precisamos de acrescentar mais?<\/p>","protected":false},"featured_media":37268,"template":"","meta":[],"product_brand":[],"product_cat":[950,297,467,470,465],"product_tag":[],"class_list":{"0":"post-37530","1":"product","2":"type-product","3":"status-publish","4":"has-post-thumbnail","6":"product_cat-vision-seeds","7":"product_cat-all-products","8":"product_cat-feminized-seeds","9":"product_cat-high-thc-seeds","10":"product_cat-seedshop","11":"product_shipping_class-creditcard-on","13":"first","14":"instock","15":"taxable","16":"shipping-taxable","17":"purchasable","18":"product-type-variable","19":"has-default-attributes"},"_links":{"self":[{"href":"https:\/\/www.headshop.nl\/pt\/wp-json\/wp\/v2\/product\/37530","targetHints":{"allow":["GET"]}}],"collection":[{"href":"https:\/\/www.headshop.nl\/pt\/wp-json\/wp\/v2\/product"}],"about":[{"href":"https:\/\/www.headshop.nl\/pt\/wp-json\/wp\/v2\/types\/product"}],"wp:featuredmedia":[{"embeddable":true,"href":"https:\/\/www.headshop.nl\/pt\/wp-json\/wp\/v2\/media\/37268"}],"wp:attachment":[{"href":"https:\/\/www.headshop.nl\/pt\/wp-json\/wp\/v2\/media?parent=37530"}],"wp:term":[{"taxonomy":"product_brand","embeddable":true,"href":"https:\/\/www.headshop.nl\/pt\/wp-json\/wp\/v2\/product_brand?post=37530"},{"taxonomy":"product_cat","embeddable":true,"href":"https:\/\/www.headshop.nl\/pt\/wp-json\/wp\/v2\/product_cat?post=37530"},{"taxonomy":"product_tag","embeddable":true,"href":"https:\/\/www.headshop.nl\/pt\/wp-json\/wp\/v2\/product_tag?post=37530"}],"curies":[{"name":"wp","href":"https:\/\/api.w.org\/{rel}","templated":true}]}}