{"id":37521,"date":"2025-01-30T07:40:42","date_gmt":"2025-01-30T07:40:42","guid":{"rendered":"https:\/\/www.headshop.nl\/?post_type=product&#038;p=37521"},"modified":"2025-05-23T09:08:29","modified_gmt":"2025-05-23T09:08:29","slug":"silver-haze","status":"publish","type":"product","link":"https:\/\/www.headshop.nl\/pt\/silver-haze\/","title":{"rendered":"Silver Haze - Sementes de vis\u00e3o"},"content":{"rendered":"<h2><span data-sheets-value=\"{&quot;1&quot;:2,&quot;2&quot;:&quot;Silver Haze&quot;}\" data-sheets-userformat=\"{&quot;2&quot;:6723,&quot;3&quot;:{&quot;1&quot;:0},&quot;4&quot;:{&quot;1&quot;:2,&quot;2&quot;:13624051},&quot;9&quot;:0,&quot;12&quot;:0,&quot;14&quot;:{&quot;1&quot;:2,&quot;2&quot;:0},&quot;15&quot;:&quot;Arial&quot;}\">Silver Haze<\/span> Sementes de can\u00e1bis da Vision Seeds<\/h2>\n<p>Considerada por alguns como uma das mais interessantes variedades de can\u00e1bis dispon\u00edveis, a Silver Haze \u00e9 uma mistura perfeita de gen\u00e9tica \u00cdndica e Sativa que te mant\u00e9m a rir o dia todo. Prepara-te para experimentares altos criativos com um zumbido euf\u00f3rico e fortes efeitos cerebrais!<\/p>\n<p>A Silver Haze \u00e9 uma das variedades de haze de can\u00e1bis mais conhecidas por a\u00ed que far\u00e1 sempre qualquer amante de Sativa ficar louco! E a Vision Seeds Silver Haze \u00e9 uma haze que far\u00e1 babar qualquer amante de erva! Esta gen\u00e9tica popular vem do lado puro da Haze, mas tamb\u00e9m tem skunk e Northern Lights misturados.<\/p>\n<p>Isto d\u00e1-lhe um n\u00edvel moderado de THC com um grande efeito de riso. O efeito \u00e9 o que fez desta variedade um cl\u00e1ssico de todos os tempos: um forte zumbido cerebral para acompanhar os sentimentos euf\u00f3ricos despertados por algumas gargalhadas. As combina\u00e7\u00f5es de sabores funky de pinho\/fruta s\u00e3o fant\u00e1sticas, mas tamb\u00e9m aparecem notas seriamente picantes, o que pode ser avassalador para algumas pessoas.<\/p>","protected":false},"excerpt":{"rendered":"<p>Procura uma aventura intensa na sua pr\u00f3pria cabe\u00e7a? A Silver Haze est\u00e1 aqui, pronta para explodir mentes, abrindo as portas da perce\u00e7\u00e3o. Esta gen\u00e9tica Indica pesada cruza Skunk e Northern Lights com Haze pura para obter um zumbido hardcore combinado com alguns altos introspectivos s\u00e9rios. Tu sabes que a queres!<\/p>","protected":false},"featured_media":37264,"template":"","meta":[],"product_brand":[],"product_cat":[950,297,467,465],"product_tag":[],"class_list":{"0":"post-37521","1":"product","2":"type-product","3":"status-publish","4":"has-post-thumbnail","6":"product_cat-vision-seeds","7":"product_cat-all-products","8":"product_cat-feminized-seeds","9":"product_cat-seedshop","10":"product_shipping_class-creditcard-on","12":"first","13":"instock","14":"taxable","15":"shipping-taxable","16":"purchasable","17":"product-type-variable","18":"has-default-attributes"},"_links":{"self":[{"href":"https:\/\/www.headshop.nl\/pt\/wp-json\/wp\/v2\/product\/37521","targetHints":{"allow":["GET"]}}],"collection":[{"href":"https:\/\/www.headshop.nl\/pt\/wp-json\/wp\/v2\/product"}],"about":[{"href":"https:\/\/www.headshop.nl\/pt\/wp-json\/wp\/v2\/types\/product"}],"wp:featuredmedia":[{"embeddable":true,"href":"https:\/\/www.headshop.nl\/pt\/wp-json\/wp\/v2\/media\/37264"}],"wp:attachment":[{"href":"https:\/\/www.headshop.nl\/pt\/wp-json\/wp\/v2\/media?parent=37521"}],"wp:term":[{"taxonomy":"product_brand","embeddable":true,"href":"https:\/\/www.headshop.nl\/pt\/wp-json\/wp\/v2\/product_brand?post=37521"},{"taxonomy":"product_cat","embeddable":true,"href":"https:\/\/www.headshop.nl\/pt\/wp-json\/wp\/v2\/product_cat?post=37521"},{"taxonomy":"product_tag","embeddable":true,"href":"https:\/\/www.headshop.nl\/pt\/wp-json\/wp\/v2\/product_tag?post=37521"}],"curies":[{"name":"wp","href":"https:\/\/api.w.org\/{rel}","templated":true}]}}