{"id":37512,"date":"2025-01-30T07:40:34","date_gmt":"2025-01-30T07:40:34","guid":{"rendered":"https:\/\/www.headshop.nl\/?post_type=product&#038;p=37512"},"modified":"2025-05-23T09:08:52","modified_gmt":"2025-05-23T09:08:52","slug":"ny-diesel","status":"publish","type":"product","link":"https:\/\/www.headshop.nl\/pt\/ny-diesel\/","title":{"rendered":"NY Diesel - Sementes de vis\u00e3o"},"content":{"rendered":"<h2><span data-sheets-value=\"{&quot;1&quot;:2,&quot;2&quot;:&quot;NY Diesel&quot;}\" data-sheets-userformat=\"{&quot;2&quot;:6723,&quot;3&quot;:{&quot;1&quot;:0},&quot;4&quot;:{&quot;1&quot;:2,&quot;2&quot;:14281427},&quot;9&quot;:0,&quot;12&quot;:0,&quot;14&quot;:{&quot;1&quot;:2,&quot;2&quot;:0},&quot;15&quot;:&quot;Arial&quot;}\">NY Diesel <\/span>Sementes de can\u00e1bis da Vision Seeds<\/h2>\n<p>A NY Diesel \u00e9 uma variedade nova e melhorada que pode ser desfrutada a qualquer altura do dia, mas cuidado! Com as melhores partes de Indica e Sativa, a Vision Seeds NY Diesel trar\u00e1 consigo toda a bondade desta fabulosa planta. O h\u00edbrido (50\/50) torna a experi\u00eancia ainda mais equilibrada, o que \u00e9 perfeito para os estilos de vida em movimento em que vivemos durante estes dias ocupados.<\/p>\n<p>Esta rainha genial de Nova Iorque foi criada atrav\u00e9s do equil\u00edbrio de duas estirpes diferentes, de modo a n\u00e3o apresentar quaisquer restri\u00e7\u00f5es: obt\u00e9m apenas bot\u00f5es da melhor qualidade e um fumo fant\u00e1stico - ser\u00e1 amor \u00e0 primeira passa! Confia em n\u00f3s: Estes n\u00e3o s\u00e3o apenas uns punhados de cristais vulgares que parecem mais bonitos do que cheiram.<\/p>\n<p>Esta variedade \u00e9 uma h\u00edbrida fant\u00e1stica que lhe proporcionar\u00e1 muito fumo de alta qualidade. Foi criada a partir de vibra\u00e7\u00f5es cl\u00e1ssicas de diesel e baforadas frutadas para criar a variedade perfeita para qualquer conhecedor experiente de erva.<\/p>","protected":false},"excerpt":{"rendered":"<p>A NY Diesel \u00e9 uma h\u00edbrida bem equilibrada (50\/50) com uma gen\u00e9tica interessante. O perfil de sabor incluir\u00e1 tons agridoces e frutados pesados, com algumas vibra\u00e7\u00f5es de diesel adicionadas para uma boa medida. A NY Diesel \u00e9 a planta de elei\u00e7\u00e3o se quiser um efeito tanto de \u00cdndica como de Sativa!<\/p>","protected":false},"featured_media":37260,"template":"","meta":[],"product_brand":[],"product_cat":[950,297,467,465],"product_tag":[],"class_list":{"0":"post-37512","1":"product","2":"type-product","3":"status-publish","4":"has-post-thumbnail","6":"product_cat-vision-seeds","7":"product_cat-all-products","8":"product_cat-feminized-seeds","9":"product_cat-seedshop","10":"product_shipping_class-creditcard-on","12":"first","13":"instock","14":"taxable","15":"shipping-taxable","16":"purchasable","17":"product-type-variable","18":"has-default-attributes"},"_links":{"self":[{"href":"https:\/\/www.headshop.nl\/pt\/wp-json\/wp\/v2\/product\/37512","targetHints":{"allow":["GET"]}}],"collection":[{"href":"https:\/\/www.headshop.nl\/pt\/wp-json\/wp\/v2\/product"}],"about":[{"href":"https:\/\/www.headshop.nl\/pt\/wp-json\/wp\/v2\/types\/product"}],"wp:featuredmedia":[{"embeddable":true,"href":"https:\/\/www.headshop.nl\/pt\/wp-json\/wp\/v2\/media\/37260"}],"wp:attachment":[{"href":"https:\/\/www.headshop.nl\/pt\/wp-json\/wp\/v2\/media?parent=37512"}],"wp:term":[{"taxonomy":"product_brand","embeddable":true,"href":"https:\/\/www.headshop.nl\/pt\/wp-json\/wp\/v2\/product_brand?post=37512"},{"taxonomy":"product_cat","embeddable":true,"href":"https:\/\/www.headshop.nl\/pt\/wp-json\/wp\/v2\/product_cat?post=37512"},{"taxonomy":"product_tag","embeddable":true,"href":"https:\/\/www.headshop.nl\/pt\/wp-json\/wp\/v2\/product_tag?post=37512"}],"curies":[{"name":"wp","href":"https:\/\/api.w.org\/{rel}","templated":true}]}}