{"id":37433,"date":"2025-01-30T08:06:40","date_gmt":"2025-01-30T08:06:40","guid":{"rendered":"https:\/\/www.headshop.nl\/?post_type=product&#038;p=37433"},"modified":"2025-05-23T09:05:26","modified_gmt":"2025-05-23T09:05:26","slug":"nicole-x-og","status":"publish","type":"product","link":"https:\/\/www.headshop.nl\/pt\/nicole-x-og\/","title":{"rendered":"Nicole x OG - Sementes de vis\u00e3o"},"content":{"rendered":"<h2><span data-sheets-value=\"{&quot;1&quot;:2,&quot;2&quot;:&quot;Nicole x OG&quot;}\" data-sheets-userformat=\"{&quot;2&quot;:6723,&quot;3&quot;:{&quot;1&quot;:0},&quot;4&quot;:{&quot;1&quot;:2,&quot;2&quot;:13624051},&quot;9&quot;:0,&quot;12&quot;:0,&quot;14&quot;:{&quot;1&quot;:2,&quot;2&quot;:0},&quot;15&quot;:&quot;Arial&quot;}\">Nicole x OG<\/span> Sementes de can\u00e1bis da Vision Seeds<\/h2>\n<p>Nicole X OG da Vision Seeds \u00e9 uma das nossas plantas mais bonitas que o pode surpreender com o tamanho do seu rendimento. Os seus n\u00edveis de THC s\u00e3o imbat\u00edveis, o que a torna ainda mais popular na comunidade de utilizadores experientes de can\u00e1bis.<\/p>\n<p>O sabor desta senhora \u00e9 de outro mundo. Sentir\u00e1s um aroma peculiar a bagas misturado com tons c\u00edtricos e terrosos que te far\u00e3o querer voltar para mais. Esta senhora dominante da \u00cdndica come\u00e7a com fortes efeitos let\u00e1rgicos que o levar\u00e3o a um completo estado de relaxamento, ao mesmo tempo que afasta o stress mental, deixando-o em puro deleite novamente.<\/p>\n<p>Esta indica pesada \u00e9 uma variedade OG Kush x Nicole que apresenta uma coes\u00e3o discreta e um aroma ligeiro. O sabor a bagas predomina, misturado com citrinos e uma pitada de terra. A moca come\u00e7a lentamente mas intensifica-se ao ponto de n\u00e3o haver d\u00favidas de que se est\u00e1 a consumir! Com a sua mistura de efeitos relaxantes, este deve ser o teu pr\u00f3ximo fumo noturno!<\/p>","protected":false},"excerpt":{"rendered":"<p>Esta senhora com domin\u00e2ncia \u00cdndica come\u00e7a a dar pontap\u00e9s com fortes efeitos let\u00e1rgicos! O sabor desta incr\u00edvel senhora \u00e9 avassalador, para dizer o m\u00ednimo... Espere um aroma peculiar de bagas, misturado com fortes citrinos e um toque de tons terrosos amadeirados. A Nicole x OG \u00e9 uma \u00f3ptima planta para cultivar para qualquer amante de kush por a\u00ed!<\/p>","protected":false},"featured_media":37300,"template":"","meta":[],"product_brand":[],"product_cat":[950,297,467,470,465],"product_tag":[],"class_list":{"0":"post-37433","1":"product","2":"type-product","3":"status-publish","4":"has-post-thumbnail","6":"product_cat-vision-seeds","7":"product_cat-all-products","8":"product_cat-feminized-seeds","9":"product_cat-high-thc-seeds","10":"product_cat-seedshop","11":"product_shipping_class-creditcard-on","13":"first","14":"instock","15":"taxable","16":"shipping-taxable","17":"purchasable","18":"product-type-variable","19":"has-default-attributes"},"_links":{"self":[{"href":"https:\/\/www.headshop.nl\/pt\/wp-json\/wp\/v2\/product\/37433","targetHints":{"allow":["GET"]}}],"collection":[{"href":"https:\/\/www.headshop.nl\/pt\/wp-json\/wp\/v2\/product"}],"about":[{"href":"https:\/\/www.headshop.nl\/pt\/wp-json\/wp\/v2\/types\/product"}],"wp:featuredmedia":[{"embeddable":true,"href":"https:\/\/www.headshop.nl\/pt\/wp-json\/wp\/v2\/media\/37300"}],"wp:attachment":[{"href":"https:\/\/www.headshop.nl\/pt\/wp-json\/wp\/v2\/media?parent=37433"}],"wp:term":[{"taxonomy":"product_brand","embeddable":true,"href":"https:\/\/www.headshop.nl\/pt\/wp-json\/wp\/v2\/product_brand?post=37433"},{"taxonomy":"product_cat","embeddable":true,"href":"https:\/\/www.headshop.nl\/pt\/wp-json\/wp\/v2\/product_cat?post=37433"},{"taxonomy":"product_tag","embeddable":true,"href":"https:\/\/www.headshop.nl\/pt\/wp-json\/wp\/v2\/product_tag?post=37433"}],"curies":[{"name":"wp","href":"https:\/\/api.w.org\/{rel}","templated":true}]}}