{"id":37420,"date":"2025-01-30T08:06:34","date_gmt":"2025-01-30T08:06:34","guid":{"rendered":"https:\/\/www.headshop.nl\/?post_type=product&#038;p=37420"},"modified":"2025-05-23T09:06:10","modified_gmt":"2025-05-23T09:06:10","slug":"jack-herer","status":"publish","type":"product","link":"https:\/\/www.headshop.nl\/pt\/jack-herer\/","title":{"rendered":"Jack Herer - Sementes de vis\u00e3o"},"content":{"rendered":"<h2><span data-sheets-value=\"{&quot;1&quot;:2,&quot;2&quot;:&quot;Jack Herer&quot;}\" data-sheets-userformat=\"{&quot;2&quot;:6723,&quot;3&quot;:{&quot;1&quot;:0},&quot;4&quot;:{&quot;1&quot;:2,&quot;2&quot;:15389148},&quot;9&quot;:0,&quot;12&quot;:0,&quot;14&quot;:{&quot;1&quot;:2,&quot;2&quot;:0},&quot;15&quot;:&quot;Arial&quot;}\">Jack Herer <\/span>Sementes de can\u00e1bis da Vision Seeds<\/h2>\n<p>Tem andado \u00e0 procura de uma forma de relaxar e divertir-se, mas sem se sentir pregui\u00e7oso ou demasiado cansado. Quer que a sensa\u00e7\u00e3o de euforia da sua can\u00e1bis permane\u00e7a consigo sem ser dominado por ela. A Jack Herer Cannabis Seeds pode ser o que precisa!<\/p>\n<p>Estas variedades de maconha viciosamente impressionantes v\u00e3o manter-te leve e feliz sem te deixar esgotado ou lento, ideal se \u00e9 isso que procuras numa variedade de erva. A Jack Herer orgulha-se da gen\u00e9tica Skunk, Northern Lights e Haze - sim!<\/p>","protected":false},"excerpt":{"rendered":"<p>Deixa o Jack apresentar-se, para n\u00e3o termos de o fazer... \"Sou uma h\u00edbrida Sativa de alta qualidade com uma gen\u00e9tica 100% Skunk, Northern Lights e Haze que te deixar\u00e1 orgulhoso de me cultivar. Sou conhecido por minhas \u00f3timas flores que s\u00e3o bot\u00f5es verdes claros, todos cobertos por muitos pelos que causar\u00e3o euforia quando ela atingir seu sistema. N\u00f3s pr\u00f3prios n\u00e3o o poder\u00edamos dizer melhor!<\/p>","protected":false},"featured_media":37250,"template":"","meta":[],"product_brand":[],"product_cat":[950,297,467,465],"product_tag":[],"class_list":{"0":"post-37420","1":"product","2":"type-product","3":"status-publish","4":"has-post-thumbnail","6":"product_cat-vision-seeds","7":"product_cat-all-products","8":"product_cat-feminized-seeds","9":"product_cat-seedshop","10":"product_shipping_class-creditcard-on","12":"first","13":"instock","14":"taxable","15":"shipping-taxable","16":"purchasable","17":"product-type-variable","18":"has-default-attributes"},"_links":{"self":[{"href":"https:\/\/www.headshop.nl\/pt\/wp-json\/wp\/v2\/product\/37420","targetHints":{"allow":["GET"]}}],"collection":[{"href":"https:\/\/www.headshop.nl\/pt\/wp-json\/wp\/v2\/product"}],"about":[{"href":"https:\/\/www.headshop.nl\/pt\/wp-json\/wp\/v2\/types\/product"}],"wp:featuredmedia":[{"embeddable":true,"href":"https:\/\/www.headshop.nl\/pt\/wp-json\/wp\/v2\/media\/37250"}],"wp:attachment":[{"href":"https:\/\/www.headshop.nl\/pt\/wp-json\/wp\/v2\/media?parent=37420"}],"wp:term":[{"taxonomy":"product_brand","embeddable":true,"href":"https:\/\/www.headshop.nl\/pt\/wp-json\/wp\/v2\/product_brand?post=37420"},{"taxonomy":"product_cat","embeddable":true,"href":"https:\/\/www.headshop.nl\/pt\/wp-json\/wp\/v2\/product_cat?post=37420"},{"taxonomy":"product_tag","embeddable":true,"href":"https:\/\/www.headshop.nl\/pt\/wp-json\/wp\/v2\/product_tag?post=37420"}],"curies":[{"name":"wp","href":"https:\/\/api.w.org\/{rel}","templated":true}]}}