{"id":37412,"date":"2025-01-30T08:06:27","date_gmt":"2025-01-30T08:06:27","guid":{"rendered":"https:\/\/www.headshop.nl\/?post_type=product&#038;p=37412"},"modified":"2025-05-23T09:07:12","modified_gmt":"2025-05-23T09:07:12","slug":"critical-impact","status":"publish","type":"product","link":"https:\/\/www.headshop.nl\/pt\/critical-impact\/","title":{"rendered":"Critical Impact - Sementes de vis\u00e3o"},"content":{"rendered":"<h2>Critical Impact Sementes de can\u00e1bis da Vision Seeds<\/h2>\n<p>Nada o tornar\u00e1 um cultivador de can\u00e1bis melhor e mais bem sucedido do que manusear uma Critical Impact. Como qualquer boa h\u00edbrida Skunk\/Kush, \u00e9 a planta certa para quem procura maximizar a sua colheita e desfrutar de um dos fumos de melhor qualidade do planeta. Ficar\u00e1 entusiasmado com o seu rendimento abundante, uma vez que ela goza de uma taxa de crescimento inacredit\u00e1vel que s\u00f3 se torna mais forte \u00e0 medida que a transi\u00e7\u00e3o para a flora\u00e7\u00e3o come\u00e7a - e \u00e9 totalmente natural!<\/p>\n<p>Certifica-te de que o teu equipamento de cultivo consegue lidar com esta menina m\u00e1, pois ela \u00e9 pungente e cheirosa como nenhuma outra! A escolha perfeita para cultivadores experientes ou para aqueles que procuram \"crescer em grande ou ir para casa\"!<\/p>","protected":false},"excerpt":{"rendered":"<p>Estas sementes de can\u00e1bis Critical Impact s\u00e3o um must-have para aqueles que adoram grandes colheitas de erva de alta qualidade. Com 600 gramas ou mais por metro quadrado dentro de casa, esta \u00e9 uma das variedades mais r\u00e1pidas e de melhor produ\u00e7\u00e3o do mercado - tanto no interior como no exterior! Ela tamb\u00e9m cheira muito bem, por isso n\u00e3o te esque\u00e7as de a amar e ser\u00e1s muito recompensado!<\/p>","protected":false},"featured_media":37324,"template":"","meta":[],"product_brand":[],"product_cat":[950,297,467,465],"product_tag":[],"class_list":{"0":"post-37412","1":"product","2":"type-product","3":"status-publish","4":"has-post-thumbnail","6":"product_cat-vision-seeds","7":"product_cat-all-products","8":"product_cat-feminized-seeds","9":"product_cat-seedshop","10":"product_shipping_class-creditcard-on","12":"first","13":"instock","14":"taxable","15":"shipping-taxable","16":"purchasable","17":"product-type-variable","18":"has-default-attributes"},"_links":{"self":[{"href":"https:\/\/www.headshop.nl\/pt\/wp-json\/wp\/v2\/product\/37412","targetHints":{"allow":["GET"]}}],"collection":[{"href":"https:\/\/www.headshop.nl\/pt\/wp-json\/wp\/v2\/product"}],"about":[{"href":"https:\/\/www.headshop.nl\/pt\/wp-json\/wp\/v2\/types\/product"}],"wp:featuredmedia":[{"embeddable":true,"href":"https:\/\/www.headshop.nl\/pt\/wp-json\/wp\/v2\/media\/37324"}],"wp:attachment":[{"href":"https:\/\/www.headshop.nl\/pt\/wp-json\/wp\/v2\/media?parent=37412"}],"wp:term":[{"taxonomy":"product_brand","embeddable":true,"href":"https:\/\/www.headshop.nl\/pt\/wp-json\/wp\/v2\/product_brand?post=37412"},{"taxonomy":"product_cat","embeddable":true,"href":"https:\/\/www.headshop.nl\/pt\/wp-json\/wp\/v2\/product_cat?post=37412"},{"taxonomy":"product_tag","embeddable":true,"href":"https:\/\/www.headshop.nl\/pt\/wp-json\/wp\/v2\/product_tag?post=37412"}],"curies":[{"name":"wp","href":"https:\/\/api.w.org\/{rel}","templated":true}]}}