{"id":37392,"date":"2025-01-30T08:06:03","date_gmt":"2025-01-30T08:06:03","guid":{"rendered":"https:\/\/www.headshop.nl\/?post_type=product&#038;p=37392"},"modified":"2025-05-23T09:07:51","modified_gmt":"2025-05-23T09:07:51","slug":"big-bud","status":"publish","type":"product","link":"https:\/\/www.headshop.nl\/pt\/big-bud\/","title":{"rendered":"Big Bud - Sementes de vis\u00e3o"},"content":{"rendered":"<h2>Big Bud Sementes de can\u00e1bis da Vision Seeds<\/h2>\n<p>A Big Bud \u00e9 uma variedade Indica-dominante pesada que faz jus ao seu nome. Com um per\u00edodo de flora\u00e7\u00e3o curto, esta cereja \u00e9 um deleite para os cultivadores. Cresce melhor em climas amenos e acolhedores e \u00e9 mais popular entre os cultivadores comerciais devido ao seu elevado rendimento.<\/p>\n<p>A Big Bud foi premiada com o trof\u00e9u de segundo lugar durante tr\u00eas anos consecutivos na prestigiada High Times Cannabis Cup; nada mau!<\/p>\n<p>Bot\u00f5es grandes e bem arredondados s\u00e3o o que tornam esta indica pesada conhecida pelo seu incr\u00edvel rendimento. Se procura satisfazer os seus desejos de meio-per\u00edodo ao ar livre, considere cultivar esta senhora de enorme rendimento de bot\u00f5es. Ela \u00e9 verdadeiramente espantosa!<\/p>","protected":false},"excerpt":{"rendered":"<p>Os bot\u00f5es grandes s\u00e3o o melhor tipo de bot\u00f5es! Com apenas 8-9 semanas para crescer, pode ter a sua gen\u00e9tica poderosa no seu jardim. As sementes de can\u00e1bis Big Bud s\u00e3o para pessoas que querem uma planta s\u00f3lida e louca para crescer e sabem o que est\u00e3o a fazer. O nome diz tudo!<\/p>","protected":false},"featured_media":37312,"template":"","meta":[],"product_brand":[],"product_cat":[950,297,467,465,629],"product_tag":[],"class_list":{"0":"post-37392","1":"product","2":"type-product","3":"status-publish","4":"has-post-thumbnail","6":"product_cat-vision-seeds","7":"product_cat-all-products","8":"product_cat-feminized-seeds","9":"product_cat-seedshop","10":"product_cat-seedshop-top-10","11":"product_shipping_class-creditcard-on","13":"first","14":"instock","15":"taxable","16":"shipping-taxable","17":"purchasable","18":"product-type-variable","19":"has-default-attributes"},"_links":{"self":[{"href":"https:\/\/www.headshop.nl\/pt\/wp-json\/wp\/v2\/product\/37392","targetHints":{"allow":["GET"]}}],"collection":[{"href":"https:\/\/www.headshop.nl\/pt\/wp-json\/wp\/v2\/product"}],"about":[{"href":"https:\/\/www.headshop.nl\/pt\/wp-json\/wp\/v2\/types\/product"}],"wp:featuredmedia":[{"embeddable":true,"href":"https:\/\/www.headshop.nl\/pt\/wp-json\/wp\/v2\/media\/37312"}],"wp:attachment":[{"href":"https:\/\/www.headshop.nl\/pt\/wp-json\/wp\/v2\/media?parent=37392"}],"wp:term":[{"taxonomy":"product_brand","embeddable":true,"href":"https:\/\/www.headshop.nl\/pt\/wp-json\/wp\/v2\/product_brand?post=37392"},{"taxonomy":"product_cat","embeddable":true,"href":"https:\/\/www.headshop.nl\/pt\/wp-json\/wp\/v2\/product_cat?post=37392"},{"taxonomy":"product_tag","embeddable":true,"href":"https:\/\/www.headshop.nl\/pt\/wp-json\/wp\/v2\/product_tag?post=37392"}],"curies":[{"name":"wp","href":"https:\/\/api.w.org\/{rel}","templated":true}]}}