{"id":37386,"date":"2025-01-30T08:05:58","date_gmt":"2025-01-30T08:05:58","guid":{"rendered":"https:\/\/www.headshop.nl\/?post_type=product&#038;p=37386"},"modified":"2025-05-23T09:08:04","modified_gmt":"2025-05-23T09:08:04","slug":"amnesia","status":"publish","type":"product","link":"https:\/\/www.headshop.nl\/pt\/amnesia\/","title":{"rendered":"Amnesia - Sementes de vis\u00e3o"},"content":{"rendered":"<h2><span data-sheets-value=\"{&quot;1&quot;:2,&quot;2&quot;:&quot;Amnesia&quot;}\" data-sheets-userformat=\"{&quot;2&quot;:6723,&quot;3&quot;:{&quot;1&quot;:0},&quot;4&quot;:{&quot;1&quot;:2,&quot;2&quot;:16573901},&quot;9&quot;:0,&quot;12&quot;:0,&quot;14&quot;:{&quot;1&quot;:2,&quot;2&quot;:0},&quot;15&quot;:&quot;Arial&quot;}\">Amnesia <\/span>Sementes de can\u00e1bis da Vision Seeds<\/h2>\n<p>Estas sementes de can\u00e1bis s\u00e3o o seu bilhete para uma moca que o deixar\u00e1 literalmente cheio de felicidade e euforia. A Vision Seeds Amnesia \u00e9 uma mistura perfeita de motiva\u00e7\u00e3o criativa e sativa dominante. Esta senhora levar\u00e1 a sua criatividade ao limite com a sua erva energizante que revigora tudo, desde os seus pensamentos aos m\u00fasculos - deixando-lhe inspira\u00e7\u00e3o criativa de sobra.<\/p>\n<p>O seu cheiro \u00e9 bastante subtil, mas s\u00f3 no momento em que \u00e9 acesa \u00e9 que os apreciadores se deparam com uma baforada nebulosa e floral! Os efeitos podem ser sentidos entre 5 a 15 minutos depois de fumada e as pessoas relatam uma sensa\u00e7\u00e3o de felicidade misturada com efeitos cerebrais mais intensos.<\/p>","protected":false},"excerpt":{"rendered":"<p>Cultivar can\u00e1bis dentro de casa \u00e9 emocionante, mas h\u00e1 muitas coisas a aprender antes de se tornar um especialista no cultivo por si pr\u00f3prio. As sementes de can\u00e1bis Amnesia s\u00e3o a introdu\u00e7\u00e3o perfeita para principiantes a este novo mundo de cultivo, com uma variedade de Sativa de flora\u00e7\u00e3o r\u00e1pida que se liga rapidamente.<\/p>","protected":false},"featured_media":37304,"template":"","meta":[],"product_brand":[],"product_cat":[950,297,467,465],"product_tag":[],"class_list":{"0":"post-37386","1":"product","2":"type-product","3":"status-publish","4":"has-post-thumbnail","6":"product_cat-vision-seeds","7":"product_cat-all-products","8":"product_cat-feminized-seeds","9":"product_cat-seedshop","10":"product_shipping_class-creditcard-on","12":"first","13":"instock","14":"taxable","15":"shipping-taxable","16":"purchasable","17":"product-type-variable","18":"has-default-attributes"},"_links":{"self":[{"href":"https:\/\/www.headshop.nl\/pt\/wp-json\/wp\/v2\/product\/37386","targetHints":{"allow":["GET"]}}],"collection":[{"href":"https:\/\/www.headshop.nl\/pt\/wp-json\/wp\/v2\/product"}],"about":[{"href":"https:\/\/www.headshop.nl\/pt\/wp-json\/wp\/v2\/types\/product"}],"wp:featuredmedia":[{"embeddable":true,"href":"https:\/\/www.headshop.nl\/pt\/wp-json\/wp\/v2\/media\/37304"}],"wp:attachment":[{"href":"https:\/\/www.headshop.nl\/pt\/wp-json\/wp\/v2\/media?parent=37386"}],"wp:term":[{"taxonomy":"product_brand","embeddable":true,"href":"https:\/\/www.headshop.nl\/pt\/wp-json\/wp\/v2\/product_brand?post=37386"},{"taxonomy":"product_cat","embeddable":true,"href":"https:\/\/www.headshop.nl\/pt\/wp-json\/wp\/v2\/product_cat?post=37386"},{"taxonomy":"product_tag","embeddable":true,"href":"https:\/\/www.headshop.nl\/pt\/wp-json\/wp\/v2\/product_tag?post=37386"}],"curies":[{"name":"wp","href":"https:\/\/api.w.org\/{rel}","templated":true}]}}