{"id":37362,"date":"2025-01-30T07:52:44","date_gmt":"2025-01-30T07:52:44","guid":{"rendered":"https:\/\/www.headshop.nl\/?post_type=product&#038;p=37362"},"modified":"2025-05-23T09:08:09","modified_gmt":"2025-05-23T09:08:09","slug":"ak-49","status":"publish","type":"product","link":"https:\/\/www.headshop.nl\/pt\/ak-49\/","title":{"rendered":"AK-49 - Sementes Vision"},"content":{"rendered":"<h2><span data-sheets-value=\"{&quot;1&quot;:2,&quot;2&quot;:&quot;AK-49&quot;}\" data-sheets-userformat=\"{&quot;2&quot;:14915,&quot;3&quot;:{&quot;1&quot;:0},&quot;4&quot;:{&quot;1&quot;:2,&quot;2&quot;:16773836},&quot;9&quot;:0,&quot;12&quot;:0,&quot;14&quot;:{&quot;1&quot;:2,&quot;2&quot;:0},&quot;15&quot;:&quot;docs-Calibri&quot;,&quot;16&quot;:12}\">AK-49<\/span> Sementes de can\u00e1bis da Vision Seeds<\/h2>\n<p>N\u00e3o \u00e9 de admirar que este velho favorito tenha sido utilizado para o al\u00edvio de dores cr\u00f3nicas, ins\u00f3nias, dores de cabe\u00e7a e para combater os sintomas da TPM - \u00e9 uma senhora muito forte. \u00c9 uma senhora famosa que \u00e9 adorada por muitos...<\/p>\n<p>As sementes de can\u00e1bis Original AK-49 da Vision seeds s\u00e3o as ferramentas perfeitas para cultivar erva excelente. Esta variedade potente, resinosa e compacta foi popularizada nos anos 90 pelos seus efeitos fortes e elevado n\u00edvel de THC. Se quer uma indica de alta qualidade com um fumo inesperadamente suave, estas sementes de can\u00e1bis da AK-47 - AK-49 sister s\u00e3o exatamente o que precisa!<\/p>\n<p>Colha estas sementes para ter a sua pr\u00f3pria colheita incr\u00edvel!<\/p>","protected":false},"excerpt":{"rendered":"<p>Pode sempre contar com a AK-49 Cannabis Seeds para obter alta qualidade e um zumbido euf\u00f3rico. A AK-49 \u00e9 uma variedade poderosa com fumo f\u00e1cil. Esta variedade irm\u00e3 da AK-47 oferece bot\u00f5es de resina de tamanho perfeito que s\u00e3o melhor cultivados em condi\u00e7\u00f5es de alta humidade, a AK-49 funciona rapidamente e n\u00e3o desilude!<\/p>","protected":false},"featured_media":37302,"template":"","meta":[],"product_brand":[],"product_cat":[950,297,467,470,465],"product_tag":[],"class_list":{"0":"post-37362","1":"product","2":"type-product","3":"status-publish","4":"has-post-thumbnail","6":"product_cat-vision-seeds","7":"product_cat-all-products","8":"product_cat-feminized-seeds","9":"product_cat-high-thc-seeds","10":"product_cat-seedshop","11":"product_shipping_class-creditcard-on","13":"first","14":"instock","15":"taxable","16":"shipping-taxable","17":"purchasable","18":"product-type-variable","19":"has-default-attributes"},"_links":{"self":[{"href":"https:\/\/www.headshop.nl\/pt\/wp-json\/wp\/v2\/product\/37362","targetHints":{"allow":["GET"]}}],"collection":[{"href":"https:\/\/www.headshop.nl\/pt\/wp-json\/wp\/v2\/product"}],"about":[{"href":"https:\/\/www.headshop.nl\/pt\/wp-json\/wp\/v2\/types\/product"}],"wp:featuredmedia":[{"embeddable":true,"href":"https:\/\/www.headshop.nl\/pt\/wp-json\/wp\/v2\/media\/37302"}],"wp:attachment":[{"href":"https:\/\/www.headshop.nl\/pt\/wp-json\/wp\/v2\/media?parent=37362"}],"wp:term":[{"taxonomy":"product_brand","embeddable":true,"href":"https:\/\/www.headshop.nl\/pt\/wp-json\/wp\/v2\/product_brand?post=37362"},{"taxonomy":"product_cat","embeddable":true,"href":"https:\/\/www.headshop.nl\/pt\/wp-json\/wp\/v2\/product_cat?post=37362"},{"taxonomy":"product_tag","embeddable":true,"href":"https:\/\/www.headshop.nl\/pt\/wp-json\/wp\/v2\/product_tag?post=37362"}],"curies":[{"name":"wp","href":"https:\/\/api.w.org\/{rel}","templated":true}]}}