{"id":37344,"date":"2025-01-30T10:48:18","date_gmt":"2025-01-30T10:48:18","guid":{"rendered":"https:\/\/www.headshop.nl\/?post_type=product&#038;p=37344"},"modified":"2025-05-23T09:02:32","modified_gmt":"2025-05-23T09:02:32","slug":"auto-white-widow","status":"publish","type":"product","link":"https:\/\/www.headshop.nl\/pt\/auto-white-widow\/","title":{"rendered":"Auto White Widow - Sementes de vis\u00e3o"},"content":{"rendered":"<h2><span data-sheets-value=\"{&quot;1&quot;:2,&quot;2&quot;:&quot;Auto White Widow&quot;}\" data-sheets-userformat=\"{&quot;2&quot;:14915,&quot;3&quot;:{&quot;1&quot;:0},&quot;4&quot;:{&quot;1&quot;:2,&quot;2&quot;:13624051},&quot;9&quot;:0,&quot;12&quot;:0,&quot;14&quot;:{&quot;1&quot;:2,&quot;2&quot;:0},&quot;15&quot;:&quot;Calibri&quot;,&quot;16&quot;:12}\">Auto White Widow<\/span> Sementes de can\u00e1bis da Vision Seeds<\/h2>\n<p>Ao fim de 12 semanas, ter\u00e1 belos bot\u00f5es prontos para serem colhidos na sua estufa de marijuana, suficientemente fortes para sobreviverem at\u00e9 \u00e0s condi\u00e7\u00f5es clim\u00e1ticas mais adversas. N\u00e3o esperem mais, senhoras e senhores! N\u00e3o esperem mais!<\/p>\n<p>As sementes de can\u00e1bis White Widow Auto s\u00e3o o seu novo melhor amigo! Estas sementes de can\u00e1bis de crescimento r\u00e1pido e discreto s\u00e3o perfeitas para cultivadores em climas mais rigorosos. Os seus fortes efeitos relaxantes tornam-nas ideais para o al\u00edvio da ansiedade, enquanto o seu r\u00e1pido tempo de crescimento torna a colheita curta e direta. Comece a cultivar estes beb\u00e9s hoje mesmo!<\/p>\n<p>Esta escolha acess\u00edvel ir\u00e1 acalmar qualquer frenesim, fazendo-o sentir-se \u00e0 vontade com os seus efeitos calmantes sobre a inflama\u00e7\u00e3o, a dor e a ins\u00f3nia. \u00d3timo para uso di\u00e1rio.<\/p>","protected":false},"excerpt":{"rendered":"<p>A White Widow \u00e9 uma das preferidas de muitos. Quer seja para combater o t\u00e9dio, a ansiedade ou a depress\u00e3o, esta variedade faz o truque sem exagerar durante o dia. A melhor parte? Cresce rapidamente! Estirpe de can\u00e1bis Classic para fumadores de can\u00e1bis cl\u00e1ssicos. J\u00e1 sabes o que \u00e9!<\/p>","protected":false},"featured_media":37349,"template":"","meta":[],"product_brand":[],"product_cat":[950,297,466,465],"product_tag":[],"class_list":{"0":"post-37344","1":"product","2":"type-product","3":"status-publish","4":"has-post-thumbnail","6":"product_cat-vision-seeds","7":"product_cat-all-products","8":"product_cat-autoflowering-seeds","9":"product_cat-seedshop","10":"product_shipping_class-creditcard-on","12":"first","13":"instock","14":"taxable","15":"shipping-taxable","16":"purchasable","17":"product-type-variable","18":"has-default-attributes"},"_links":{"self":[{"href":"https:\/\/www.headshop.nl\/pt\/wp-json\/wp\/v2\/product\/37344","targetHints":{"allow":["GET"]}}],"collection":[{"href":"https:\/\/www.headshop.nl\/pt\/wp-json\/wp\/v2\/product"}],"about":[{"href":"https:\/\/www.headshop.nl\/pt\/wp-json\/wp\/v2\/types\/product"}],"wp:featuredmedia":[{"embeddable":true,"href":"https:\/\/www.headshop.nl\/pt\/wp-json\/wp\/v2\/media\/37349"}],"wp:attachment":[{"href":"https:\/\/www.headshop.nl\/pt\/wp-json\/wp\/v2\/media?parent=37344"}],"wp:term":[{"taxonomy":"product_brand","embeddable":true,"href":"https:\/\/www.headshop.nl\/pt\/wp-json\/wp\/v2\/product_brand?post=37344"},{"taxonomy":"product_cat","embeddable":true,"href":"https:\/\/www.headshop.nl\/pt\/wp-json\/wp\/v2\/product_cat?post=37344"},{"taxonomy":"product_tag","embeddable":true,"href":"https:\/\/www.headshop.nl\/pt\/wp-json\/wp\/v2\/product_tag?post=37344"}],"curies":[{"name":"wp","href":"https:\/\/api.w.org\/{rel}","templated":true}]}}