{"id":37239,"date":"2025-01-30T09:02:45","date_gmt":"2025-01-30T09:02:45","guid":{"rendered":"https:\/\/www.headshop.nl\/?post_type=product&#038;p=37239"},"modified":"2025-05-23T09:02:52","modified_gmt":"2025-05-23T09:02:52","slug":"auto-vision-gorilla","status":"publish","type":"product","link":"https:\/\/www.headshop.nl\/pt\/auto-vision-gorilla\/","title":{"rendered":"Auto Vision Gorilla - Sementes de vis\u00e3o"},"content":{"rendered":"<h2><span data-sheets-value=\"{&quot;1&quot;:2,&quot;2&quot;:&quot;Auto Vision Gorilla&quot;}\" data-sheets-userformat=\"{&quot;2&quot;:14915,&quot;3&quot;:{&quot;1&quot;:0},&quot;4&quot;:{&quot;1&quot;:2,&quot;2&quot;:16043212},&quot;9&quot;:0,&quot;12&quot;:0,&quot;14&quot;:{&quot;1&quot;:2,&quot;2&quot;:0},&quot;15&quot;:&quot;Calibri&quot;,&quot;16&quot;:12}\">Auto Vision Gorilla<\/span> Sementes de can\u00e1bis da Vision Seeds<\/h2>\n<p>Esta rapariga est\u00e1 a ser a rainha autoflorescente mais escolhida pela maioria dos principiantes devido ao seu conjunto \u00fanico de caracter\u00edsticas - Vision Gorilla Auto possui um sabor c\u00edtrico, com fortes notas de pinho e sabor agridoce.<\/p>\n<p>As sementes de can\u00e1bis Vision Gorilla Auto s\u00e3o perfeitas para si, se estiver \u00e0 procura de cultivar as suas pr\u00f3prias plantas de can\u00e1bis autoflorescentes que t\u00eam um tempo de flora\u00e7\u00e3o r\u00e1pido e n\u00edveis elevados de THC. E sim, esta variedade \u00e9 resistente a pragas \/ doen\u00e7as, o que a torna ainda melhor porque ningu\u00e9m tem energia para lidar com isso. Com o excelente sabor a citrinos e notas de pinho, esta rapariga \u00e9 perfeita para si!<\/p>","protected":false},"excerpt":{"rendered":"<p>A Vision Seeds Vision Gorilla Auto \u00e9 uma das variedades autoflorescentes mais populares devido aos seus elevados n\u00edveis de THC, ao seu f\u00e1cil cultivo em climas mais frios e aos sabores contempor\u00e2neos que oferece. Naturalmente criada para uso interior pela empresa holandesa Vision Seeds, esta variedade \u00e9 \u00f3ptima para os cultivadores principiantes que procuram come\u00e7ar a cultivar plantas de marijuana autoflorescentes!<\/p>","protected":false},"featured_media":37337,"template":"","meta":[],"product_brand":[],"product_cat":[950,297,466,470,465],"product_tag":[],"class_list":{"0":"post-37239","1":"product","2":"type-product","3":"status-publish","4":"has-post-thumbnail","6":"product_cat-vision-seeds","7":"product_cat-all-products","8":"product_cat-autoflowering-seeds","9":"product_cat-high-thc-seeds","10":"product_cat-seedshop","11":"product_shipping_class-creditcard-on","13":"first","14":"instock","15":"taxable","16":"shipping-taxable","17":"purchasable","18":"product-type-variable","19":"has-default-attributes"},"_links":{"self":[{"href":"https:\/\/www.headshop.nl\/pt\/wp-json\/wp\/v2\/product\/37239","targetHints":{"allow":["GET"]}}],"collection":[{"href":"https:\/\/www.headshop.nl\/pt\/wp-json\/wp\/v2\/product"}],"about":[{"href":"https:\/\/www.headshop.nl\/pt\/wp-json\/wp\/v2\/types\/product"}],"wp:featuredmedia":[{"embeddable":true,"href":"https:\/\/www.headshop.nl\/pt\/wp-json\/wp\/v2\/media\/37337"}],"wp:attachment":[{"href":"https:\/\/www.headshop.nl\/pt\/wp-json\/wp\/v2\/media?parent=37239"}],"wp:term":[{"taxonomy":"product_brand","embeddable":true,"href":"https:\/\/www.headshop.nl\/pt\/wp-json\/wp\/v2\/product_brand?post=37239"},{"taxonomy":"product_cat","embeddable":true,"href":"https:\/\/www.headshop.nl\/pt\/wp-json\/wp\/v2\/product_cat?post=37239"},{"taxonomy":"product_tag","embeddable":true,"href":"https:\/\/www.headshop.nl\/pt\/wp-json\/wp\/v2\/product_tag?post=37239"}],"curies":[{"name":"wp","href":"https:\/\/api.w.org\/{rel}","templated":true}]}}