{"id":37230,"date":"2025-01-30T09:02:38","date_gmt":"2025-01-30T09:02:38","guid":{"rendered":"https:\/\/www.headshop.nl\/?post_type=product&#038;p=37230"},"modified":"2025-05-23T09:03:06","modified_gmt":"2025-05-23T09:03:06","slug":"auto-vision-caramello","status":"publish","type":"product","link":"https:\/\/www.headshop.nl\/pt\/auto-vision-caramello\/","title":{"rendered":"Auto Vision Caramello - Sementes de vis\u00e3o"},"content":{"rendered":"<h2><span data-sheets-value=\"{&quot;1&quot;:2,&quot;2&quot;:&quot;Auto Vision Caramello&quot;}\" data-sheets-userformat=\"{&quot;2&quot;:14915,&quot;3&quot;:{&quot;1&quot;:0},&quot;4&quot;:{&quot;1&quot;:2,&quot;2&quot;:16777215},&quot;9&quot;:0,&quot;12&quot;:0,&quot;14&quot;:{&quot;1&quot;:2,&quot;2&quot;:0},&quot;15&quot;:&quot;Calibri&quot;,&quot;16&quot;:12}\">Auto Vision Caramello<\/span> Sementes de can\u00e1bis da Vision Seeds<\/h2>\n<p>As sementes de can\u00e1bis Auto Vision Caramello s\u00e3o uma \u00f3ptima escolha para todos os fumadores de can\u00e1bis atrevidos e ultra-doces do mundo! Espera-se que estas sementes tenham n\u00edveis mais elevados de CBD, o que torna as baforadas mais suaves, embora continuem a ser espessas com resina.<\/p>\n<p>Prepara-te para ser surpreendido quando experimentares este sabor rico em terpenos de fazer crescer \u00e1gua na boca. H\u00e1 um bom n\u00edvel de CBD neste beb\u00e9, o que torna o efeito agrad\u00e1vel e relaxante. \u00c9 mesmo a rainha do caramelo que procuravas? Podes crer!<\/p>","protected":false},"excerpt":{"rendered":"<p>A Vision's Caramello Auto \u00e9 uma variedade feminizada que tamb\u00e9m tem CBD elevado. Desfrute do agrad\u00e1vel sabor a caramelo desta fant\u00e1stica semente de can\u00e1bis h\u00edbrida! As flores doces e fortes s\u00e3o perfeitas para quem quer desfrutar de caramelos fedorentos com uma aura de calma. Espera uma baforada muito equilibrada, meu caro amigo pedrado!<\/p>","protected":false},"featured_media":37272,"template":"","meta":[],"product_brand":[],"product_cat":[950,297,466,470,465],"product_tag":[],"class_list":{"0":"post-37230","1":"product","2":"type-product","3":"status-publish","4":"has-post-thumbnail","6":"product_cat-vision-seeds","7":"product_cat-all-products","8":"product_cat-autoflowering-seeds","9":"product_cat-high-thc-seeds","10":"product_cat-seedshop","11":"product_shipping_class-creditcard-on","13":"first","14":"instock","15":"taxable","16":"shipping-taxable","17":"purchasable","18":"product-type-variable","19":"has-default-attributes"},"_links":{"self":[{"href":"https:\/\/www.headshop.nl\/pt\/wp-json\/wp\/v2\/product\/37230","targetHints":{"allow":["GET"]}}],"collection":[{"href":"https:\/\/www.headshop.nl\/pt\/wp-json\/wp\/v2\/product"}],"about":[{"href":"https:\/\/www.headshop.nl\/pt\/wp-json\/wp\/v2\/types\/product"}],"wp:featuredmedia":[{"embeddable":true,"href":"https:\/\/www.headshop.nl\/pt\/wp-json\/wp\/v2\/media\/37272"}],"wp:attachment":[{"href":"https:\/\/www.headshop.nl\/pt\/wp-json\/wp\/v2\/media?parent=37230"}],"wp:term":[{"taxonomy":"product_brand","embeddable":true,"href":"https:\/\/www.headshop.nl\/pt\/wp-json\/wp\/v2\/product_brand?post=37230"},{"taxonomy":"product_cat","embeddable":true,"href":"https:\/\/www.headshop.nl\/pt\/wp-json\/wp\/v2\/product_cat?post=37230"},{"taxonomy":"product_tag","embeddable":true,"href":"https:\/\/www.headshop.nl\/pt\/wp-json\/wp\/v2\/product_tag?post=37230"}],"curies":[{"name":"wp","href":"https:\/\/api.w.org\/{rel}","templated":true}]}}