{"id":37206,"date":"2025-01-30T09:02:15","date_gmt":"2025-01-30T09:02:15","guid":{"rendered":"https:\/\/www.headshop.nl\/?post_type=product&#038;p=37206"},"modified":"2025-05-23T09:04:37","modified_gmt":"2025-05-23T09:04:37","slug":"auto-amnesia-haze","status":"publish","type":"product","link":"https:\/\/www.headshop.nl\/pt\/auto-amnesia-haze\/","title":{"rendered":"Auto Amnesia Haze - Sementes de vis\u00e3o"},"content":{"rendered":"<h2>Auto Amnesia Haze Sementes de can\u00e1bis da Vision Seeds<\/h2>\n<p>Uau! Estas sementes de can\u00e1bis Auto Amnesia Haze da Vision Seeds s\u00e3o o sonho de um criador autom\u00e1tico de plantas. Um cruzamento entre Sativa intensa, a estirpe Amnesia Haze e Ruderalis, esta pequena senhora tem uma enorme quantidade de poder com rendimentos que correspondem \u00e0s suas incr\u00edveis caracter\u00edsticas.<\/p>\n<p>Por vezes, um cultivador s\u00f3 quer tirar um dia de folga. A Amnesia Haze \u00e9 conhecida por ser uma das variedades autoflorescentes mais produtivas que existem, mas isso n\u00e3o significa que se tenha de trabalhar tanto como ela. Com as sementes de can\u00e1bis Auto AMNESIA HAZE da Vision Seeds, \u00e9 finalmente poss\u00edvel para os cultivadores com hor\u00e1rios ocupados desfrutar de alguma erva sem se preocuparem com o que precisa de ser feito a seguir! Obter\u00e1 rendimentos saud\u00e1veis desta planta min\u00fascula e uma produ\u00e7\u00e3o espetacular de resina, tudo isto com pouco tempo de dedica\u00e7\u00e3o. \u00d3ptima variedade.<\/p>","protected":false},"excerpt":{"rendered":"<p>As sementes de can\u00e1bis Vision Seeds Amnesia Haze Auto s\u00e3o as favoritas no nosso cultivo ao ar livre! Mais fumo louco e digno de rendimento com um incr\u00edvel efeito Sativa. Veja estas sementes de can\u00e1bis autom\u00e1ticas da Vision Seeds, se quiser fumar erva de alta qualidade que cresce automaticamente!<\/p>","protected":false},"featured_media":37278,"template":"","meta":[],"product_brand":[],"product_cat":[950,297,466,470,465],"product_tag":[],"class_list":{"0":"post-37206","1":"product","2":"type-product","3":"status-publish","4":"has-post-thumbnail","6":"product_cat-vision-seeds","7":"product_cat-all-products","8":"product_cat-autoflowering-seeds","9":"product_cat-high-thc-seeds","10":"product_cat-seedshop","11":"product_shipping_class-creditcard-on","13":"first","14":"instock","15":"taxable","16":"shipping-taxable","17":"purchasable","18":"product-type-variable","19":"has-default-attributes"},"_links":{"self":[{"href":"https:\/\/www.headshop.nl\/pt\/wp-json\/wp\/v2\/product\/37206","targetHints":{"allow":["GET"]}}],"collection":[{"href":"https:\/\/www.headshop.nl\/pt\/wp-json\/wp\/v2\/product"}],"about":[{"href":"https:\/\/www.headshop.nl\/pt\/wp-json\/wp\/v2\/types\/product"}],"wp:featuredmedia":[{"embeddable":true,"href":"https:\/\/www.headshop.nl\/pt\/wp-json\/wp\/v2\/media\/37278"}],"wp:attachment":[{"href":"https:\/\/www.headshop.nl\/pt\/wp-json\/wp\/v2\/media?parent=37206"}],"wp:term":[{"taxonomy":"product_brand","embeddable":true,"href":"https:\/\/www.headshop.nl\/pt\/wp-json\/wp\/v2\/product_brand?post=37206"},{"taxonomy":"product_cat","embeddable":true,"href":"https:\/\/www.headshop.nl\/pt\/wp-json\/wp\/v2\/product_cat?post=37206"},{"taxonomy":"product_tag","embeddable":true,"href":"https:\/\/www.headshop.nl\/pt\/wp-json\/wp\/v2\/product_tag?post=37206"}],"curies":[{"name":"wp","href":"https:\/\/api.w.org\/{rel}","templated":true}]}}