{"id":37203,"date":"2025-01-30T08:48:12","date_gmt":"2025-01-30T08:48:12","guid":{"rendered":"https:\/\/www.headshop.nl\/?post_type=product&#038;p=37203"},"modified":"2025-05-23T09:04:45","modified_gmt":"2025-05-23T09:04:45","slug":"auto-ak-49","status":"publish","type":"product","link":"https:\/\/www.headshop.nl\/pt\/auto-ak-49\/","title":{"rendered":"Auto AK-49 - Sementes de vis\u00e3o"},"content":{"rendered":"<h2>Auto AK-49 Sementes de can\u00e1bis da Vision Seeds<\/h2>\n<p>As sementes de can\u00e1bis Auto AK-49 s\u00e3o simples de cultivar, h\u00famidas e f\u00e1ceis para principiantes.<\/p>\n<p>A AK-49 Auto Cannabis Seeds da Vision Seeds \u00e9 a nova e pequena beleza de flora\u00e7\u00e3o autom\u00e1tica que proporciona uma a\u00e7\u00e3o de grande impacto com pouco esfor\u00e7o da sua parte. Cruzando perfeitamente duas f\u00eameas de duas ra\u00e7as poderosas - AK-49 e Lowryder - esta ser\u00e1 provavelmente uma das suas sementes favoritas de sempre, porque n\u00e3o s\u00f3 lhe d\u00e1 tudo o que procura numa planta (membros fortes e robustos, onde os bot\u00f5es espessos atingem o solo), mas tamb\u00e9m oferece fortes aromas de skunk juntamente com algumas nuances frescas. Tudo combinado resulta em vers\u00f5es min\u00fasculas de uma das variedades mais conhecidas do mundo: AK-49!<\/p>","protected":false},"excerpt":{"rendered":"<p>Este cruzamento perfeito da AK-49 com a Lowryder resultou numa vers\u00e3o est\u00e1vel, f\u00e1cil de cultivar e pequena da mundialmente famosa e poderosa AK-49 que toda a gente conhece e adora. Os bot\u00f5es s\u00e3o bastante compactos e densamente preenchidos com p\u00ealos pesados de tricomas. O aroma \u00e9 forte mas suficientemente forte para manter a sua doce frescura.<\/p>","protected":false},"featured_media":37276,"template":"","meta":[],"product_brand":[],"product_cat":[950,297,466,470,465],"product_tag":[],"class_list":{"0":"post-37203","1":"product","2":"type-product","3":"status-publish","4":"has-post-thumbnail","6":"product_cat-vision-seeds","7":"product_cat-all-products","8":"product_cat-autoflowering-seeds","9":"product_cat-high-thc-seeds","10":"product_cat-seedshop","11":"product_shipping_class-creditcard-on","13":"first","14":"instock","15":"taxable","16":"shipping-taxable","17":"purchasable","18":"product-type-variable","19":"has-default-attributes"},"_links":{"self":[{"href":"https:\/\/www.headshop.nl\/pt\/wp-json\/wp\/v2\/product\/37203","targetHints":{"allow":["GET"]}}],"collection":[{"href":"https:\/\/www.headshop.nl\/pt\/wp-json\/wp\/v2\/product"}],"about":[{"href":"https:\/\/www.headshop.nl\/pt\/wp-json\/wp\/v2\/types\/product"}],"wp:featuredmedia":[{"embeddable":true,"href":"https:\/\/www.headshop.nl\/pt\/wp-json\/wp\/v2\/media\/37276"}],"wp:attachment":[{"href":"https:\/\/www.headshop.nl\/pt\/wp-json\/wp\/v2\/media?parent=37203"}],"wp:term":[{"taxonomy":"product_brand","embeddable":true,"href":"https:\/\/www.headshop.nl\/pt\/wp-json\/wp\/v2\/product_brand?post=37203"},{"taxonomy":"product_cat","embeddable":true,"href":"https:\/\/www.headshop.nl\/pt\/wp-json\/wp\/v2\/product_cat?post=37203"},{"taxonomy":"product_tag","embeddable":true,"href":"https:\/\/www.headshop.nl\/pt\/wp-json\/wp\/v2\/product_tag?post=37203"}],"curies":[{"name":"wp","href":"https:\/\/api.w.org\/{rel}","templated":true}]}}