{"id":37198,"date":"2021-09-28T11:55:37","date_gmt":"2021-09-28T11:55:37","guid":{"rendered":"https:\/\/www.headshop.nl\/?post_type=product&#038;p=37198"},"modified":"2026-02-19T01:26:18","modified_gmt":"2026-02-19T01:26:18","slug":"aphrodite-sex-herbs","status":"publish","type":"product","link":"https:\/\/www.headshop.nl\/pt\/aphrodite-sex-herbs\/","title":{"rendered":"Aphrodite Sex Herbs"},"content":{"rendered":"<h2>O que \u00e9 a mistura Aphrodite?<\/h2>\n<p>O Aphrodite Mix da Indian Elements \u00e9 uma mistura de ervas cuidadosamente elaborada, concebida para melhorar naturalmente a intimidade, aumentar a libido e promover o relaxamento. Apresenta cinco ingredientes potentes - Damiana, trevo vermelho, menta, cal\u00eandula e flor de laranjeira - que trabalham em conjunto para proporcionar uma experi\u00eancia calmante e estimulante. Esta mistura \u00e9 ideal para quem procura melhorar o bem-estar sexual, elevar o humor e criar uma sensa\u00e7\u00e3o de euforia e bem-estar.<\/p>\n<p>O Damiana, o ingrediente principal desta mistura, \u00e9 conhecido pelos seus efeitos afrodis\u00edacos, historicamente utilizado para aumentar a libido e estimular o desejo. O Trevo Vermelho e a Flor de Laranjeira trazem notas florais delicadas, contribuindo para as qualidades calmantes da mistura. A hortel\u00e3 proporciona uma explos\u00e3o refrescante, melhorando a experi\u00eancia sensorial, enquanto a cal\u00eandula acrescenta um toque calmante. Esta mistura \u00e9 perfeita para quem procura uma forma natural e hol\u00edstica de melhorar as suas experi\u00eancias \u00edntimas e a sua disposi\u00e7\u00e3o geral.<\/p>\n<h2>Hist\u00f3ria da mistura Aphrodite<\/h2>\n<p>Inspirada na antiga deusa grega do amor, da beleza e da sexualidade, Aphrodite, esta mistura traz consigo uma rica tradi\u00e7\u00e3o de rem\u00e9dios \u00e0 base de ervas utilizados para melhorar o amor e a intimidade. Nos tempos antigos, as pessoas ofereciam tributos a Aphrodite na esperan\u00e7a de melhorar as suas vidas rom\u00e2nticas e f\u00edsicas. As ervas da mistura Aphrodite t\u00eam um significado hist\u00f3rico, sendo a Damiana utilizada durante s\u00e9culos na Am\u00e9rica Central e do Sul como afrodis\u00edaco natural para estimular o desejo e aumentar a energia.<\/p>\n<p>O trevo vermelho e a flor de laranjeira s\u00e3o utilizados h\u00e1 muito tempo em po\u00e7\u00f5es de amor devido \u00e0s suas qualidades calmantes e sensuais, enquanto a hortel\u00e3 \u00e9 um s\u00edmbolo de vitalidade, muitas vezes utilizada para aumentar os sentidos. Estas ervas s\u00e3o agora combinadas para criar uma mistura que n\u00e3o s\u00f3 aumenta a intimidade como tamb\u00e9m promove o relaxamento e uma sensa\u00e7\u00e3o de euforia. A Mistura Aphrodite continua a tradi\u00e7\u00e3o de utilizar os dons da natureza para melhorar as liga\u00e7\u00f5es rom\u00e2nticas, oferecendo uma solu\u00e7\u00e3o moderna para o aumento natural da intimidade.<\/p>\n<h2>Como utilizar a mistura Aphrodite<\/h2>\n<p>Para desfrutar plenamente dos benef\u00edcios da mistura Aphrodite, recomenda-se a prepara\u00e7\u00e3o de um ch\u00e1 de ervas forte. Basta mergulhar um grama da mistura em \u00e1gua quente durante 5-10 minutos, permitindo que as ervas libertem os seus potentes aromas e propriedades terap\u00eauticas. O ch\u00e1 resultante \u00e9 simultaneamente refrescante e relaxante, perfeito para descontrair e melhorar o seu ser\u00e3o.<\/p>\n<p>Para uma experi\u00eancia memor\u00e1vel, partilhe o ch\u00e1 com o seu parceiro ou amigos, uma vez que a mistura foi concebida para melhorar o humor e promover a intimidade. As propriedades afrodis\u00edacas da mistura, combinadas com a sua capacidade de promover o relaxamento, podem preparar o terreno para uma noite euf\u00f3rica e apaixonada. \u00c9 importante utilizar a mistura Aphrodite com modera\u00e7\u00e3o - um grama por dia \u00e9 a dose recomendada para evitar efeitos demasiado fortes. Assim, garante-se que se tira o m\u00e1ximo partido desta potente mistura de ervas em ocasi\u00f5es especiais.<\/p>\n<h2>Ingredientes da mistura Aphrodite<\/h2>\n<p>A mistura Aphrodite combina cinco ervas naturais, cuidadosamente selecionadas, conhecidas pelos seus efeitos estimulantes, calmantes e de melhoria do humor. O Damiana, o ingrediente principal, \u00e9 amplamente reconhecido pelas suas propriedades afrodis\u00edacas, tendo sido utilizado durante s\u00e9culos para aumentar o desejo sexual e melhorar os n\u00edveis de energia. O trevo vermelho \u00e9 adicionado pelas suas qualidades calmantes, apoiando a sa\u00fade geral e promovendo um comportamento calmo. A menta melhora a experi\u00eancia sensorial, acrescentando um toque refrescante que revigora a mente e o corpo.<\/p>\n<p>A Cal\u00eandula oferece propriedades calmantes e relaxantes adicionais, melhorando ainda mais a experi\u00eancia geral. A Flor de Laranjeira completa a mistura com uma fragr\u00e2ncia doce e floral que promove a tranquilidade e a sensualidade. Juntos, estes ingredientes criam uma f\u00f3rmula poderosa que pode melhorar as experi\u00eancias \u00edntimas e aumentar o seu bem-estar geral. Esta mistura natural e vegana 100% n\u00e3o cont\u00e9m aditivos artificiais, oferecendo uma forma segura e hol\u00edstica de melhorar o humor e a intimidade.<\/p>\n<p><strong>Aviso:<\/strong><\/p>\n<p>N\u00e3o utilizar se tiver menos de 18 anos de idade. Manter fora do alcance das crian\u00e7as. N\u00e3o recomendado a pessoas com problemas renais ou card\u00edacos, tens\u00e3o arterial alta ou baixa, diabetes ou que estejam a tomar medicamentos, \u00e1lcool ou drogas. Este produto n\u00e3o \u00e9 um medicamento e n\u00e3o deve ser utilizado como tal. Trata-se de um suplemento alimentar e deve ser utilizado em conformidade. N\u00e3o comprar se o selo estiver violado.<\/p>","protected":false},"excerpt":{"rendered":"<p>Indian Elements' Aphrodite Mix \u00e9 uma mistura de ervas premium concebida para melhorar a intimidade, aumentar a libido e elevar o humor. Composta por Damiana, trevo vermelho, menta, cal\u00eandula e flor de laranjeira, esta mistura oferece estimula\u00e7\u00e3o natural, relaxamento e euforia. Perfeita para preparar o ambiente para uma noite apaixonada, combina o poder de ervas seculares para revigorar os sentidos e melhorar o bem-estar geral.<\/p>","protected":false},"featured_media":82145,"template":"","meta":[],"product_brand":[],"product_cat":[389,297,395,457,814,396,405,705,384],"product_tag":[],"class_list":{"0":"post-37198","1":"product","2":"type-product","3":"status-publish","4":"has-post-thumbnail","6":"product_cat-herbs","7":"product_cat-all-products","8":"product_cat-aphrodisiacs","9":"product_cat-herbs-healthshop","10":"product_cat-indian-elements","11":"product_cat-relax","12":"product_cat-relax-herbs","13":"product_cat-sex-shop","14":"product_cat-smartshop","16":"first","17":"instock","18":"taxable","19":"shipping-taxable","20":"purchasable","21":"product-type-variable","22":"has-default-attributes"},"_links":{"self":[{"href":"https:\/\/www.headshop.nl\/pt\/wp-json\/wp\/v2\/product\/37198","targetHints":{"allow":["GET"]}}],"collection":[{"href":"https:\/\/www.headshop.nl\/pt\/wp-json\/wp\/v2\/product"}],"about":[{"href":"https:\/\/www.headshop.nl\/pt\/wp-json\/wp\/v2\/types\/product"}],"wp:featuredmedia":[{"embeddable":true,"href":"https:\/\/www.headshop.nl\/pt\/wp-json\/wp\/v2\/media\/82145"}],"wp:attachment":[{"href":"https:\/\/www.headshop.nl\/pt\/wp-json\/wp\/v2\/media?parent=37198"}],"wp:term":[{"taxonomy":"product_brand","embeddable":true,"href":"https:\/\/www.headshop.nl\/pt\/wp-json\/wp\/v2\/product_brand?post=37198"},{"taxonomy":"product_cat","embeddable":true,"href":"https:\/\/www.headshop.nl\/pt\/wp-json\/wp\/v2\/product_cat?post=37198"},{"taxonomy":"product_tag","embeddable":true,"href":"https:\/\/www.headshop.nl\/pt\/wp-json\/wp\/v2\/product_tag?post=37198"}],"curies":[{"name":"wp","href":"https:\/\/api.w.org\/{rel}","templated":true}]}}