{"id":37197,"date":"2021-09-28T11:47:43","date_gmt":"2021-09-28T11:47:43","guid":{"rendered":"https:\/\/www.headshop.nl\/?post_type=product&#038;p=37197"},"modified":"2026-02-19T01:26:19","modified_gmt":"2026-02-19T01:26:19","slug":"muira-puama-herbs","status":"publish","type":"product","link":"https:\/\/www.headshop.nl\/pt\/muira-puama-herbs\/","title":{"rendered":"Muira Puama Herbs"},"content":{"rendered":"<h2>O que \u00e9 o Muira Puama?<\/h2>\n<p>Muira Puama, cientificamente conhecido como Ptychopetalum Olacoides, \u00e9 uma planta tropical nativa da floresta amaz\u00f3nica no Brasil. Tem sido usada h\u00e1 s\u00e9culos por tribos ind\u00edgenas pelos seus efeitos potentes na sa\u00fade sexual e na vitalidade geral. Muitas vezes referido como \"Potency Wood\", o Muira Puama \u00e9 amplamente conhecido pela sua capacidade de atuar como um poderoso afrodis\u00edaco, aumentando a libido e melhorando a fun\u00e7\u00e3o sexual tanto em homens como em mulheres.<\/p>\n<p>Para al\u00e9m dos seus benef\u00edcios para a sa\u00fade sexual, a Muira Puama \u00e9 tamb\u00e9m reconhecida pelo seu potencial para aliviar o stress e reduzir as dores nas articula\u00e7\u00f5es. Esta versatilidade torna-a uma erva valiosa n\u00e3o s\u00f3 para melhorar a intimidade, mas tamb\u00e9m para apoiar o bem-estar geral. A erva \u00e9 mais comummente consumida sob a forma de ch\u00e1, onde os seus efeitos podem ser sentidos de forma r\u00e1pida e eficaz. Devido \u00e0s suas propriedades suaves mas poderosas, a Muira Puama continua a ser uma escolha popular entre aqueles que procuram um rem\u00e9dio natural para melhorar a sua vitalidade e disposi\u00e7\u00e3o.<\/p>\n<h2>Hist\u00f3ria do Muira Puama<\/h2>\n<p>O Muira Puama tem uma hist\u00f3ria rica que remonta h\u00e1 s\u00e9culos aos povos ind\u00edgenas da Amaz\u00f3nia. Estas tribos h\u00e1 muito que utilizam a casca e as ra\u00edzes da \u00e1rvore Muira Puama para uma variedade de fins medicinais. Uma das suas utiliza\u00e7\u00f5es mais not\u00e1veis foi como afrodis\u00edaco, ajudando a aumentar o desejo sexual e a melhorar o desempenho. O nome \"Potency Wood\" vem da sua reputa\u00e7\u00e3o bem estabelecida como um estimulante natural da libido.<\/p>\n<p>Na medicina tradicional brasileira, a Muira Puama era tamb\u00e9m utilizada para tratar doen\u00e7as como a fadiga, o stress e as dores nas articula\u00e7\u00f5es. Os efeitos estimulantes da erva, tanto no corpo como na mente, fizeram dela uma parte essencial da farmacopeia local. Com o tempo, a fama do Muira Puama espalhou-se para al\u00e9m do Brasil, e hoje em dia \u00e9 utilizado em todo o mundo como suplemento para apoiar a sa\u00fade sexual, a redu\u00e7\u00e3o do stress e a vitalidade geral.<\/p>\n<p>\u00c0 medida que a medicina moderna \u00e0 base de plantas continua a crescer em popularidade, a Muira Puama continua a ser uma das plantas mais respeitadas e procuradas para melhorar o bem-estar f\u00edsico e mental.<\/p>\n<h2>Como utilizar o Muira Puama<\/h2>\n<p>O Muira Puama \u00e9 normalmente consumido sob a forma de ch\u00e1, que \u00e9 considerado a forma mais eficaz de sentir os seus benef\u00edcios. Para preparar o ch\u00e1, basta mergulhar 1 grama da erva Muira Puama em \u00e1gua quente e beber diariamente. Esta dosagem \u00e9 recomendada para quem procura aumentar a libido, reduzir o stress ou aliviar as dores nas articula\u00e7\u00f5es. Para obter melhores resultados, \u00e9 aconselh\u00e1vel usar a erva regularmente para experimentar toda a sua gama de efeitos.<\/p>\n<p>A Muira Puama tamb\u00e9m pode ser combinada com outras ervas, como a Damiana, para aumentar ainda mais os seus efeitos afrodis\u00edacos e a sua pot\u00eancia geral. A versatilidade desta erva permite diferentes m\u00e9todos de prepara\u00e7\u00e3o, incluindo tinturas ou c\u00e1psulas, dependendo da prefer\u00eancia pessoal.<\/p>\n<p>Ao usar o Muira Puama, \u00e9 importante seguir a dosagem recomendada e monitorizar a resposta do seu corpo. Os seus efeitos podem ser mais pronunciados quando tomado de forma consistente ao longo do tempo, tornando-o um complemento valioso para uma rotina di\u00e1ria de bem-estar.<\/p>\n<h2>Ingredientes de Muira Puama<\/h2>\n<p>O ingrediente ativo do Muira Puama \u00e9 o Ptychopetalum Olacoides, uma planta tropical que cont\u00e9m uma variedade de compostos bioactivos. Pensa-se que estes compostos s\u00e3o respons\u00e1veis pelos poderosos efeitos afrodis\u00edacos e anti-stress do Muira Puama. A casca e as ra\u00edzes da planta cont\u00eam alcal\u00f3ides e outros compostos que interagem com os sistemas do corpo para melhorar a fun\u00e7\u00e3o sexual, aumentar a libido e promover uma sensa\u00e7\u00e3o de bem-estar.<\/p>\n<p>Para al\u00e9m dos seus benef\u00edcios prim\u00e1rios, o Muira Puama tamb\u00e9m oferece propriedades anti-inflamat\u00f3rias e analg\u00e9sicas, tornando-o eficaz para dores nas articula\u00e7\u00f5es e desconforto muscular. A presen\u00e7a destes compostos bioactivos faz do Muira Puama n\u00e3o s\u00f3 um afrodis\u00edaco, mas tamb\u00e9m uma erva hol\u00edstica que apoia a sa\u00fade e a vitalidade gerais.<\/p>\n<p>Ao combinar os benef\u00edcios da melhoria sexual, do al\u00edvio do stress e da redu\u00e7\u00e3o da dor nas articula\u00e7\u00f5es, o Muira Puama tornou-se uma erva muito procurada por quem procura uma solu\u00e7\u00e3o natural e completa de bem-estar.<\/p>\n<p><strong>Aviso:<\/strong><br \/>\nO Muira Puama destina-se a pessoas com mais de 18 anos de idade. Manter fora do alcance das crian\u00e7as. Esta erva \u00e9 um inibidor da MAO e n\u00e3o deve ser usada por indiv\u00edduos com problemas renais ou card\u00edacos, tens\u00e3o arterial alta ou baixa, diabetes, ou sob a influ\u00eancia de medicamentos, drogas ou \u00e1lcool. N\u00e3o \u00e9 um medicamento mas um suplemento alimentar e deve ser tratado como tal. N\u00e3o comprar se o selo estiver violado.<\/p>","protected":false},"excerpt":{"rendered":"<p>Muira Puama \u00e9 uma potente erva afrodis\u00edaca origin\u00e1ria do Brasil, conhecida pela sua capacidade de aumentar a libido e melhorar o desempenho sexual. \u00c9 derivada da casca e das ra\u00edzes da \u00e1rvore Muira Puama e tamb\u00e9m \u00e9 eficaz para o al\u00edvio do stress e das dores nas articula\u00e7\u00f5es. Este rem\u00e9dio natural pode ser consumido como ch\u00e1 e \u00e9 adequado tanto para homens como para mulheres.<\/p>","protected":false},"featured_media":82148,"template":"","meta":[],"product_brand":[],"product_cat":[391,297,395,389,457,814,396,405,705,384],"product_tag":[],"class_list":{"0":"post-37197","1":"product","2":"type-product","3":"status-publish","4":"has-post-thumbnail","6":"product_cat-extracts","7":"product_cat-all-products","8":"product_cat-aphrodisiacs","9":"product_cat-herbs","10":"product_cat-herbs-healthshop","11":"product_cat-indian-elements","12":"product_cat-relax","13":"product_cat-relax-herbs","14":"product_cat-sex-shop","15":"product_cat-smartshop","17":"first","18":"instock","19":"taxable","20":"shipping-taxable","21":"purchasable","22":"product-type-variable","23":"has-default-attributes"},"_links":{"self":[{"href":"https:\/\/www.headshop.nl\/pt\/wp-json\/wp\/v2\/product\/37197","targetHints":{"allow":["GET"]}}],"collection":[{"href":"https:\/\/www.headshop.nl\/pt\/wp-json\/wp\/v2\/product"}],"about":[{"href":"https:\/\/www.headshop.nl\/pt\/wp-json\/wp\/v2\/types\/product"}],"wp:featuredmedia":[{"embeddable":true,"href":"https:\/\/www.headshop.nl\/pt\/wp-json\/wp\/v2\/media\/82148"}],"wp:attachment":[{"href":"https:\/\/www.headshop.nl\/pt\/wp-json\/wp\/v2\/media?parent=37197"}],"wp:term":[{"taxonomy":"product_brand","embeddable":true,"href":"https:\/\/www.headshop.nl\/pt\/wp-json\/wp\/v2\/product_brand?post=37197"},{"taxonomy":"product_cat","embeddable":true,"href":"https:\/\/www.headshop.nl\/pt\/wp-json\/wp\/v2\/product_cat?post=37197"},{"taxonomy":"product_tag","embeddable":true,"href":"https:\/\/www.headshop.nl\/pt\/wp-json\/wp\/v2\/product_tag?post=37197"}],"curies":[{"name":"wp","href":"https:\/\/api.w.org\/{rel}","templated":true}]}}