{"id":37196,"date":"2021-09-28T11:47:41","date_gmt":"2021-09-28T11:47:41","guid":{"rendered":"https:\/\/www.headshop.nl\/?post_type=product&#038;p=37196"},"modified":"2025-01-31T11:21:00","modified_gmt":"2025-01-31T11:21:00","slug":"muira-puama-capsules","status":"publish","type":"product","link":"https:\/\/www.headshop.nl\/pt\/muira-puama-capsules\/","title":{"rendered":"Muira Puama Capsules"},"content":{"rendered":"<h2 data-pm-slice=\"1 1 []\">O que \u00e9 o Muira Puama?<\/h2>\n<p>Muira Puama \u00e9 uma \u00e1rvore tropical nativa da floresta amaz\u00f3nica do Brasil. Durante s\u00e9culos, a sua casca e ra\u00edzes foram utilizadas pelas comunidades ind\u00edgenas para apoiar v\u00e1rias necessidades de sa\u00fade, particularmente para aumentar a vitalidade sexual. Vulgarmente conhecido como \"Potency Wood\", o Muira Puama \u00e9 famoso pelos seus efeitos afrodis\u00edacos e pela sua capacidade de promover a energia e a resist\u00eancia.<\/p>\n<p>Este rem\u00e9dio bot\u00e2nico ganhou reconhecimento mundial pelo seu potencial para melhorar a libido, tornando-o um suplemento natural popular para quem procura melhorar o seu bem-estar \u00edntimo. Para al\u00e9m dos seus benef\u00edcios para a sa\u00fade sexual, o Muira Puama tamb\u00e9m \u00e9 valorizado pela sua capacidade de reduzir o stress e apoiar a sa\u00fade das articula\u00e7\u00f5es. Se procura um aumento de energia, al\u00edvio do stress ou uma melhoria na vitalidade geral, o Muira Puama pode ser a escolha natural ideal.<\/p>\n<h2>A hist\u00f3ria do Muira Puama<\/h2>\n<p>O Muira Puama tem uma hist\u00f3ria rica de utiliza\u00e7\u00e3o entre as tribos da Amaz\u00f3nia, que h\u00e1 muito confiam na sua casca e ra\u00edzes para fins medicinais. Estas comunidades utilizavam a planta principalmente para apoiar a fun\u00e7\u00e3o e o desempenho sexual, mas tamb\u00e9m era valorizada pelo seu papel na redu\u00e7\u00e3o da fadiga e na melhoria da sa\u00fade do sistema nervoso.<\/p>\n<p>\u00c0 medida que os benef\u00edcios da Muira Puama se espalharam, os exploradores e herboristas europeus do s\u00e9culo XIX come\u00e7aram a estudar as propriedades da planta. Atualmente, \u00e9 um ingrediente-chave em muitos suplementos naturais para a sa\u00fade destinados a aumentar a libido, aumentar a energia e apoiar a fun\u00e7\u00e3o cognitiva. A sua reputa\u00e7\u00e3o como um poderoso afrodis\u00edaco continua a torn\u00e1-la uma escolha favorita para quem procura formas naturais de melhorar as suas experi\u00eancias \u00edntimas.<\/p>\n<h2>Como utilizar o Muira Puama<\/h2>\n<p>O Muira Puama encontra-se mais frequentemente na forma de c\u00e1psulas para facilitar o consumo. A dose recomendada \u00e9 de uma c\u00e1psula por ingest\u00e3o, tomada com um copo de \u00e1gua. Para obter resultados \u00f3ptimos, \u00e9 aconselh\u00e1vel incorporar o Muira Puama numa rotina di\u00e1ria de bem-estar.<\/p>\n<p>Este suplemento \u00e9 adequado tanto para homens como para mulheres que procuram uma abordagem natural para melhorar a libido e a vitalidade geral. Enquanto alguns indiv\u00edduos podem sentir os efeitos rapidamente, outros podem notar melhorias graduais ao longo do tempo. O Muira Puama tamb\u00e9m \u00e9 normalmente associado a outros suplementos de ervas, como o Damiana, para aumentar os seus benef\u00edcios.<\/p>\n<p>Para al\u00e9m das suas propriedades afrodis\u00edacas, o Muira Puama \u00e9 tamb\u00e9m reconhecido pelo seu potencial para aliviar o stress e um ligeiro desconforto nas articula\u00e7\u00f5es. Tal como acontece com qualquer suplemento alimentar, \u00e9 essencial seguir a dosagem recomendada e consultar um profissional de sa\u00fade se houver alguma d\u00favida sobre a sua utiliza\u00e7\u00e3o.<\/p>\n<h2>Ingredientes de Muira Puama<\/h2>\n<p>As c\u00e1psulas de Indian Elements' Muira Puama cont\u00eam um \u00fanico ingrediente ativo:<\/p>\n<ul data-spread=\"false\">\n<li><strong>Ptychopetalum Olacoides<\/strong> (Extrato Muira Puama)<\/li>\n<\/ul>\n<p>Esta f\u00f3rmula pura e natural garante que os utilizadores recebem todos os benef\u00edcios do Muira Puama sem aditivos desnecess\u00e1rios. Indian Elements dedica-se a fornecer produtos \u00e0 base de plantas de alta qualidade que s\u00e3o 100% naturais e veganos, tornando-os uma escolha perfeita para quem procura solu\u00e7\u00f5es de sa\u00fade \u00e0 base de plantas.<\/p>\n<p>&nbsp;<\/p>\n<p><strong>Aviso:<\/strong><br \/>\nEste produto destina-se a pessoas com idade igual ou superior a 18 anos. Manter fora do alcance das crian\u00e7as. O Muira Puama \u00e9 um inibidor da MAO e n\u00e3o deve ser utilizado por indiv\u00edduos com problemas renais ou card\u00edacos, tens\u00e3o arterial alta ou baixa, diabetes ou sob a influ\u00eancia de medicamentos, drogas ou \u00e1lcool. Este \u00e9 um suplemento alimentar e deve ser utilizado em conformidade. N\u00e3o utilizar se o selo estiver quebrado.<\/p>\n<p>&nbsp;<\/p>","protected":false},"excerpt":{"rendered":"<p data-pm-slice=\"1 1 []\">Desbloqueia os benef\u00edcios naturais do Muira Puama! Este poderoso suplemento de ervas tem sido tradicionalmente utilizado para apoiar a libido, melhorar o desempenho sexual e promover o bem-estar geral. Adequado tanto para homens como para mulheres, estas c\u00e1psulas pr\u00e1ticas oferecem uma forma natural de estimular o corpo e a mente.<\/p>","protected":false},"featured_media":82151,"template":"","meta":[],"product_brand":[],"product_cat":[457,297,395,389,814,396,405,705,384],"product_tag":[],"class_list":{"0":"post-37196","1":"product","2":"type-product","3":"status-publish","4":"has-post-thumbnail","6":"product_cat-herbs-healthshop","7":"product_cat-all-products","8":"product_cat-aphrodisiacs","9":"product_cat-herbs","10":"product_cat-indian-elements","11":"product_cat-relax","12":"product_cat-relax-herbs","13":"product_cat-sex-shop","14":"product_cat-smartshop","16":"first","17":"instock","18":"taxable","19":"shipping-taxable","20":"purchasable","21":"product-type-variable","22":"has-default-attributes"},"_links":{"self":[{"href":"https:\/\/www.headshop.nl\/pt\/wp-json\/wp\/v2\/product\/37196","targetHints":{"allow":["GET"]}}],"collection":[{"href":"https:\/\/www.headshop.nl\/pt\/wp-json\/wp\/v2\/product"}],"about":[{"href":"https:\/\/www.headshop.nl\/pt\/wp-json\/wp\/v2\/types\/product"}],"wp:featuredmedia":[{"embeddable":true,"href":"https:\/\/www.headshop.nl\/pt\/wp-json\/wp\/v2\/media\/82151"}],"wp:attachment":[{"href":"https:\/\/www.headshop.nl\/pt\/wp-json\/wp\/v2\/media?parent=37196"}],"wp:term":[{"taxonomy":"product_brand","embeddable":true,"href":"https:\/\/www.headshop.nl\/pt\/wp-json\/wp\/v2\/product_brand?post=37196"},{"taxonomy":"product_cat","embeddable":true,"href":"https:\/\/www.headshop.nl\/pt\/wp-json\/wp\/v2\/product_cat?post=37196"},{"taxonomy":"product_tag","embeddable":true,"href":"https:\/\/www.headshop.nl\/pt\/wp-json\/wp\/v2\/product_tag?post=37196"}],"curies":[{"name":"wp","href":"https:\/\/api.w.org\/{rel}","templated":true}]}}