{"id":37189,"date":"2021-09-28T11:11:48","date_gmt":"2021-09-28T11:11:48","guid":{"rendered":"https:\/\/www.headshop.nl\/?post_type=product&#038;p=37189"},"modified":"2025-02-14T08:43:54","modified_gmt":"2025-02-14T08:43:54","slug":"damiana-10x-extract","status":"publish","type":"product","link":"https:\/\/www.headshop.nl\/pt\/damiana-10x-extract\/","title":{"rendered":"Damiana 10X Extract"},"content":{"rendered":"<h2 data-start=\"406\" data-end=\"436\">O que \u00e9 Damiana - 10x Extract?<\/h2>\n<p data-start=\"438\" data-end=\"1122\">Damiana Extract 4g \u00e9 um extrato potente e concentrado de Turnera Diffusa, um arbusto nativo das Am\u00e9ricas. Historicamente, os povos ind\u00edgenas da regi\u00e3o t\u00eam valorizado esta planta pelo seu potencial para aumentar a vitalidade, bem como pelos seus efeitos suaves e edificantes. O extrato \u00e9 particularmente conhecido pela sua capacidade de elevar o humor e melhorar o bem-estar f\u00edsico com apenas uma pequena dose. \u00c9, por isso, uma op\u00e7\u00e3o ideal para quem procura explorar os benef\u00edcios tradicionais do Damiana numa forma mais concentrada e eficaz. Quer seja consumido como ch\u00e1, misturado com \u00e1lcool ou utilizado pelas suas propriedades medicinais, o Damiana continua a ser venerado pela sua capacidade de promover o bem-estar geral.<\/p>\n<h2 data-start=\"1124\" data-end=\"1156\">Hist\u00f3rico de Damiana - 10x Extract<\/h2>\n<p data-start=\"1158\" data-end=\"2068\">A utiliza\u00e7\u00e3o do Damiana Extract remonta a tempos antigos, particularmente nas culturas nativas americanas. Os povos ind\u00edgenas utilizavam o Damiana como rem\u00e9dio para melhorar a sa\u00fade sexual, aumentar a energia e a resist\u00eancia. Era considerado um afrodis\u00edaco e era frequentemente consumido para melhorar o bem-estar f\u00edsico e mental. Para al\u00e9m da sua reputa\u00e7\u00e3o como potente impulsionador da vitalidade, o Damiana tamb\u00e9m tem sido valorizado pelos seus efeitos calmantes e ligeiramente euf\u00f3ricos. Ao longo dos s\u00e9culos, o uso do Damiana espalhou-se por diferentes culturas, particularmente no Mexico e nos pa\u00edses vizinhos. Nestas regi\u00f5es, o Damiana tornou-se um ingrediente preferido em cocktails e misturas medicinais, conhecido pela sua capacidade de amplificar os efeitos do \u00e1lcool. Atualmente, o Damiana Extract continua a ser utilizado de v\u00e1rias formas para aproveitar os benef\u00edcios da planta, com a sua rica hist\u00f3ria e significado cultural a continuarem a influenciar a sua popularidade em todo o mundo.<\/p>\n<h2 data-start=\"2070\" data-end=\"2102\">Como utilizar Damiana - 10x Extract<\/h2>\n<p data-start=\"2104\" data-end=\"2932\">Damiana Extract 4g pode ser consumido de v\u00e1rias formas, permitindo flexibilidade consoante as prefer\u00eancias pessoais. O m\u00e9todo mais comum \u00e9 fazer um ch\u00e1, em que 1 grama do extrato concentrado \u00e9 adicionado \u00e0 \u00e1gua quente. Alguns utilizadores real\u00e7am o sabor adicionando mel, enquanto outros preferem-no na sua forma natural. O Damiana \u00e9 tamb\u00e9m popularmente utilizado em bebidas alco\u00f3licas, particularmente no Mexico, onde \u00e9 adicionado a cocktails, muitas vezes com o objetivo de potenciar os efeitos do \u00e1lcool. A natureza doce do Damiana combina bem com licores, embora muitos utilizadores digam que at\u00e9 a cerveja funciona bem para este fim. Independentemente do m\u00e9todo, o Damiana Extract \u00e9 potente e deve ser usado com modera\u00e7\u00e3o. As suas propriedades estimulantes s\u00e3o mais vis\u00edveis mesmo com uma pequena quantidade, o que a torna um \u00f3timo complemento para uma variedade de bebidas e rotinas de bem-estar.<\/p>\n<h2 data-start=\"2934\" data-end=\"2970\">Ingredientes de Damiana - 10x Extract<\/h2>\n<p data-start=\"2972\" data-end=\"3802\">O ingrediente principal do Damiana Extract 4g \u00e9 a ess\u00eancia concentrada da planta Turnera Diffusa. Este extrato \u00e9 rico em compostos essenciais que contribuem para os seus efeitos terap\u00eauticos. O Damiana \u00e9 conhecido pelos seus alcal\u00f3ides, flavon\u00f3ides e \u00f3leos vol\u00e1teis, que actuam em conjunto para promover o relaxamento, melhorar o humor e aumentar a vitalidade f\u00edsica. A planta cont\u00e9m compostos como a damianina e a arbutina, que se acredita terem propriedades afrodis\u00edacas, tornando o Damiana Extract uma escolha popular para quem procura aumentar a energia ou melhorar a sa\u00fade sexual. Embora o extrato seja frequentemente consumido em ch\u00e1 ou bebidas alco\u00f3licas, \u00e9 importante notar que a sua pot\u00eancia significa que s\u00e3o necess\u00e1rias apenas pequenas quantidades para obter efeitos vis\u00edveis. Damiana Extract \u00e9 natural e n\u00e3o cont\u00e9m aditivos sint\u00e9ticos, oferecendo uma abordagem hol\u00edstica ao bem-estar.<\/p>\n<p data-start=\"3804\" data-end=\"3816\"><strong data-start=\"3804\" data-end=\"3816\">Aviso:<\/strong><\/p>\n<p data-start=\"3818\" data-end=\"4190\" data-is-last-node=\"\">Damiana Extract deve ser utilizado com precau\u00e7\u00e3o. Devido \u00e0 sua pot\u00eancia, \u00e9 importante come\u00e7ar com uma pequena quantidade e avaliar a rea\u00e7\u00e3o do organismo. N\u00e3o exceda a dose recomendada e consulte um profissional de sa\u00fade se estiver gr\u00e1vida, a amamentar ou se tiver algum problema de sa\u00fade subjacente. Lembra-te sempre de usar o Damiana Extract com modera\u00e7\u00e3o para experi\u00eancias seguras e agrad\u00e1veis.<\/p>","protected":false},"excerpt":{"rendered":"<p>Damiana \u00e9 a erva do amor! Damiana 10x Extract \u00e9 outro dos nossos produtos obrigat\u00f3rios e mais populares e sabemos exatamente porqu\u00ea. Tem imensas qualidades m\u00e1gicas: ensina o seu corpo a aumentar a resist\u00eancia sexual, cria sensa\u00e7\u00f5es intensas de prazer durante o ato sexual e aumenta a sensa\u00e7\u00e3o org\u00e1smica tanto para homens como para mulheres. Por isso, tome a sua dose hoje mesmo com este afrodis\u00edaco que o vai deixar todo excitado num instante!<\/p>","protected":false},"featured_media":81929,"template":"","meta":[],"product_brand":[],"product_cat":[391,297,395,389,457,818,396,405,705,384],"product_tag":[],"class_list":{"0":"post-37189","1":"product","2":"type-product","3":"status-publish","4":"has-post-thumbnail","6":"product_cat-extracts","7":"product_cat-all-products","8":"product_cat-aphrodisiacs","9":"product_cat-herbs","10":"product_cat-herbs-healthshop","11":"product_cat-mcmystic","12":"product_cat-relax","13":"product_cat-relax-herbs","14":"product_cat-sex-shop","15":"product_cat-smartshop","17":"first","18":"instock","19":"taxable","20":"shipping-taxable","21":"purchasable","22":"product-type-variable","23":"has-default-attributes"},"_links":{"self":[{"href":"https:\/\/www.headshop.nl\/pt\/wp-json\/wp\/v2\/product\/37189","targetHints":{"allow":["GET"]}}],"collection":[{"href":"https:\/\/www.headshop.nl\/pt\/wp-json\/wp\/v2\/product"}],"about":[{"href":"https:\/\/www.headshop.nl\/pt\/wp-json\/wp\/v2\/types\/product"}],"wp:featuredmedia":[{"embeddable":true,"href":"https:\/\/www.headshop.nl\/pt\/wp-json\/wp\/v2\/media\/81929"}],"wp:attachment":[{"href":"https:\/\/www.headshop.nl\/pt\/wp-json\/wp\/v2\/media?parent=37189"}],"wp:term":[{"taxonomy":"product_brand","embeddable":true,"href":"https:\/\/www.headshop.nl\/pt\/wp-json\/wp\/v2\/product_brand?post=37189"},{"taxonomy":"product_cat","embeddable":true,"href":"https:\/\/www.headshop.nl\/pt\/wp-json\/wp\/v2\/product_cat?post=37189"},{"taxonomy":"product_tag","embeddable":true,"href":"https:\/\/www.headshop.nl\/pt\/wp-json\/wp\/v2\/product_tag?post=37189"}],"curies":[{"name":"wp","href":"https:\/\/api.w.org\/{rel}","templated":true}]}}