{"id":37186,"date":"2021-09-28T10:53:02","date_gmt":"2021-09-28T10:53:02","guid":{"rendered":"https:\/\/www.headshop.nl\/?post_type=product&#038;p=37186"},"modified":"2022-06-27T08:06:35","modified_gmt":"2022-06-27T08:06:35","slug":"venicon-for-men","status":"publish","type":"product","link":"https:\/\/www.headshop.nl\/pt\/venicon-for-men\/","title":{"rendered":"Venicon para Men"},"content":{"rendered":"<h2 class=\"product_title entry-title\">Venicon Comprimidos sexuais para Men<\/h2>\n<p>Est\u00e1 \u00e0 procura de uma forma sem receita m\u00e9dica para manter uma ere\u00e7\u00e3o que dure mais tempo? \u00c9 preciso mais do que apenas uma passagem do seu lubrificante favorito antes de estar pronto para outra investida? Precisa de uma ajuda suave para melhorar a sua libido? Esta nova f\u00f3rmula pode ser exatamente o que precisa. Esta mistura poderosa ir\u00e1 aumentar a sua excita\u00e7\u00e3o, assegurando a capacidade de manter a ere\u00e7\u00e3o durante qualquer encontro sexual.<\/p>\n<p>Com uma mistura avan\u00e7ada de ingredientes, Venicon para Men \u00e9 a \u00fanica forma imediatamente dispon\u00edvel para aumentar drasticamente o seu apetite e desempenho sexual. \u00c9 totalmente natural e segura, esta f\u00f3rmula estimula o fluxo sangu\u00edneo, ajuda-o a relaxar mais profundamente, alarga os vasos perif\u00e9ricos de forma a prevenir a ejacula\u00e7\u00e3o precoce enquanto aumenta o prazer durante o sexo.<\/p>","protected":false},"excerpt":{"rendered":"<p>Se est\u00e1 \u00e0 procura de uma cura sem receita m\u00e9dica para os seus problemas de ere\u00e7\u00e3o e libido, n\u00e3o procure mais, Venicon. Esta f\u00f3rmula \u00fanica e patenteada estimula o fluxo sangu\u00edneo e permite que os utilizadores durem mais tempo durante o sexo. Que a noite selvagem comece agora!<\/p>","protected":false},"featured_media":37167,"template":"","meta":[],"product_brand":[],"product_cat":[395,297,705,384],"product_tag":[],"class_list":{"0":"post-37186","1":"product","2":"type-product","3":"status-publish","4":"has-post-thumbnail","6":"product_cat-aphrodisiacs","7":"product_cat-all-products","8":"product_cat-sex-shop","9":"product_cat-smartshop","11":"first","12":"instock","13":"taxable","14":"shipping-taxable","15":"purchasable","16":"product-type-simple"},"_links":{"self":[{"href":"https:\/\/www.headshop.nl\/pt\/wp-json\/wp\/v2\/product\/37186","targetHints":{"allow":["GET"]}}],"collection":[{"href":"https:\/\/www.headshop.nl\/pt\/wp-json\/wp\/v2\/product"}],"about":[{"href":"https:\/\/www.headshop.nl\/pt\/wp-json\/wp\/v2\/types\/product"}],"wp:featuredmedia":[{"embeddable":true,"href":"https:\/\/www.headshop.nl\/pt\/wp-json\/wp\/v2\/media\/37167"}],"wp:attachment":[{"href":"https:\/\/www.headshop.nl\/pt\/wp-json\/wp\/v2\/media?parent=37186"}],"wp:term":[{"taxonomy":"product_brand","embeddable":true,"href":"https:\/\/www.headshop.nl\/pt\/wp-json\/wp\/v2\/product_brand?post=37186"},{"taxonomy":"product_cat","embeddable":true,"href":"https:\/\/www.headshop.nl\/pt\/wp-json\/wp\/v2\/product_cat?post=37186"},{"taxonomy":"product_tag","embeddable":true,"href":"https:\/\/www.headshop.nl\/pt\/wp-json\/wp\/v2\/product_tag?post=37186"}],"curies":[{"name":"wp","href":"https:\/\/api.w.org\/{rel}","templated":true}]}}